{"id":130,"date":"2025-06-24T02:48:15","date_gmt":"2025-06-24T02:48:15","guid":{"rendered":"https:\/\/alancamposcpr.com\/inicio\/?page_id=130"},"modified":"2025-07-02T17:03:23","modified_gmt":"2025-07-02T23:03:23","slug":"acerca-de-mi","status":"publish","type":"page","link":"https:\/\/alancamposcpr.com\/inicio\/acerca-de-mi\/","title":{"rendered":"Acerca de m\u00ed"},"content":{"rendered":"\n<div class=\"wp-block-group alignfull has-background has-global-padding is-layout-constrained wp-container-core-group-is-layout-669513ed wp-block-group-is-layout-constrained\" style=\"background-color:#d6b380;margin-top:0;margin-bottom:0;padding-top:var(--wp--preset--spacing--50);padding-right:var(--wp--preset--spacing--50);padding-bottom:var(--wp--preset--spacing--50);padding-left:var(--wp--preset--spacing--50)\">\n<div class=\"wp-block-columns alignwide is-layout-flex wp-container-core-columns-is-layout-1da03c2a wp-block-columns-is-layout-flex\">\n<div class=\"wp-block-column is-vertically-aligned-stretch is-layout-flow wp-block-column-is-layout-flow\" style=\"flex-basis:50%\">\n<div class=\"wp-block-group is-vertical is-content-justification-stretch is-layout-flex wp-container-core-group-is-layout-444d5ee8 wp-block-group-is-layout-flex\" style=\"min-height:100%\">\n<p class=\"has-heading-font-family has-xx-large-font-size\" style=\"line-height:1.4\" data-aos=\"fade\"><strong>Cirug\u00eda Pl\u00e1stica con coraz\u00f3n y precisi\u00f3n.<\/strong><\/p>\n\n\n\n<div class=\"wp-block-group has-global-padding is-content-justification-left is-layout-constrained wp-container-core-group-is-layout-9fe8ed88 wp-block-group-is-layout-constrained\">\n<p class=\"wp-container-content-0733e5d0\">Soy Cirujano Pl\u00e1stico, Est\u00e9tico y Reconstructivo Certificado por el Consejo Mexicano de Cirug\u00eda Pl\u00e1stica, Est\u00e9tica y Reconstructiva A.C (CMCPER).<\/p>\n\n\n\n<div class=\"wp-block-buttons is-layout-flex wp-block-buttons-is-layout-flex\" data-aos=\"slide-left\" data-aos-delay=\"400\" data-aos-duration=\"900\">\n<div class=\"wp-block-button\"><a class=\"wp-block-button__link has-background wp-element-button\" href=\"https:\/\/directorio.cmcper.mx\/certificado\/2525\/\" style=\"background-color:#34316c\" target=\"_blank\" rel=\"noreferrer noopener\">Consultar<\/a><\/div>\n<\/div>\n\n\n\n<p class=\"wp-container-content-0733e5d0\"><strong>Dr. Alan Campos Cirujano Pl\u00e1stico<\/strong><\/p>\n<\/div>\n<\/div>\n<\/div>\n\n\n\n<div class=\"wp-block-column is-vertically-aligned-center is-layout-flow wp-block-column-is-layout-flow\" style=\"flex-basis:50%\">\n<figure class=\"wp-block-image size-full is-style-rounded is-style-rounded--1\" data-aos=\"flip-down\" data-aos-delay=\"250\" data-aos-duration=\"1050\"><img loading=\"lazy\" decoding=\"async\" width=\"862\" height=\"1024\" src=\"https:\/\/alancamposcpr.com\/inicio\/wp-content\/uploads\/2025\/06\/doc_BN-copia.jpg\" alt=\"\" class=\"wp-image-513\" style=\"aspect-ratio:3\/4;object-fit:cover\" srcset=\"https:\/\/alancamposcpr.com\/inicio\/wp-content\/uploads\/2025\/06\/doc_BN-copia.jpg 862w, https:\/\/alancamposcpr.com\/inicio\/wp-content\/uploads\/2025\/06\/doc_BN-copia-253x300.jpg 253w, https:\/\/alancamposcpr.com\/inicio\/wp-content\/uploads\/2025\/06\/doc_BN-copia-768x912.jpg 768w\" sizes=\"auto, (max-width: 862px) 100vw, 862px\" \/><\/figure>\n<\/div>\n<\/div>\n<\/div>\n\n\n\n<div class=\"wp-block-group alignfull has-base-background-color has-background has-global-padding is-layout-constrained wp-container-core-group-is-layout-d89aad35 wp-block-group-is-layout-constrained\" style=\"margin-top:0;margin-bottom:0;padding-top:var(--wp--preset--spacing--50);padding-right:var(--wp--preset--spacing--50);padding-bottom:var(--wp--preset--spacing--50);padding-left:var(--wp--preset--spacing--50)\">\n<div class=\"wp-block-columns alignwide is-layout-flex wp-container-core-columns-is-layout-549b0c86 wp-block-columns-is-layout-flex\">\n<div class=\"wp-block-column has-global-padding is-content-justification-left is-layout-constrained wp-container-core-column-is-layout-4f15e8fe wp-block-column-is-layout-constrained\" style=\"flex-basis:40%\">\n<figure class=\"wp-block-image size-large\" data-aos=\"zoom-in\" data-aos-delay=\"800\" data-aos-duration=\"950\"><img loading=\"lazy\" decoding=\"async\" width=\"1024\" height=\"1024\" src=\"https:\/\/alancamposcpr.com\/inicio\/wp-content\/uploads\/2025\/06\/logoAC-1-1024x1024.png\" alt=\"\" class=\"wp-image-150\" srcset=\"https:\/\/alancamposcpr.com\/inicio\/wp-content\/uploads\/2025\/06\/logoAC-1-1024x1024.png 1024w, https:\/\/alancamposcpr.com\/inicio\/wp-content\/uploads\/2025\/06\/logoAC-1-300x300.png 300w, https:\/\/alancamposcpr.com\/inicio\/wp-content\/uploads\/2025\/06\/logoAC-1-150x150.png 150w, https:\/\/alancamposcpr.com\/inicio\/wp-content\/uploads\/2025\/06\/logoAC-1-768x768.png 768w, https:\/\/alancamposcpr.com\/inicio\/wp-content\/uploads\/2025\/06\/logoAC-1-1536x1536.png 1536w, https:\/\/alancamposcpr.com\/inicio\/wp-content\/uploads\/2025\/06\/logoAC-1.png 1772w\" sizes=\"auto, (max-width: 1024px) 100vw, 1024px\" \/><\/figure>\n<\/div>\n\n\n\n<div class=\"wp-block-column is-layout-flow wp-container-core-column-is-layout-119bc444 wp-block-column-is-layout-flow\" style=\"flex-basis:60%\">\n<div class=\"wp-block-columns is-layout-flex wp-container-core-columns-is-layout-87beb0d0 wp-block-columns-is-layout-flex\">\n<div class=\"wp-block-column is-layout-flow wp-block-column-is-layout-flow\">\n<p class=\"wp-container-content-9cfa9a5a\" data-aos=\"flip-up\" data-aos-delay=\"500\" data-aos-duration=\"750\">Desde que comenc\u00e9 a estudiar Medicina en la Facultad de Medicina de la Universidad Nacional Aut\u00f3noma de M\u00e9xico (UNAM), mi objetivo siempre fue ayudar a las personas a obtener una mejor calidad de vida. Mejorar la est\u00e9tica y la funcionalidad de los pacientes los ayuda enormemente a sentirse mejor con ellos mismos, adem\u00e1s de obtener resultados positivos para su salud.<\/p>\n<\/div>\n\n\n\n<div class=\"wp-block-column is-layout-flow wp-block-column-is-layout-flow\">\n<p data-aos=\"flip-down\" data-aos-delay=\"550\" data-aos-duration=\"850\">Como Cirujano Pl\u00e1stico, Est\u00e9tico y Reconstructivo, mi fuerte sentido de \u00e9tica y responsabilidad garantiza que tu seguridad y bienestar sean siempre mi m\u00e1xima prioridad, brind\u00e1ndote un cuidado profesional y compasivo en cada paso del proceso.<\/p>\n<\/div>\n<\/div>\n<\/div>\n<\/div>\n<\/div>\n\n\n\n<div class=\"wp-block-group alignfull has-background is-nowrap is-layout-flex wp-container-core-group-is-layout-b27863a7 wp-block-group-is-layout-flex\" style=\"background-color:#34316c;margin-top:0;margin-bottom:0;padding-top:var(--wp--preset--spacing--50);padding-right:var(--wp--preset--spacing--50);padding-bottom:var(--wp--preset--spacing--50);padding-left:var(--wp--preset--spacing--50)\">\n<div class=\"wp-block-group is-vertical is-content-justification-center is-layout-flex wp-container-core-group-is-layout-ce155fab wp-block-group-is-layout-flex\">\n<h2 class=\"wp-block-heading has-text-align-center has-base-color has-text-color has-link-color has-xx-large-font-size wp-elements-d2ddde513c40d5f1df9f669d9b58e040\">Trayectoria<\/h2>\n<\/div>\n\n\n\n<div style=\"height:var(--wp--preset--spacing--30);width:0px\" aria-hidden=\"true\" class=\"wp-block-spacer wp-container-content-32e3a40d\"><\/div>\n\n\n\n<div class=\"wp-block-columns alignwide is-layout-flex wp-container-core-columns-is-layout-4935966c wp-block-columns-is-layout-flex\" style=\"padding-right:0;padding-left:0\">\n<div class=\"wp-block-column is-layout-flow wp-block-column-is-layout-flow\">\n<figure class=\"wp-block-image size-full is-style-rounded is-style-rounded--2\" data-aos=\"zoom-in\" data-aos-delay=\"350\" data-aos-duration=\"950\"><img loading=\"lazy\" decoding=\"async\" width=\"768\" height=\"1024\" src=\"https:\/\/alancamposcpr.com\/inicio\/wp-content\/uploads\/2025\/06\/FacMedicina.jpg\" alt=\"\" class=\"wp-image-144\" style=\"aspect-ratio:1;object-fit:cover\" srcset=\"https:\/\/alancamposcpr.com\/inicio\/wp-content\/uploads\/2025\/06\/FacMedicina.jpg 768w, https:\/\/alancamposcpr.com\/inicio\/wp-content\/uploads\/2025\/06\/FacMedicina-225x300.jpg 225w\" sizes=\"auto, (max-width: 768px) 100vw, 768px\" \/><\/figure>\n\n\n\n<div class=\"wp-block-group has-base-color has-text-color has-link-color wp-elements-17b0270b278f29d1164d67294116fb5c is-vertical is-content-justification-center is-nowrap is-layout-flex wp-container-core-group-is-layout-21d4e958 wp-block-group-is-layout-flex\">\n<p class=\"has-text-align-center has-small-font-size\"><strong>M\u00e9dico Cirujano<\/strong><\/p>\n\n\n\n<p class=\"has-text-align-center has-small-font-size\">Facultad de Medicina, UNAM<\/p>\n<\/div>\n<\/div>\n\n\n\n<div class=\"wp-block-column is-layout-flow wp-block-column-is-layout-flow\">\n<figure class=\"wp-block-image size-full is-style-rounded is-style-rounded--3\" data-aos=\"zoom-in\" data-aos-delay=\"550\" data-aos-duration=\"900\"><img loading=\"lazy\" decoding=\"async\" width=\"615\" height=\"384\" src=\"https:\/\/alancamposcpr.com\/inicio\/wp-content\/uploads\/2025\/06\/HELa-Raza-1.jpg\" alt=\"\" class=\"wp-image-147\" style=\"aspect-ratio:1;object-fit:cover\" srcset=\"https:\/\/alancamposcpr.com\/inicio\/wp-content\/uploads\/2025\/06\/HELa-Raza-1.jpg 615w, https:\/\/alancamposcpr.com\/inicio\/wp-content\/uploads\/2025\/06\/HELa-Raza-1-300x187.jpg 300w\" sizes=\"auto, (max-width: 615px) 100vw, 615px\" \/><\/figure>\n\n\n\n<div class=\"wp-block-group has-base-color has-text-color has-link-color wp-elements-5b236f3ae306b1866633b64f4ad28e32 is-vertical is-content-justification-center is-nowrap is-layout-flex wp-container-core-group-is-layout-63bfd6c1 wp-block-group-is-layout-flex\">\n<p class=\"has-text-align-center has-small-font-size\"><strong>Cirug\u00eda General<\/strong><\/p>\n\n\n\n<p class=\"has-text-align-center has-small-font-size\">Hospital de Especialidades \u00abDr. Antonio Fraga Mouret\u00bb Centro M\u00e9dico Nacional La Raza<\/p>\n<\/div>\n<\/div>\n\n\n\n<div class=\"wp-block-column has-base-color has-text-color has-link-color wp-elements-970fef274f16ed05f645a4dabc5879b1 is-layout-flow wp-block-column-is-layout-flow\">\n<figure class=\"wp-block-image size-full is-style-rounded is-style-rounded--4\" data-aos=\"zoom-in\" data-aos-delay=\"500\" data-aos-duration=\"850\"><img loading=\"lazy\" decoding=\"async\" width=\"700\" height=\"500\" src=\"https:\/\/alancamposcpr.com\/inicio\/wp-content\/uploads\/2025\/06\/proyecto-046.jpg\" alt=\"\" class=\"wp-image-483\" style=\"aspect-ratio:1;object-fit:cover\" srcset=\"https:\/\/alancamposcpr.com\/inicio\/wp-content\/uploads\/2025\/06\/proyecto-046.jpg 700w, https:\/\/alancamposcpr.com\/inicio\/wp-content\/uploads\/2025\/06\/proyecto-046-300x214.jpg 300w\" sizes=\"auto, (max-width: 700px) 100vw, 700px\" \/><\/figure>\n\n\n\n<div class=\"wp-block-group is-vertical is-content-justification-center is-nowrap is-layout-flex wp-container-core-group-is-layout-63bfd6c1 wp-block-group-is-layout-flex\">\n<p class=\"has-text-align-center has-small-font-size\"><strong>Cirug\u00eda Pl\u00e1stica<\/strong><\/p>\n\n\n\n<p class=\"has-text-align-center has-small-font-size\">Hospital General de M\u00e9xico<\/p>\n\n\n\n<p class=\"has-text-align-center has-small-font-size\"> \u00abDr. Eduardo Liceaga\u00bb<\/p>\n<\/div>\n<\/div>\n<\/div>\n<\/div>\n\n\n\n<div class=\"wp-block-group alignfull has-base-color has-text-color has-background has-link-color wp-elements-15f85352206db971ea3fd5096178aace has-global-padding is-layout-constrained wp-container-core-group-is-layout-d89aad35 wp-block-group-is-layout-constrained\" style=\"background-color:#0d0b33;margin-top:0;margin-bottom:0;padding-top:var(--wp--preset--spacing--50);padding-right:var(--wp--preset--spacing--50);padding-bottom:var(--wp--preset--spacing--50);padding-left:var(--wp--preset--spacing--50)\">\n<div class=\"wp-block-columns alignwide are-vertically-aligned-center is-layout-flex wp-container-core-columns-is-layout-47c06fe3 wp-block-columns-is-layout-flex\">\n<div class=\"wp-block-column is-vertically-aligned-center is-layout-flow wp-block-column-is-layout-flow\" style=\"flex-basis:50%\">\n<h2 data-aos-duration=\"800\" data-aos-easing=\"ease-out-cubic\" data-aos-once=\"true\" data-aos=\"scale-in-x\" class=\"wp-block-heading has-base-color has-text-color has-link-color wp-elements-10dd9db6a6fb5bee041303f386b46140\">Tu cambio comienza con una decisi\u00f3n. Agenda tu valoraci\u00f3n y resolvamos todas tus dudas.<\/h2>\n\n\n\n<div class=\"wp-block-buttons is-layout-flex wp-block-buttons-is-layout-flex\" data-aos=\"slide-right\" data-aos-delay=\"500\" data-aos-duration=\"900\">\n<div class=\"wp-block-button is-style-outline is-style-outline--5\"><a class=\"wp-block-button__link wp-element-button\" href=\"https:\/\/wa.me\/5632630638\" target=\"_blank\" rel=\"noreferrer noopener\">Cont\u00e1ctame<\/a><\/div>\n<\/div>\n<\/div>\n\n\n\n<div class=\"wp-block-column is-vertically-aligned-center is-layout-flow wp-block-column-is-layout-flow\" style=\"flex-basis:50%\">\n<figure data-aos-duration=\"800\" data-aos-easing=\"ease-out-cubic\" data-aos-once=\"true\" data-aos=\"scale-in-x\" class=\"wp-block-image size-full is-style-rounded is-style-rounded--6\"><img loading=\"lazy\" decoding=\"async\" width=\"1200\" height=\"1600\" src=\"https:\/\/alancamposcpr.com\/inicio\/wp-content\/uploads\/2025\/06\/doc_azul.jpg\" alt=\"\" class=\"wp-image-511\" style=\"aspect-ratio:4\/3;object-fit:cover\" srcset=\"https:\/\/alancamposcpr.com\/inicio\/wp-content\/uploads\/2025\/06\/doc_azul.jpg 1200w, https:\/\/alancamposcpr.com\/inicio\/wp-content\/uploads\/2025\/06\/doc_azul-225x300.jpg 225w, https:\/\/alancamposcpr.com\/inicio\/wp-content\/uploads\/2025\/06\/doc_azul-768x1024.jpg 768w, https:\/\/alancamposcpr.com\/inicio\/wp-content\/uploads\/2025\/06\/doc_azul-1152x1536.jpg 1152w\" sizes=\"auto, (max-width: 1200px) 100vw, 1200px\" \/><\/figure>\n<\/div>\n<\/div>\n<\/div>\n","protected":false},"excerpt":{"rendered":"<p>Cirug\u00eda Pl\u00e1stica con coraz\u00f3n y precisi\u00f3n. Soy Cirujano Pl\u00e1stico, Est\u00e9tico y Reconstructivo Certificado por el Consejo Mexicano de Cirug\u00eda Pl\u00e1stica, Est\u00e9tica y Reconstructiva A.C (CMCPER). Dr. Alan Campos Cirujano Pl\u00e1stico Desde que comenc\u00e9 a estudiar Medicina en la Facultad de Medicina de la Universidad Nacional Aut\u00f3noma de M\u00e9xico (UNAM), mi objetivo siempre fue ayudar a [&hellip;]<\/p>\n","protected":false},"author":1,"featured_media":0,"parent":0,"menu_order":2,"comment_status":"closed","ping_status":"closed","template":"page-no-title","meta":{"footnotes":""},"class_list":["post-130","page","type-page","status-publish","hentry"],"_links":{"self":[{"href":"https:\/\/alancamposcpr.com\/inicio\/wp-json\/wp\/v2\/pages\/130","targetHints":{"allow":["GET"]}}],"collection":[{"href":"https:\/\/alancamposcpr.com\/inicio\/wp-json\/wp\/v2\/pages"}],"about":[{"href":"https:\/\/alancamposcpr.com\/inicio\/wp-json\/wp\/v2\/types\/page"}],"author":[{"embeddable":true,"href":"https:\/\/alancamposcpr.com\/inicio\/wp-json\/wp\/v2\/users\/1"}],"replies":[{"embeddable":true,"href":"https:\/\/alancamposcpr.com\/inicio\/wp-json\/wp\/v2\/comments?post=130"}],"version-history":[{"count":15,"href":"https:\/\/alancamposcpr.com\/inicio\/wp-json\/wp\/v2\/pages\/130\/revisions"}],"predecessor-version":[{"id":644,"href":"https:\/\/alancamposcpr.com\/inicio\/wp-json\/wp\/v2\/pages\/130\/revisions\/644"}],"wp:attachment":[{"href":"https:\/\/alancamposcpr.com\/inicio\/wp-json\/wp\/v2\/media?parent=130"}],"curies":[{"name":"wp","href":"https:\/\/api.w.org\/{rel}","templated":true}]}}