{"id":165,"date":"2025-06-24T17:42:01","date_gmt":"2025-06-24T23:42:01","guid":{"rendered":"https:\/\/alancamposcpr.com\/inicio\/?page_id=165"},"modified":"2025-07-02T17:07:37","modified_gmt":"2025-07-02T23:07:37","slug":"blog","status":"publish","type":"page","link":"https:\/\/alancamposcpr.com\/inicio\/blog\/","title":{"rendered":"Blog"},"content":{"rendered":"\n<div class=\"wp-block-group alignfull has-base-color has-text-color has-background has-link-color wp-elements-fc2f84a946e0536061518b2ef24909b8 has-global-padding is-layout-constrained wp-container-core-group-is-layout-669513ed wp-block-group-is-layout-constrained\" style=\"background-color:#34316c;margin-top:0;margin-bottom:0;padding-top:var(--wp--preset--spacing--50);padding-right:var(--wp--preset--spacing--50);padding-bottom:var(--wp--preset--spacing--50);padding-left:var(--wp--preset--spacing--50)\">\n<div class=\"wp-block-columns alignwide is-layout-flex wp-container-core-columns-is-layout-1da03c2a wp-block-columns-is-layout-flex\">\n<div class=\"wp-block-column is-vertically-aligned-stretch is-layout-flow wp-block-column-is-layout-flow\" style=\"flex-basis:50%\">\n<div class=\"wp-block-group is-vertical is-content-justification-stretch is-layout-flex wp-container-core-group-is-layout-444d5ee8 wp-block-group-is-layout-flex\" style=\"min-height:100%\">\n<p class=\"has-heading-font-family has-x-large-font-size\" style=\"line-height:1.2\" data-aos=\"slide-up\" data-aos-delay=\"650\" data-aos-duration=\"900\"><strong>Te guiamos paso a paso con respuestas claras y experiencia real. Entra al blog y resuelve tus dudas con informaci\u00f3n confiable, cercana y pensada para ti.<\/strong><\/p>\n<\/div>\n<\/div>\n\n\n\n<div class=\"wp-block-column is-vertically-aligned-center is-layout-flow wp-block-column-is-layout-flow\" style=\"flex-basis:50%\">\n<figure data-aos-duration=\"800\" data-aos-easing=\"ease-out-cubic\" data-aos-once=\"true\" data-aos=\"scale-in-x\" class=\"wp-block-image size-large is-style-rounded is-style-rounded--1\"><img loading=\"lazy\" decoding=\"async\" width=\"1024\" height=\"768\" src=\"https:\/\/alancamposcpr.com\/inicio\/wp-content\/uploads\/2025\/06\/Procedimiento_azul-copia-1024x768.jpg\" alt=\"\" class=\"wp-image-516\" style=\"aspect-ratio:1;object-fit:cover\" srcset=\"https:\/\/alancamposcpr.com\/inicio\/wp-content\/uploads\/2025\/06\/Procedimiento_azul-copia-1024x768.jpg 1024w, https:\/\/alancamposcpr.com\/inicio\/wp-content\/uploads\/2025\/06\/Procedimiento_azul-copia-300x225.jpg 300w, https:\/\/alancamposcpr.com\/inicio\/wp-content\/uploads\/2025\/06\/Procedimiento_azul-copia-768x576.jpg 768w, https:\/\/alancamposcpr.com\/inicio\/wp-content\/uploads\/2025\/06\/Procedimiento_azul-copia-1536x1152.jpg 1536w, https:\/\/alancamposcpr.com\/inicio\/wp-content\/uploads\/2025\/06\/Procedimiento_azul-copia.jpg 1600w\" sizes=\"auto, (max-width: 1024px) 100vw, 1024px\" \/><\/figure>\n<\/div>\n<\/div>\n<\/div>\n\n\n\n<div class=\"wp-block-query is-layout-flow wp-block-query-is-layout-flow\"><ul class=\"wp-block-post-template has-global-padding is-content-justification-center is-layout-constrained wp-block-post-template-is-layout-constrained\"><li class=\"wp-block-post post-141 post type-post status-publish format-standard has-post-thumbnail hentry category-blog\">\n<h2 class=\"wp-block-post-title\"><a href=\"https:\/\/alancamposcpr.com\/inicio\/fillers-faciales-rellena-armoniza-y-rejuvenece-sin-cirugia\/\" target=\"_self\" >Fillers faciales &#8211; Rellena, armoniza y rejuvenece sin cirug\u00eda<\/a><\/h2>\n\n<figure data-aos=\"zoom-in\" class=\"alignwide wp-block-post-featured-image\"><a href=\"https:\/\/alancamposcpr.com\/inicio\/fillers-faciales-rellena-armoniza-y-rejuvenece-sin-cirugia\/\" target=\"_self\"  ><img loading=\"lazy\" decoding=\"async\" width=\"2550\" height=\"1000\" src=\"https:\/\/alancamposcpr.com\/inicio\/wp-content\/uploads\/2025\/06\/relleno.jpg\" class=\"attachment-post-thumbnail size-post-thumbnail wp-post-image\" alt=\"Fillers faciales &#8211; Rellena, armoniza y rejuvenece sin cirug\u00eda\" style=\"object-fit:cover;\" srcset=\"https:\/\/alancamposcpr.com\/inicio\/wp-content\/uploads\/2025\/06\/relleno.jpg 2550w, https:\/\/alancamposcpr.com\/inicio\/wp-content\/uploads\/2025\/06\/relleno-300x118.jpg 300w, https:\/\/alancamposcpr.com\/inicio\/wp-content\/uploads\/2025\/06\/relleno-1024x402.jpg 1024w, https:\/\/alancamposcpr.com\/inicio\/wp-content\/uploads\/2025\/06\/relleno-768x301.jpg 768w, https:\/\/alancamposcpr.com\/inicio\/wp-content\/uploads\/2025\/06\/relleno-1536x602.jpg 1536w, https:\/\/alancamposcpr.com\/inicio\/wp-content\/uploads\/2025\/06\/relleno-2048x803.jpg 2048w\" sizes=\"auto, (max-width: 2550px) 100vw, 2550px\" \/><\/a><\/figure>\n\n<div class=\"wp-block-post-excerpt\"><p class=\"wp-block-post-excerpt__excerpt\">En la actualidad, los tratamientos no invasivos han ganado gran popularidad por su efectividad y bajo riesgo. Uno de los m\u00e1s solicitados son los rellenos faciales o \u00abfillers\u00bb, compuestos por \u00e1cido hialur\u00f3nico, una sustancia natural que ayuda a recuperar volumen y atenuar arrugas. Este procedimiento es ideal para quienes desean corregir l\u00edneas de expresi\u00f3n profundas,&hellip; <\/p><\/div>\n\n\n<hr class=\"wp-block-separator has-css-opacity\"\/>\n\n\n<div class=\"wp-block-post-date\"><time datetime=\"2025-06-24T02:58:27-06:00\">24 de junio de 2025<\/time><\/div>\n<\/li><li class=\"wp-block-post post-139 post type-post status-publish format-standard has-post-thumbnail hentry category-blog\">\n<h2 class=\"wp-block-post-title\"><a href=\"https:\/\/alancamposcpr.com\/inicio\/lipoescultura-o-lipoabdominoplastia-redefine-tu-silueta-con-resultados-visibles\/\" target=\"_self\" >Lipoescultura o lipoabdominoplastia &#8211; Redefine tu silueta con resultados visibles<\/a><\/h2>\n\n<figure data-aos=\"zoom-in\" class=\"alignwide wp-block-post-featured-image\"><a href=\"https:\/\/alancamposcpr.com\/inicio\/lipoescultura-o-lipoabdominoplastia-redefine-tu-silueta-con-resultados-visibles\/\" target=\"_self\"  ><img loading=\"lazy\" decoding=\"async\" width=\"2550\" height=\"1000\" src=\"https:\/\/alancamposcpr.com\/inicio\/wp-content\/uploads\/2025\/06\/lipoescultura.jpg\" class=\"attachment-post-thumbnail size-post-thumbnail wp-post-image\" alt=\"Lipoescultura o lipoabdominoplastia &#8211; Redefine tu silueta con resultados visibles\" style=\"object-fit:cover;\" srcset=\"https:\/\/alancamposcpr.com\/inicio\/wp-content\/uploads\/2025\/06\/lipoescultura.jpg 2550w, https:\/\/alancamposcpr.com\/inicio\/wp-content\/uploads\/2025\/06\/lipoescultura-300x118.jpg 300w, https:\/\/alancamposcpr.com\/inicio\/wp-content\/uploads\/2025\/06\/lipoescultura-1024x402.jpg 1024w, https:\/\/alancamposcpr.com\/inicio\/wp-content\/uploads\/2025\/06\/lipoescultura-768x301.jpg 768w, https:\/\/alancamposcpr.com\/inicio\/wp-content\/uploads\/2025\/06\/lipoescultura-1536x602.jpg 1536w, https:\/\/alancamposcpr.com\/inicio\/wp-content\/uploads\/2025\/06\/lipoescultura-2048x803.jpg 2048w\" sizes=\"auto, (max-width: 2550px) 100vw, 2550px\" \/><\/a><\/figure>\n\n<div class=\"wp-block-post-excerpt\"><p class=\"wp-block-post-excerpt__excerpt\">Hay zonas del cuerpo donde, a pesar de hacer dieta y ejercicio, la grasa simplemente no desaparece. Para estos casos, la lipoescultura es una excelente alternativa. Este procedimiento quir\u00fargico elimina dep\u00f3sitos de grasa localizada en \u00e1reas como el abdomen, cintura, espalda, brazos o muslos, ayudando a moldear la figura de forma permanente. Gracias a la&hellip; <\/p><\/div>\n\n\n<hr class=\"wp-block-separator has-css-opacity\"\/>\n\n\n<div class=\"wp-block-post-date\"><time datetime=\"2025-06-24T02:57:16-06:00\">24 de junio de 2025<\/time><\/div>\n<\/li><li class=\"wp-block-post post-137 post type-post status-publish format-standard has-post-thumbnail hentry category-blog\">\n<h2 class=\"wp-block-post-title\"><a href=\"https:\/\/alancamposcpr.com\/inicio\/aumento-de-mamas-con-implantes-una-decision-personal-y-poderosa\/\" target=\"_self\" >Aumento de mamas con implantes &#8211; Una decisi\u00f3n personal y poderosa<\/a><\/h2>\n\n<figure data-aos=\"zoom-in\" class=\"alignwide wp-block-post-featured-image\"><a href=\"https:\/\/alancamposcpr.com\/inicio\/aumento-de-mamas-con-implantes-una-decision-personal-y-poderosa\/\" target=\"_self\"  ><img loading=\"lazy\" decoding=\"async\" width=\"2550\" height=\"1000\" src=\"https:\/\/alancamposcpr.com\/inicio\/wp-content\/uploads\/2025\/06\/cirugia_mamaria.jpg\" class=\"attachment-post-thumbnail size-post-thumbnail wp-post-image\" alt=\"Aumento de mamas con implantes &#8211; Una decisi\u00f3n personal y poderosa\" style=\"object-fit:cover;\" srcset=\"https:\/\/alancamposcpr.com\/inicio\/wp-content\/uploads\/2025\/06\/cirugia_mamaria.jpg 2550w, https:\/\/alancamposcpr.com\/inicio\/wp-content\/uploads\/2025\/06\/cirugia_mamaria-300x118.jpg 300w, https:\/\/alancamposcpr.com\/inicio\/wp-content\/uploads\/2025\/06\/cirugia_mamaria-1024x402.jpg 1024w, https:\/\/alancamposcpr.com\/inicio\/wp-content\/uploads\/2025\/06\/cirugia_mamaria-768x301.jpg 768w, https:\/\/alancamposcpr.com\/inicio\/wp-content\/uploads\/2025\/06\/cirugia_mamaria-1536x602.jpg 1536w, https:\/\/alancamposcpr.com\/inicio\/wp-content\/uploads\/2025\/06\/cirugia_mamaria-2048x803.jpg 2048w\" sizes=\"auto, (max-width: 2550px) 100vw, 2550px\" \/><\/a><\/figure>\n\n<div class=\"wp-block-post-excerpt\"><p class=\"wp-block-post-excerpt__excerpt\">El aumento mamario con implantes es una de las cirug\u00edas est\u00e9ticas m\u00e1s solicitadas, no solo por razones est\u00e9ticas, sino por el impacto positivo que puede tener en la autoestima. Las pacientes que optan por este procedimiento buscan verse y sentirse mejor con su cuerpo, ya sea para lograr mayor simetr\u00eda, proyectar una imagen m\u00e1s femenina&hellip; <\/p><\/div>\n\n\n<hr class=\"wp-block-separator has-css-opacity\"\/>\n\n\n<div class=\"wp-block-post-date\"><time datetime=\"2025-06-24T02:56:32-06:00\">24 de junio de 2025<\/time><\/div>\n<\/li><\/ul>\n\n\n<hr class=\"wp-block-separator has-text-color has-alpha-channel-opacity has-background is-style-wide\" style=\"margin-top:var(--wp--preset--spacing--10);margin-bottom:var(--wp--preset--spacing--10);background-color:#34316c;color:#34316c\"\/>\n\n\n\n<div class=\"wp-block-group alignfull has-global-padding is-layout-constrained wp-container-core-group-is-layout-d89aad35 wp-block-group-is-layout-constrained\" style=\"margin-top:0;margin-bottom:0;padding-top:var(--wp--preset--spacing--50);padding-right:var(--wp--preset--spacing--50);padding-bottom:var(--wp--preset--spacing--50);padding-left:var(--wp--preset--spacing--50)\">\n<h2 class=\"wp-block-heading alignwide has-x-large-font-size\" style=\"margin-top:0;margin-bottom:var(--wp--preset--spacing--40);line-height:1\">Un poco m\u00e1s&#8230;<\/h2>\n\n\n\n<div class=\"wp-block-group alignwide has-global-padding is-layout-constrained wp-block-group-is-layout-constrained\">\n<div class=\"wp-block-query alignwide is-layout-flow wp-block-query-is-layout-flow\"><ul class=\"wp-block-post-template is-layout-flow wp-block-post-template-is-layout-flow\"><li class=\"wp-block-post post-141 post type-post status-publish format-standard has-post-thumbnail hentry category-blog\">\n\n<hr class=\"wp-block-separator has-text-color has-contrast-3-color has-alpha-channel-opacity has-contrast-3-background-color has-background alignwide is-style-wide\"\/>\n\n\n\n<div class=\"wp-block-columns alignwide are-vertically-aligned-center is-layout-flex wp-container-core-columns-is-layout-33233fb6 wp-block-columns-is-layout-flex\" style=\"margin-top:var(--wp--preset--spacing--20);margin-bottom:var(--wp--preset--spacing--20)\">\n<div class=\"wp-block-column is-vertically-aligned-center is-layout-flow wp-block-column-is-layout-flow\" style=\"flex-basis:72%\"><h2 style=\"font-size:clamp(0.984rem, 0.984rem + ((1vw - 0.2rem) * 0.86), 1.5rem);line-height:1.1;\" class=\"wp-block-post-title\"><a href=\"https:\/\/alancamposcpr.com\/inicio\/fillers-faciales-rellena-armoniza-y-rejuvenece-sin-cirugia\/\" target=\"_self\" >Fillers faciales &#8211; Rellena, armoniza y rejuvenece sin cirug\u00eda<\/a><\/h2><\/div>\n\n\n\n<div class=\"wp-block-column is-vertically-aligned-center is-layout-flow wp-block-column-is-layout-flow\" style=\"flex-basis:28%\"><div class=\"wp-block-template-part\">\n\n<div class=\"wp-block-group has-global-padding is-layout-constrained wp-block-group-is-layout-constrained\">\n\t\n\t<div class=\"wp-block-group is-content-justification-left is-layout-flex wp-container-core-group-is-layout-dfe8e91f wp-block-group-is-layout-flex\">\n\t\t<div class=\"wp-block-post-date\"><time datetime=\"2025-06-24T02:58:27-06:00\"><a href=\"https:\/\/alancamposcpr.com\/inicio\/fillers-faciales-rellena-armoniza-y-rejuvenece-sin-cirugia\/\">Jun 24, 2025<\/a><\/time><\/div>\n\n\t\t\n\t\t<p class=\"has-contrast-2-color has-text-color\">\u2014<\/p>\n\t\t\n\n\t\t\n\t\t<p class=\"has-small-font-size has-contrast-2-color has-text-color\">por<\/p>\n\t\t\n\n\t\t<div class=\"wp-block-post-author-name\"><a href=\"https:\/\/alancamposcpr.com\/inicio\/author\/acamposhdz25\/\" target=\"_self\" class=\"wp-block-post-author-name__link\">AcamposHdz25<\/a><\/div>\n\n\t\t<div class=\"taxonomy-category wp-block-post-terms\"><span class=\"wp-block-post-terms__prefix\">en <\/span><a href=\"https:\/\/alancamposcpr.com\/inicio\/category\/blog\/\" rel=\"tag\">Blog<\/a><\/div>\n\n\t<\/div>\n\t\n<\/div>\n\n\n<\/div><\/div>\n<\/div>\n\n<\/li><li class=\"wp-block-post post-139 post type-post status-publish format-standard has-post-thumbnail hentry category-blog\">\n\n<hr class=\"wp-block-separator has-text-color has-contrast-3-color has-alpha-channel-opacity has-contrast-3-background-color has-background alignwide is-style-wide\"\/>\n\n\n\n<div class=\"wp-block-columns alignwide are-vertically-aligned-center is-layout-flex wp-container-core-columns-is-layout-33233fb6 wp-block-columns-is-layout-flex\" style=\"margin-top:var(--wp--preset--spacing--20);margin-bottom:var(--wp--preset--spacing--20)\">\n<div class=\"wp-block-column is-vertically-aligned-center is-layout-flow wp-block-column-is-layout-flow\" style=\"flex-basis:72%\"><h2 style=\"font-size:clamp(0.984rem, 0.984rem + ((1vw - 0.2rem) * 0.86), 1.5rem);line-height:1.1;\" class=\"wp-block-post-title\"><a href=\"https:\/\/alancamposcpr.com\/inicio\/lipoescultura-o-lipoabdominoplastia-redefine-tu-silueta-con-resultados-visibles\/\" target=\"_self\" >Lipoescultura o lipoabdominoplastia &#8211; Redefine tu silueta con resultados visibles<\/a><\/h2><\/div>\n\n\n\n<div class=\"wp-block-column is-vertically-aligned-center is-layout-flow wp-block-column-is-layout-flow\" style=\"flex-basis:28%\"><div class=\"wp-block-template-part\">\n\n<div class=\"wp-block-group has-global-padding is-layout-constrained wp-block-group-is-layout-constrained\">\n\t\n\t<div class=\"wp-block-group is-content-justification-left is-layout-flex wp-container-core-group-is-layout-dfe8e91f wp-block-group-is-layout-flex\">\n\t\t<div class=\"wp-block-post-date\"><time datetime=\"2025-06-24T02:57:16-06:00\"><a href=\"https:\/\/alancamposcpr.com\/inicio\/lipoescultura-o-lipoabdominoplastia-redefine-tu-silueta-con-resultados-visibles\/\">Jun 24, 2025<\/a><\/time><\/div>\n\n\t\t\n\t\t<p class=\"has-contrast-2-color has-text-color\">\u2014<\/p>\n\t\t\n\n\t\t\n\t\t<p class=\"has-small-font-size has-contrast-2-color has-text-color\">por<\/p>\n\t\t\n\n\t\t<div class=\"wp-block-post-author-name\"><a href=\"https:\/\/alancamposcpr.com\/inicio\/author\/acamposhdz25\/\" target=\"_self\" class=\"wp-block-post-author-name__link\">AcamposHdz25<\/a><\/div>\n\n\t\t<div class=\"taxonomy-category wp-block-post-terms\"><span class=\"wp-block-post-terms__prefix\">en <\/span><a href=\"https:\/\/alancamposcpr.com\/inicio\/category\/blog\/\" rel=\"tag\">Blog<\/a><\/div>\n\n\t<\/div>\n\t\n<\/div>\n\n\n<\/div><\/div>\n<\/div>\n\n<\/li><li class=\"wp-block-post post-137 post type-post status-publish format-standard has-post-thumbnail hentry category-blog\">\n\n<hr class=\"wp-block-separator has-text-color has-contrast-3-color has-alpha-channel-opacity has-contrast-3-background-color has-background alignwide is-style-wide\"\/>\n\n\n\n<div class=\"wp-block-columns alignwide are-vertically-aligned-center is-layout-flex wp-container-core-columns-is-layout-33233fb6 wp-block-columns-is-layout-flex\" style=\"margin-top:var(--wp--preset--spacing--20);margin-bottom:var(--wp--preset--spacing--20)\">\n<div class=\"wp-block-column is-vertically-aligned-center is-layout-flow wp-block-column-is-layout-flow\" style=\"flex-basis:72%\"><h2 style=\"font-size:clamp(0.984rem, 0.984rem + ((1vw - 0.2rem) * 0.86), 1.5rem);line-height:1.1;\" class=\"wp-block-post-title\"><a href=\"https:\/\/alancamposcpr.com\/inicio\/aumento-de-mamas-con-implantes-una-decision-personal-y-poderosa\/\" target=\"_self\" >Aumento de mamas con implantes &#8211; Una decisi\u00f3n personal y poderosa<\/a><\/h2><\/div>\n\n\n\n<div class=\"wp-block-column is-vertically-aligned-center is-layout-flow wp-block-column-is-layout-flow\" style=\"flex-basis:28%\"><div class=\"wp-block-template-part\">\n\n<div class=\"wp-block-group has-global-padding is-layout-constrained wp-block-group-is-layout-constrained\">\n\t\n\t<div class=\"wp-block-group is-content-justification-left is-layout-flex wp-container-core-group-is-layout-dfe8e91f wp-block-group-is-layout-flex\">\n\t\t<div class=\"wp-block-post-date\"><time datetime=\"2025-06-24T02:56:32-06:00\"><a href=\"https:\/\/alancamposcpr.com\/inicio\/aumento-de-mamas-con-implantes-una-decision-personal-y-poderosa\/\">Jun 24, 2025<\/a><\/time><\/div>\n\n\t\t\n\t\t<p class=\"has-contrast-2-color has-text-color\">\u2014<\/p>\n\t\t\n\n\t\t\n\t\t<p class=\"has-small-font-size has-contrast-2-color has-text-color\">por<\/p>\n\t\t\n\n\t\t<div class=\"wp-block-post-author-name\"><a href=\"https:\/\/alancamposcpr.com\/inicio\/author\/acamposhdz25\/\" target=\"_self\" class=\"wp-block-post-author-name__link\">AcamposHdz25<\/a><\/div>\n\n\t\t<div class=\"taxonomy-category wp-block-post-terms\"><span class=\"wp-block-post-terms__prefix\">en <\/span><a href=\"https:\/\/alancamposcpr.com\/inicio\/category\/blog\/\" rel=\"tag\">Blog<\/a><\/div>\n\n\t<\/div>\n\t\n<\/div>\n\n\n<\/div><\/div>\n<\/div>\n\n<\/li><li class=\"wp-block-post post-135 post type-post status-publish format-standard has-post-thumbnail hentry category-blog\">\n\n<hr class=\"wp-block-separator has-text-color has-contrast-3-color has-alpha-channel-opacity has-contrast-3-background-color has-background alignwide is-style-wide\"\/>\n\n\n\n<div class=\"wp-block-columns alignwide are-vertically-aligned-center is-layout-flex wp-container-core-columns-is-layout-33233fb6 wp-block-columns-is-layout-flex\" style=\"margin-top:var(--wp--preset--spacing--20);margin-bottom:var(--wp--preset--spacing--20)\">\n<div class=\"wp-block-column is-vertically-aligned-center is-layout-flow wp-block-column-is-layout-flow\" style=\"flex-basis:72%\"><h2 style=\"font-size:clamp(0.984rem, 0.984rem + ((1vw - 0.2rem) * 0.86), 1.5rem);line-height:1.1;\" class=\"wp-block-post-title\"><a href=\"https:\/\/alancamposcpr.com\/inicio\/rinoplastia-armonia-facial-y-confianza-en-una-sola-intervencion\/\" target=\"_self\" >Rinoplastia &#8211; Armon\u00eda facial y confianza en una sola intervenci\u00f3n<\/a><\/h2><\/div>\n\n\n\n<div class=\"wp-block-column is-vertically-aligned-center is-layout-flow wp-block-column-is-layout-flow\" style=\"flex-basis:28%\"><div class=\"wp-block-template-part\">\n\n<div class=\"wp-block-group has-global-padding is-layout-constrained wp-block-group-is-layout-constrained\">\n\t\n\t<div class=\"wp-block-group is-content-justification-left is-layout-flex wp-container-core-group-is-layout-dfe8e91f wp-block-group-is-layout-flex\">\n\t\t<div class=\"wp-block-post-date\"><time datetime=\"2025-06-24T02:55:35-06:00\"><a href=\"https:\/\/alancamposcpr.com\/inicio\/rinoplastia-armonia-facial-y-confianza-en-una-sola-intervencion\/\">Jun 24, 2025<\/a><\/time><\/div>\n\n\t\t\n\t\t<p class=\"has-contrast-2-color has-text-color\">\u2014<\/p>\n\t\t\n\n\t\t\n\t\t<p class=\"has-small-font-size has-contrast-2-color has-text-color\">por<\/p>\n\t\t\n\n\t\t<div class=\"wp-block-post-author-name\"><a href=\"https:\/\/alancamposcpr.com\/inicio\/author\/acamposhdz25\/\" target=\"_self\" class=\"wp-block-post-author-name__link\">AcamposHdz25<\/a><\/div>\n\n\t\t<div class=\"taxonomy-category wp-block-post-terms\"><span class=\"wp-block-post-terms__prefix\">en <\/span><a href=\"https:\/\/alancamposcpr.com\/inicio\/category\/blog\/\" rel=\"tag\">Blog<\/a><\/div>\n\n\t<\/div>\n\t\n<\/div>\n\n\n<\/div><\/div>\n<\/div>\n\n<\/li><\/ul>\n\n\n<div style=\"height:var(--wp--preset--spacing--30)\" aria-hidden=\"true\" class=\"wp-block-spacer\"><\/div>\n\n\n\n\n<\/div>\n<\/div>\n<\/div>\n<\/div>\n\n\n\n<div class=\"wp-block-group alignfull has-base-color has-text-color has-background has-link-color wp-elements-3f46a05f72bcd87aea7380401d75659d has-global-padding is-layout-constrained wp-container-core-group-is-layout-d89aad35 wp-block-group-is-layout-constrained\" style=\"background-color:#9c7b4b;margin-top:0;margin-bottom:0;padding-top:var(--wp--preset--spacing--50);padding-right:var(--wp--preset--spacing--50);padding-bottom:var(--wp--preset--spacing--50);padding-left:var(--wp--preset--spacing--50)\">\n<div class=\"wp-block-columns alignwide are-vertically-aligned-center is-layout-flex wp-container-core-columns-is-layout-47c06fe3 wp-block-columns-is-layout-flex\">\n<div class=\"wp-block-column is-vertically-aligned-center is-layout-flow wp-block-column-is-layout-flow\" style=\"flex-basis:50%\">\n<h2 class=\"wp-block-heading has-base-color has-text-color has-link-color wp-elements-f96ff5f9dc26044722d5a18bedc4cb88\">Cada cuerpo tiene una historia, y estoy aqu\u00ed para ayudarte a contarla con seguridad y confianza. <\/h2>\n\n\n\n<ul style=\"line-height:1.75\" class=\"wp-block-list is-style-checkmark-list\">\n<li>Agenda una cita de valoraci\u00f3n.<\/li>\n<\/ul>\n\n\n\n<div class=\"wp-block-buttons is-layout-flex wp-block-buttons-is-layout-flex\">\n<div class=\"wp-block-button\" data-aos=\"slide-right\" data-aos-delay=\"500\" data-aos-duration=\"950\"><a class=\"wp-block-button__link has-background has-medium-font-size has-custom-font-size wp-element-button\" href=\"https:\/\/wa.me\/5632630638\" style=\"background-color:#34316c\" target=\"_blank\" rel=\"noreferrer noopener\">Cont\u00e1ctame<\/a><\/div>\n<\/div>\n<\/div>\n\n\n\n<div class=\"wp-block-column is-vertically-aligned-center is-layout-flow wp-block-column-is-layout-flow\" style=\"flex-basis:50%\">\n<figure data-aos-duration=\"800\" data-aos-easing=\"ease-out-cubic\" data-aos-once=\"true\" data-aos=\"scale-in-x\" class=\"wp-block-image size-full is-style-rounded is-style-rounded--2\"><img loading=\"lazy\" decoding=\"async\" width=\"1290\" height=\"1600\" src=\"https:\/\/alancamposcpr.com\/inicio\/wp-content\/uploads\/2025\/06\/Procedimiento_azul3.jpg\" alt=\"\" class=\"wp-image-700\" style=\"aspect-ratio:4\/3;object-fit:cover\" srcset=\"https:\/\/alancamposcpr.com\/inicio\/wp-content\/uploads\/2025\/06\/Procedimiento_azul3.jpg 1290w, https:\/\/alancamposcpr.com\/inicio\/wp-content\/uploads\/2025\/06\/Procedimiento_azul3-242x300.jpg 242w, https:\/\/alancamposcpr.com\/inicio\/wp-content\/uploads\/2025\/06\/Procedimiento_azul3-826x1024.jpg 826w, https:\/\/alancamposcpr.com\/inicio\/wp-content\/uploads\/2025\/06\/Procedimiento_azul3-768x953.jpg 768w, https:\/\/alancamposcpr.com\/inicio\/wp-content\/uploads\/2025\/06\/Procedimiento_azul3-1238x1536.jpg 1238w\" sizes=\"auto, (max-width: 1290px) 100vw, 1290px\" \/><figcaption class=\"wp-element-caption\">Screenshot<\/figcaption><\/figure>\n<\/div>\n<\/div>\n<\/div>\n","protected":false},"excerpt":{"rendered":"<p>Te guiamos paso a paso con respuestas claras y experiencia real. Entra al blog y resuelve tus dudas con informaci\u00f3n confiable, cercana y pensada para ti.<\/p>\n","protected":false},"author":1,"featured_media":0,"parent":0,"menu_order":4,"comment_status":"closed","ping_status":"closed","template":"page-no-title","meta":{"footnotes":""},"class_list":["post-165","page","type-page","status-publish","hentry"],"_links":{"self":[{"href":"https:\/\/alancamposcpr.com\/inicio\/wp-json\/wp\/v2\/pages\/165","targetHints":{"allow":["GET"]}}],"collection":[{"href":"https:\/\/alancamposcpr.com\/inicio\/wp-json\/wp\/v2\/pages"}],"about":[{"href":"https:\/\/alancamposcpr.com\/inicio\/wp-json\/wp\/v2\/types\/page"}],"author":[{"embeddable":true,"href":"https:\/\/alancamposcpr.com\/inicio\/wp-json\/wp\/v2\/users\/1"}],"replies":[{"embeddable":true,"href":"https:\/\/alancamposcpr.com\/inicio\/wp-json\/wp\/v2\/comments?post=165"}],"version-history":[{"count":10,"href":"https:\/\/alancamposcpr.com\/inicio\/wp-json\/wp\/v2\/pages\/165\/revisions"}],"predecessor-version":[{"id":647,"href":"https:\/\/alancamposcpr.com\/inicio\/wp-json\/wp\/v2\/pages\/165\/revisions\/647"}],"wp:attachment":[{"href":"https:\/\/alancamposcpr.com\/inicio\/wp-json\/wp\/v2\/media?parent=165"}],"curies":[{"name":"wp","href":"https:\/\/api.w.org\/{rel}","templated":true}]}}