{"id":210,"date":"2025-06-25T12:03:12","date_gmt":"2025-06-25T18:03:12","guid":{"rendered":"https:\/\/alancamposcpr.com\/inicio\/?page_id=210"},"modified":"2025-07-01T16:50:44","modified_gmt":"2025-07-01T22:50:44","slug":"testimonios","status":"publish","type":"page","link":"https:\/\/alancamposcpr.com\/inicio\/testimonios\/","title":{"rendered":"Testimonios"},"content":{"rendered":"\n<div class=\"wp-block-group alignfull has-background has-global-padding is-layout-constrained wp-container-core-group-is-layout-5686dad4 wp-block-group-is-layout-constrained\" style=\"background-color:#9c7b4b;margin-top:0;margin-bottom:0;padding-top:var(--wp--preset--spacing--40);padding-right:var(--wp--preset--spacing--50);padding-bottom:var(--wp--preset--spacing--40);padding-left:var(--wp--preset--spacing--50)\">\n<h1 class=\"wp-block-heading has-text-align-center has-base-2-color has-text-color has-link-color has-x-large-font-size wp-elements-a1c8bd5fded428da26841885ff394d85\" data-aos=\"slide-up\" data-aos-delay=\"450\" data-aos-duration=\"1450\">Descubre la experiencia de nuestros clientes<\/h1>\n<\/div>\n\n\n\n<div class=\"wp-block-group alignfull has-base-2-background-color has-background has-global-padding is-layout-constrained wp-container-core-group-is-layout-9918d064 wp-block-group-is-layout-constrained\" style=\"margin-top:0;margin-bottom:0;padding-top:var(--wp--preset--spacing--50);padding-right:var(--wp--preset--spacing--60);padding-bottom:var(--wp--preset--spacing--50);padding-left:var(--wp--preset--spacing--60)\">\n<div class=\"wp-block-group alignwide is-layout-flow wp-block-group-is-layout-flow\">\n<p class=\"has-text-align-center has-heading-font-family has-x-large-font-size\" style=\"font-style:normal;font-weight:400;line-height:1.2\" data-aos=\"slide-left\" data-aos-delay=\"450\" data-aos-duration=\"1350\">\u00ab<em>\u00a1Soy la m\u00e1s feliz! En verdad que bonito trabajo. Me encant\u00f3 mi nariz, es justo lo que quer\u00eda\u00bb.<\/em><\/p>\n\n\n\n<p class=\"has-text-align-center has-heading-font-family has-large-font-size\" style=\"font-style:normal;font-weight:700;line-height:1.2\" data-aos=\"slide-up\" data-aos-duration=\"950\">Karen, 32 a\u00f1os.&nbsp; Rinoplast\u00eda.<\/p>\n<\/div>\n<\/div>\n\n\n\n<div class=\"wp-block-group alignfull has-base-color has-text-color has-background has-global-padding is-layout-constrained wp-container-core-group-is-layout-1e3a208a wp-block-group-is-layout-constrained\" style=\"background-color:#34316c;margin-top:0;margin-bottom:0;padding-top:var(--wp--preset--spacing--40);padding-right:var(--wp--preset--spacing--60);padding-bottom:var(--wp--preset--spacing--40);padding-left:var(--wp--preset--spacing--60)\">\n<div class=\"wp-block-group has-global-padding is-layout-constrained wp-block-group-is-layout-constrained\">\n<p class=\"has-text-align-center has-base-color has-text-color has-heading-font-family has-x-large-font-size\" style=\"line-height:1.2\" data-aos=\"zoom-in\" data-aos-duration=\"1300\">\u00ab<em>Estoy muy agradecida con usted mil bendiciones. Me chulean mucho los resultados de la cirug\u00eda. No puedo expresar mi gratitud con palabras.\u00bb<\/em><\/p>\n\n\n\n<p><\/p>\n\n\n\n<p class=\"has-text-align-center has-base-color has-text-color has-heading-font-family has-large-font-size\" style=\"font-style:normal;font-weight:700;line-height:1.2\" data-aos=\"slide-up\" data-aos-duration=\"1250\">Sonia, 46 a\u00f1os. Lipoabdominoplastia.<\/p>\n<\/div>\n<\/div>\n\n\n\n<div class=\"wp-block-group alignfull has-background has-global-padding is-layout-constrained wp-container-core-group-is-layout-9918d064 wp-block-group-is-layout-constrained\" style=\"background-color:#e7e7e7;margin-top:0;margin-bottom:0;padding-top:var(--wp--preset--spacing--50);padding-right:var(--wp--preset--spacing--60);padding-bottom:var(--wp--preset--spacing--50);padding-left:var(--wp--preset--spacing--60)\">\n<div class=\"wp-block-group alignwide is-layout-flow wp-block-group-is-layout-flow\">\n<p class=\"has-text-align-center has-heading-font-family has-x-large-font-size\" style=\"font-style:normal;font-weight:400;line-height:1.2\" data-aos=\"slide-right\" data-aos-duration=\"1500\">\u00ab<em>Me encant\u00f3 el resultado Doctor, estoy muy agradecida con usted y todo el equipo\u00bb.<\/em><\/p>\n\n\n\n<p class=\"has-text-align-center has-heading-font-family has-large-font-size\" style=\"font-style:normal;font-weight:700;line-height:1.2\" data-aos=\"slide-up\">Edith, 45 a\u00f1os. Mommy makeover.<\/p>\n<\/div>\n<\/div>\n\n\n\n<div class=\"wp-block-group alignfull has-contrast-color has-base-2-background-color has-text-color has-background has-global-padding is-layout-constrained wp-container-core-group-is-layout-1e3a208a wp-block-group-is-layout-constrained\" style=\"margin-top:0;margin-bottom:0;padding-top:var(--wp--preset--spacing--40);padding-right:var(--wp--preset--spacing--60);padding-bottom:var(--wp--preset--spacing--40);padding-left:var(--wp--preset--spacing--60)\">\n<div class=\"wp-block-group has-global-padding is-layout-constrained wp-block-group-is-layout-constrained\">\n<p class=\"has-text-align-center has-contrast-color has-text-color has-heading-font-family has-x-large-font-size\" style=\"line-height:1.2\" data-aos=\"slide-left\" data-aos-duration=\"1300\">\u00ab<em>Me siento m\u00e1s atractivo con esta nueva nariz. Aument\u00f3 mucho la seguridad en m\u00ed\u00bb.<\/em><\/p>\n\n\n\n<p class=\"has-text-align-center has-contrast-color has-text-color has-heading-font-family has-large-font-size\" style=\"font-style:normal;font-weight:700;line-height:1.2\" data-aos=\"slide-up\" data-aos-duration=\"1100\">Alejandro, 27 a\u00f1os. Rinoplast\u00eda.<\/p>\n<\/div>\n<\/div>\n\n\n\n<div class=\"wp-block-group alignfull has-base-color has-text-color has-background has-link-color wp-elements-bd2b5254b0e21346ea0806abd8394390 has-global-padding is-layout-constrained wp-container-core-group-is-layout-9918d064 wp-block-group-is-layout-constrained\" style=\"background-color:#181541;margin-top:0;margin-bottom:0;padding-top:var(--wp--preset--spacing--50);padding-right:var(--wp--preset--spacing--60);padding-bottom:var(--wp--preset--spacing--50);padding-left:var(--wp--preset--spacing--60)\">\n<div class=\"wp-block-group alignwide is-layout-flow wp-block-group-is-layout-flow\">\n<p class=\"has-text-align-center has-heading-font-family has-x-large-font-size\" style=\"font-style:normal;font-weight:400;line-height:1.2\" data-aos=\"slide-right\" data-aos-duration=\"1300\"><em>\u00a1Mil gracias por todo Alan!! Me encant\u00f3 el resultado.<\/em><\/p>\n\n\n\n<p class=\"has-text-align-center has-heading-font-family has-large-font-size\" style=\"font-style:normal;font-weight:700;line-height:1.2\" data-aos=\"slide-up\" data-aos-duration=\"950\">Pilar, 31. Armonizaci\u00f3n facial.<\/p>\n<\/div>\n<\/div>\n","protected":false},"excerpt":{"rendered":"<p>Descubre la experiencia de nuestros clientes \u00ab\u00a1Soy la m\u00e1s feliz! En verdad que bonito trabajo. Me encant\u00f3 mi nariz, es justo lo que quer\u00eda\u00bb. Karen, 32 a\u00f1os.&nbsp; Rinoplast\u00eda. \u00abEstoy muy agradecida con usted mil bendiciones. Me chulean mucho los resultados de la cirug\u00eda. No puedo expresar mi gratitud con palabras.\u00bb Sonia, 46 a\u00f1os. Lipoabdominoplastia. \u00abMe [&hellip;]<\/p>\n","protected":false},"author":1,"featured_media":0,"parent":0,"menu_order":6,"comment_status":"closed","ping_status":"closed","template":"page-no-title","meta":{"footnotes":""},"class_list":["post-210","page","type-page","status-publish","hentry"],"_links":{"self":[{"href":"https:\/\/alancamposcpr.com\/inicio\/wp-json\/wp\/v2\/pages\/210","targetHints":{"allow":["GET"]}}],"collection":[{"href":"https:\/\/alancamposcpr.com\/inicio\/wp-json\/wp\/v2\/pages"}],"about":[{"href":"https:\/\/alancamposcpr.com\/inicio\/wp-json\/wp\/v2\/types\/page"}],"author":[{"embeddable":true,"href":"https:\/\/alancamposcpr.com\/inicio\/wp-json\/wp\/v2\/users\/1"}],"replies":[{"embeddable":true,"href":"https:\/\/alancamposcpr.com\/inicio\/wp-json\/wp\/v2\/comments?post=210"}],"version-history":[{"count":4,"href":"https:\/\/alancamposcpr.com\/inicio\/wp-json\/wp\/v2\/pages\/210\/revisions"}],"predecessor-version":[{"id":622,"href":"https:\/\/alancamposcpr.com\/inicio\/wp-json\/wp\/v2\/pages\/210\/revisions\/622"}],"wp:attachment":[{"href":"https:\/\/alancamposcpr.com\/inicio\/wp-json\/wp\/v2\/media?parent=210"}],"curies":[{"name":"wp","href":"https:\/\/api.w.org\/{rel}","templated":true}]}}