{"id":22,"date":"2025-06-20T18:53:21","date_gmt":"2025-06-20T18:53:21","guid":{"rendered":"https:\/\/alancamposcpr.com\/inicio\/?page_id=22"},"modified":"2025-07-02T22:22:21","modified_gmt":"2025-07-03T04:22:21","slug":"contacto","status":"publish","type":"page","link":"https:\/\/alancamposcpr.com\/inicio\/contacto\/","title":{"rendered":"Contacto"},"content":{"rendered":"\n<div class=\"wp-block-group alignfull has-background has-global-padding is-layout-constrained wp-container-core-group-is-layout-e8d4960b wp-block-group-is-layout-constrained\" style=\"background-color:#9c7b4b;margin-top:0;margin-bottom:0;padding-top:var(--wp--preset--spacing--30);padding-right:var(--wp--preset--spacing--50);padding-bottom:var(--wp--preset--spacing--30);padding-left:var(--wp--preset--spacing--50)\">\n<h1 class=\"wp-block-heading has-text-align-center has-base-2-color has-text-color has-link-color has-x-large-font-size wp-elements-2a3073e50e83499936e78b01284251cc\" data-aos=\"fade\" data-aos-duration=\"1200\"><em>Cont\u00e1ctame<\/em><\/h1>\n<\/div>\n\n\n\n<div class=\"wp-block-group alignfull has-base-color has-base-background-color has-text-color has-background has-link-color wp-elements-d41ff50a0214944a9b72247dd985a162 is-content-justification-center is-nowrap is-layout-flex wp-container-core-group-is-layout-487d5e08 wp-block-group-is-layout-flex\" style=\"min-height:53vh;margin-top:0;margin-bottom:0;padding-top:0;padding-right:0;padding-bottom:0;padding-left:0\">\n<figure class=\"wp-block-image size-medium is-resized\" data-aos=\"zoom-in\" data-aos-delay=\"400\" data-aos-duration=\"1100\"><a href=\"https:\/\/wa.me\/5632630638\"><img loading=\"lazy\" decoding=\"async\" width=\"300\" height=\"300\" src=\"https:\/\/alancamposcpr.com\/inicio\/wp-content\/uploads\/2025\/07\/WhatsApp.svg_-300x300.webp\" alt=\"WhatsstApp 5632630638\" class=\"wp-image-697\" style=\"aspect-ratio:1;object-fit:cover;width:auto;height:200px\" srcset=\"https:\/\/alancamposcpr.com\/inicio\/wp-content\/uploads\/2025\/07\/WhatsApp.svg_-300x300.webp 300w, https:\/\/alancamposcpr.com\/inicio\/wp-content\/uploads\/2025\/07\/WhatsApp.svg_-1022x1024.webp 1022w, https:\/\/alancamposcpr.com\/inicio\/wp-content\/uploads\/2025\/07\/WhatsApp.svg_-150x150.webp 150w, https:\/\/alancamposcpr.com\/inicio\/wp-content\/uploads\/2025\/07\/WhatsApp.svg_-768x770.webp 768w, https:\/\/alancamposcpr.com\/inicio\/wp-content\/uploads\/2025\/07\/WhatsApp.svg_-1533x1536.webp 1533w, https:\/\/alancamposcpr.com\/inicio\/wp-content\/uploads\/2025\/07\/WhatsApp.svg_.webp 2044w\" sizes=\"auto, (max-width: 300px) 100vw, 300px\" \/><\/a><\/figure>\n\n\n\n<div class=\"wp-block-group has-global-padding is-layout-constrained wp-block-group-is-layout-constrained\">\n<h2 class=\"wp-block-heading has-text-align-center has-contrast-color has-text-color has-link-color has-large-font-size wp-elements-9c6d09bf84a9b2b7cec63cd0696d8327\" style=\"margin-right:0;margin-left:0;padding-right:0;padding-left:0\" data-aos=\"zoom-in\">No lo dudes y agenda tu cita de valoraci\u00f3n por WhatsApp 5632630638.<\/h2>\n<\/div>\n<\/div>\n\n\n\n<div class=\"wp-block-group alignfull has-background has-global-padding is-layout-constrained wp-container-core-group-is-layout-d89aad35 wp-block-group-is-layout-constrained\" style=\"background-color:#34316c;margin-top:0;margin-bottom:0;padding-top:var(--wp--preset--spacing--50);padding-right:var(--wp--preset--spacing--50);padding-bottom:var(--wp--preset--spacing--50);padding-left:var(--wp--preset--spacing--50)\">\n<div class=\"wp-block-columns alignwide are-vertically-aligned-center has-base-2-color has-text-color has-link-color wp-elements-a2f04e64988721d9445e51c333dc058a is-layout-flex wp-container-core-columns-is-layout-47c06fe3 wp-block-columns-is-layout-flex\">\n<div class=\"wp-block-column is-vertically-aligned-center is-layout-flow wp-block-column-is-layout-flow\" style=\"flex-basis:50%\">\n<h2 data-aos-duration=\"800\" data-aos-easing=\"ease-out-cubic\" data-aos-once=\"true\" data-aos=\"scale-in-x\" class=\"wp-block-heading has-base-2-color has-text-color has-link-color wp-elements-29649514763dc3a372de9eccb5debdde\">Dinos que buscas potencializar en tu cuerpo y juntos lograremos los reultados.<\/h2>\n\n\n\n<div class=\"wpcf7 no-js\" id=\"wpcf7-f224-o1\" lang=\"es-ES\" dir=\"ltr\" data-wpcf7-id=\"224\">\n<div class=\"screen-reader-response\"><p role=\"status\" aria-live=\"polite\" aria-atomic=\"true\"><\/p> <ul><\/ul><\/div>\n<form action=\"\/inicio\/wp-json\/wp\/v2\/pages\/22#wpcf7-f224-o1\" method=\"post\" class=\"wpcf7-form init\" aria-label=\"Formulario de contacto\" novalidate=\"novalidate\" data-status=\"init\">\n<fieldset class=\"hidden-fields-container\"><input type=\"hidden\" name=\"_wpcf7\" value=\"224\" \/><input type=\"hidden\" name=\"_wpcf7_version\" value=\"6.1\" \/><input type=\"hidden\" name=\"_wpcf7_locale\" value=\"es_ES\" \/><input type=\"hidden\" name=\"_wpcf7_unit_tag\" value=\"wpcf7-f224-o1\" \/><input type=\"hidden\" name=\"_wpcf7_container_post\" value=\"0\" \/><input type=\"hidden\" name=\"_wpcf7_posted_data_hash\" value=\"\" \/>\n<\/fieldset>\n<p><label> Tu nombre<br \/>\n<span class=\"wpcf7-form-control-wrap\" data-name=\"your-name\"><input size=\"40\" maxlength=\"400\" class=\"wpcf7-form-control wpcf7-text wpcf7-validates-as-required\" autocomplete=\"name\" aria-required=\"true\" aria-invalid=\"false\" value=\"\" type=\"text\" name=\"your-name\" \/><\/span> <\/label>\n<\/p>\n<p><label> Tu correo electr\u00f3nico<br \/>\n<span class=\"wpcf7-form-control-wrap\" data-name=\"your-email\"><input size=\"40\" maxlength=\"400\" class=\"wpcf7-form-control wpcf7-email wpcf7-validates-as-required wpcf7-text wpcf7-validates-as-email\" autocomplete=\"email\" aria-required=\"true\" aria-invalid=\"false\" value=\"\" type=\"email\" name=\"your-email\" \/><\/span> <\/label>\n<\/p>\n<p><label> Procedimiento de inter\u00e9s<br \/>\n<span class=\"wpcf7-form-control-wrap\" data-name=\"your-subject\"><input size=\"40\" maxlength=\"400\" class=\"wpcf7-form-control wpcf7-text wpcf7-validates-as-required\" aria-required=\"true\" aria-invalid=\"false\" value=\"\" type=\"text\" name=\"your-subject\" \/><\/span> <\/label>\n<\/p>\n<p><label> Tu mensaje (opcional)<br \/>\n<span class=\"wpcf7-form-control-wrap\" data-name=\"your-message\"><textarea cols=\"40\" rows=\"10\" maxlength=\"2000\" class=\"wpcf7-form-control wpcf7-textarea\" aria-invalid=\"false\" name=\"your-message\"><\/textarea><\/span> <\/label>\n<\/p>\n<p><input class=\"wpcf7-form-control wpcf7-submit has-spinner\" type=\"submit\" value=\"Enviar\" \/>\n<\/p><div class=\"wpcf7-response-output\" aria-hidden=\"true\"><\/div>\n<\/form>\n<\/div>\n\n<\/div>\n\n\n\n<div class=\"wp-block-column is-vertically-aligned-center is-layout-flow wp-block-column-is-layout-flow\" style=\"flex-basis:50%\">\n<div class=\"wp-block-group is-vertical is-nowrap is-layout-flex wp-container-core-group-is-layout-6fe931d8 wp-block-group-is-layout-flex\">\n<figure data-aos-duration=\"800\" data-aos-easing=\"ease-out-cubic\" data-aos-once=\"true\" data-aos=\"scale-in-x\" class=\"wp-block-image size-full\"><a href=\"https:\/\/maps.app.goo.gl\/vEdjK3KVcbxEzBSZ6\"><img loading=\"lazy\" decoding=\"async\" width=\"1005\" height=\"722\" src=\"https:\/\/alancamposcpr.com\/inicio\/wp-content\/uploads\/2025\/06\/mapa.jpg\" alt=\"\" class=\"wp-image-237\" srcset=\"https:\/\/alancamposcpr.com\/inicio\/wp-content\/uploads\/2025\/06\/mapa.jpg 1005w, https:\/\/alancamposcpr.com\/inicio\/wp-content\/uploads\/2025\/06\/mapa-300x216.jpg 300w, https:\/\/alancamposcpr.com\/inicio\/wp-content\/uploads\/2025\/06\/mapa-768x552.jpg 768w\" sizes=\"auto, (max-width: 1005px) 100vw, 1005px\" \/><\/a><\/figure>\n\n\n\n<p class=\"has-text-align-center\" style=\"margin-top:var(--wp--preset--spacing--10);margin-right:0;margin-bottom:var(--wp--preset--spacing--10);margin-left:0\">Hospital \u00c1ngeles Pedregal Torre \u00c1ngeles consultorio 635. Camino a Sta. Teresa #1055-S. H\u00e9roes de Padierna, MC. CDMX, M\u00e9xico.<\/p>\n<\/div>\n<\/div>\n<\/div>\n<\/div>\n\n\n\n<div class=\"wp-block-group alignfull has-global-padding is-layout-constrained wp-container-core-group-is-layout-796362d6 wp-block-group-is-layout-constrained\" style=\"margin-top:0;margin-bottom:0;padding-top:var(--wp--preset--spacing--40);padding-right:var(--wp--preset--spacing--50);padding-bottom:var(--wp--preset--spacing--40);padding-left:var(--wp--preset--spacing--50)\">\n<div class=\"wp-block-group is-vertical is-content-justification-center is-layout-flex wp-container-core-group-is-layout-ce155fab wp-block-group-is-layout-flex\">\n<h2 class=\"wp-block-heading has-text-align-center has-x-large-font-size\">S\u00edgueme en mis redes sociales<\/h2>\n<\/div>\n\n\n\n<div style=\"height:var(--wp--preset--spacing--30)\" aria-hidden=\"true\" class=\"wp-block-spacer\"><\/div>\n\n\n\n<div class=\"wp-block-columns alignwide is-layout-flex wp-container-core-columns-is-layout-4935966c wp-block-columns-is-layout-flex\" style=\"padding-right:0;padding-left:0\">\n<div class=\"wp-block-column is-layout-flow wp-block-column-is-layout-flow\" data-aos=\"zoom-in\" data-aos-delay=\"850\" data-aos-duration=\"1400\">\n<figure class=\"wp-block-image aligncenter size-full is-resized is-style-rounded is-style-rounded--1\"><a href=\"https:\/\/www.tiktok.com\/@alan.campos.cirug\"><img loading=\"lazy\" decoding=\"async\" width=\"512\" height=\"512\" src=\"https:\/\/alancamposcpr.com\/inicio\/wp-content\/uploads\/2025\/06\/tik-tok.png\" alt=\"\" class=\"wp-image-240\" style=\"aspect-ratio:1;object-fit:cover;width:120px\" srcset=\"https:\/\/alancamposcpr.com\/inicio\/wp-content\/uploads\/2025\/06\/tik-tok.png 512w, https:\/\/alancamposcpr.com\/inicio\/wp-content\/uploads\/2025\/06\/tik-tok-300x300.png 300w, https:\/\/alancamposcpr.com\/inicio\/wp-content\/uploads\/2025\/06\/tik-tok-150x150.png 150w\" sizes=\"auto, (max-width: 512px) 100vw, 512px\" \/><\/a><\/figure>\n\n\n\n<div class=\"wp-block-group is-vertical is-content-justification-center is-nowrap is-layout-flex wp-container-core-group-is-layout-21d4e958 wp-block-group-is-layout-flex\">\n<p class=\"has-text-align-center has-medium-font-size\"><strong><a href=\"https:\/\/www.tiktok.com\/@alan.campos.cirug\">alan.campos.cirug<\/a><\/strong><\/p>\n<\/div>\n<\/div>\n\n\n\n<div class=\"wp-block-column is-layout-flow wp-block-column-is-layout-flow\" data-aos=\"zoom-in\" data-aos-delay=\"650\" data-aos-duration=\"1350\">\n<figure class=\"wp-block-image aligncenter size-full is-resized is-style-rounded is-style-rounded--2\"><a href=\"https:\/\/www.instagram.com\/dralancampos\/\"><img loading=\"lazy\" decoding=\"async\" width=\"512\" height=\"512\" src=\"https:\/\/alancamposcpr.com\/inicio\/wp-content\/uploads\/2025\/06\/instagram.png\" alt=\"\" class=\"wp-image-241\" style=\"aspect-ratio:1;object-fit:cover;width:120px\" srcset=\"https:\/\/alancamposcpr.com\/inicio\/wp-content\/uploads\/2025\/06\/instagram.png 512w, https:\/\/alancamposcpr.com\/inicio\/wp-content\/uploads\/2025\/06\/instagram-300x300.png 300w, https:\/\/alancamposcpr.com\/inicio\/wp-content\/uploads\/2025\/06\/instagram-150x150.png 150w\" sizes=\"auto, (max-width: 512px) 100vw, 512px\" \/><\/a><\/figure>\n\n\n\n<div class=\"wp-block-group is-vertical is-content-justification-center is-nowrap is-layout-flex wp-container-core-group-is-layout-63bfd6c1 wp-block-group-is-layout-flex\">\n<p class=\"has-text-align-center has-medium-font-size\"><strong><a href=\"https:\/\/www.instagram.com\/dralancampos\/#\">dralancampos<\/a><\/strong><\/p>\n<\/div>\n<\/div>\n\n\n\n<div class=\"wp-block-column is-layout-flow wp-block-column-is-layout-flow\" data-aos=\"zoom-in\" data-aos-delay=\"700\" data-aos-duration=\"1300\">\n<figure class=\"wp-block-image aligncenter size-full is-resized is-style-rounded is-style-rounded--3\"><a href=\"https:\/\/x.com\/alan__campos\"><img loading=\"lazy\" decoding=\"async\" width=\"512\" height=\"512\" src=\"https:\/\/alancamposcpr.com\/inicio\/wp-content\/uploads\/2025\/06\/x.png\" alt=\"\" class=\"wp-image-242\" style=\"aspect-ratio:1;object-fit:cover;width:120px\" srcset=\"https:\/\/alancamposcpr.com\/inicio\/wp-content\/uploads\/2025\/06\/x.png 512w, https:\/\/alancamposcpr.com\/inicio\/wp-content\/uploads\/2025\/06\/x-300x300.png 300w, https:\/\/alancamposcpr.com\/inicio\/wp-content\/uploads\/2025\/06\/x-150x150.png 150w\" sizes=\"auto, (max-width: 512px) 100vw, 512px\" \/><\/a><\/figure>\n\n\n\n<div class=\"wp-block-group is-vertical is-content-justification-center is-nowrap is-layout-flex wp-container-core-group-is-layout-63bfd6c1 wp-block-group-is-layout-flex\">\n<p class=\"has-text-align-center has-medium-font-size\"><strong><a href=\"https:\/\/x.com\/alan__campos\"><strong>Alan H Campos<\/strong><\/a><\/strong><\/p>\n<\/div>\n<\/div>\n\n\n\n<div class=\"wp-block-column is-layout-flow wp-block-column-is-layout-flow\" data-aos=\"zoom-in\" data-aos-delay=\"700\" data-aos-duration=\"1450\">\n<figure class=\"wp-block-image aligncenter size-full is-resized is-style-rounded is-style-rounded--4\"><a href=\"https:\/\/www.facebook.com\/profile.php?id=61556227420604#\"><img loading=\"lazy\" decoding=\"async\" width=\"512\" height=\"512\" src=\"https:\/\/alancamposcpr.com\/inicio\/wp-content\/uploads\/2025\/06\/facebook.png\" alt=\"\" class=\"wp-image-243\" style=\"aspect-ratio:1;object-fit:cover;width:120px\" srcset=\"https:\/\/alancamposcpr.com\/inicio\/wp-content\/uploads\/2025\/06\/facebook.png 512w, https:\/\/alancamposcpr.com\/inicio\/wp-content\/uploads\/2025\/06\/facebook-300x300.png 300w, https:\/\/alancamposcpr.com\/inicio\/wp-content\/uploads\/2025\/06\/facebook-150x150.png 150w\" sizes=\"auto, (max-width: 512px) 100vw, 512px\" \/><\/a><\/figure>\n\n\n\n<div class=\"wp-block-group is-vertical is-content-justification-center is-nowrap is-layout-flex wp-container-core-group-is-layout-21d4e958 wp-block-group-is-layout-flex\">\n<p class=\"has-text-align-center has-medium-font-size\"><strong><a href=\"https:\/\/www.facebook.com\/profile.php?id=61556227420604#\">Dr Alan Campos Cirug\u00eda Pl\u00e1stica<\/a><\/strong><\/p>\n<\/div>\n<\/div>\n<\/div>\n<\/div>\n\n\n\n<div class=\"wp-block-group alignfull has-background has-global-padding is-layout-constrained wp-container-core-group-is-layout-daa29608 wp-block-group-is-layout-constrained\" style=\"background-color:#151544;margin-top:0;margin-bottom:0;padding-top:var(--wp--preset--spacing--50);padding-right:var(--wp--preset--spacing--50);padding-bottom:var(--wp--preset--spacing--50);padding-left:var(--wp--preset--spacing--50)\">\n<h1 class=\"wp-block-heading has-text-align-center has-text-color has-link-color has-x-large-font-size wp-elements-800687d9dcf2502b7a7d1b90376afa21\" style=\"color:#d6b380\" data-aos=\"zoom-in\" data-aos-delay=\"650\" data-aos-duration=\"1300\"><em>Cada transformaci\u00f3n comienza con una decisi\u00f3n. Gracias por confiar..<\/em><\/h1>\n<\/div>\n","protected":false},"excerpt":{"rendered":"<p>Cont\u00e1ctame No lo dudes y agenda tu cita de valoraci\u00f3n por WhatsApp 5632630638. Dinos que buscas potencializar en tu cuerpo y juntos lograremos los reultados. Hospital \u00c1ngeles Pedregal Torre \u00c1ngeles consultorio 635. Camino a Sta. Teresa #1055-S. H\u00e9roes de Padierna, MC. CDMX, M\u00e9xico. S\u00edgueme en mis redes sociales alan.campos.cirug dralancampos Alan H Campos Dr Alan [&hellip;]<\/p>\n","protected":false},"author":1,"featured_media":0,"parent":0,"menu_order":5,"comment_status":"closed","ping_status":"closed","template":"page-no-title","meta":{"footnotes":""},"class_list":["post-22","page","type-page","status-publish","hentry"],"_links":{"self":[{"href":"https:\/\/alancamposcpr.com\/inicio\/wp-json\/wp\/v2\/pages\/22","targetHints":{"allow":["GET"]}}],"collection":[{"href":"https:\/\/alancamposcpr.com\/inicio\/wp-json\/wp\/v2\/pages"}],"about":[{"href":"https:\/\/alancamposcpr.com\/inicio\/wp-json\/wp\/v2\/types\/page"}],"author":[{"embeddable":true,"href":"https:\/\/alancamposcpr.com\/inicio\/wp-json\/wp\/v2\/users\/1"}],"replies":[{"embeddable":true,"href":"https:\/\/alancamposcpr.com\/inicio\/wp-json\/wp\/v2\/comments?post=22"}],"version-history":[{"count":14,"href":"https:\/\/alancamposcpr.com\/inicio\/wp-json\/wp\/v2\/pages\/22\/revisions"}],"predecessor-version":[{"id":699,"href":"https:\/\/alancamposcpr.com\/inicio\/wp-json\/wp\/v2\/pages\/22\/revisions\/699"}],"wp:attachment":[{"href":"https:\/\/alancamposcpr.com\/inicio\/wp-json\/wp\/v2\/media?parent=22"}],"curies":[{"name":"wp","href":"https:\/\/api.w.org\/{rel}","templated":true}]}}