{"id":24,"date":"2025-06-20T18:56:26","date_gmt":"2025-06-20T18:56:26","guid":{"rendered":"https:\/\/alancamposcpr.com\/inicio\/?page_id=24"},"modified":"2025-07-01T16:46:41","modified_gmt":"2025-07-01T22:46:41","slug":"cirugia-mamaria","status":"publish","type":"page","link":"https:\/\/alancamposcpr.com\/inicio\/cirugia-mamaria\/","title":{"rendered":"Cirug\u00eda mamaria"},"content":{"rendered":"\n<div class=\"wp-block-group alignfull has-background has-global-padding is-layout-constrained wp-container-core-group-is-layout-5686dad4 wp-block-group-is-layout-constrained\" style=\"background-color:#9c7b4b;margin-top:0;margin-bottom:0;padding-top:var(--wp--preset--spacing--40);padding-right:var(--wp--preset--spacing--50);padding-bottom:var(--wp--preset--spacing--40);padding-left:var(--wp--preset--spacing--50)\">\n<h1 class=\"wp-block-heading has-text-align-center has-base-2-color has-text-color has-link-color has-x-large-font-size wp-elements-249e27447419e89cd5a7b99c081d66a3\" data-aos=\"slide-up\" data-aos-delay=\"450\" data-aos-duration=\"1350\"><em>Cirug\u00edas mamar\u00edas<\/em><\/h1>\n<\/div>\n\n\n\n<div class=\"wp-block-group alignfull has-global-padding is-layout-constrained wp-container-core-group-is-layout-669513ed wp-block-group-is-layout-constrained\" style=\"margin-top:0;margin-bottom:0;padding-top:var(--wp--preset--spacing--50);padding-right:var(--wp--preset--spacing--50);padding-bottom:var(--wp--preset--spacing--50);padding-left:var(--wp--preset--spacing--50)\">\n<div class=\"wp-block-columns alignwide is-layout-flex wp-container-core-columns-is-layout-4935966c wp-block-columns-is-layout-flex\" style=\"padding-right:0;padding-left:0\">\n<div class=\"wp-block-column is-layout-flow wp-block-column-is-layout-flow\">\n<figure class=\"wp-block-image size-full is-style-rounded is-style-rounded--1\" data-aos=\"zoom-in\" data-aos-delay=\"400\" data-aos-duration=\"1350\"><img loading=\"lazy\" decoding=\"async\" width=\"443\" height=\"600\" src=\"https:\/\/alancamposcpr.com\/inicio\/wp-content\/uploads\/2025\/06\/Aumento-mamario.webp\" alt=\"\" class=\"wp-image-290\" style=\"aspect-ratio:1;object-fit:cover\" srcset=\"https:\/\/alancamposcpr.com\/inicio\/wp-content\/uploads\/2025\/06\/Aumento-mamario.webp 443w, https:\/\/alancamposcpr.com\/inicio\/wp-content\/uploads\/2025\/06\/Aumento-mamario-222x300.webp 222w\" sizes=\"auto, (max-width: 443px) 100vw, 443px\" \/><\/figure>\n\n\n\n<div class=\"wp-block-group is-vertical is-content-justification-center is-nowrap is-layout-flex wp-container-core-group-is-layout-21d4e958 wp-block-group-is-layout-flex\">\n<p class=\"has-text-align-center has-large-font-size\"><strong>Aumento Mamario<\/strong><\/p>\n\n\n\n<div class=\"wp-block-buttons is-layout-flex wp-block-buttons-is-layout-flex\">\n<div class=\"wp-block-button\"><a class=\"wp-block-button__link has-background wp-element-button\" href=\"https:\/\/alancamposcpr.com\/inicio\/aumento-mamario\/\" style=\"background-color:#34316c\">Saber m\u00e1s&#8230;<\/a><\/div>\n<\/div>\n<\/div>\n<\/div>\n\n\n\n<div class=\"wp-block-column is-layout-flow wp-block-column-is-layout-flow\">\n<figure class=\"wp-block-image size-full is-style-rounded is-style-rounded--2\" data-aos=\"zoom-in\" data-aos-delay=\"500\" data-aos-duration=\"1450\"><img loading=\"lazy\" decoding=\"async\" width=\"2560\" height=\"1707\" src=\"https:\/\/alancamposcpr.com\/inicio\/wp-content\/uploads\/2025\/06\/Reduccion_mamaria-scaled.jpg\" alt=\"\" class=\"wp-image-291\" style=\"aspect-ratio:1;object-fit:cover\" srcset=\"https:\/\/alancamposcpr.com\/inicio\/wp-content\/uploads\/2025\/06\/Reduccion_mamaria-scaled.jpg 2560w, https:\/\/alancamposcpr.com\/inicio\/wp-content\/uploads\/2025\/06\/Reduccion_mamaria-300x200.jpg 300w, https:\/\/alancamposcpr.com\/inicio\/wp-content\/uploads\/2025\/06\/Reduccion_mamaria-1024x683.jpg 1024w, https:\/\/alancamposcpr.com\/inicio\/wp-content\/uploads\/2025\/06\/Reduccion_mamaria-768x512.jpg 768w, https:\/\/alancamposcpr.com\/inicio\/wp-content\/uploads\/2025\/06\/Reduccion_mamaria-1536x1024.jpg 1536w, https:\/\/alancamposcpr.com\/inicio\/wp-content\/uploads\/2025\/06\/Reduccion_mamaria-2048x1365.jpg 2048w\" sizes=\"auto, (max-width: 2560px) 100vw, 2560px\" \/><\/figure>\n\n\n\n<div class=\"wp-block-group is-vertical is-content-justification-center is-nowrap is-layout-flex wp-container-core-group-is-layout-63bfd6c1 wp-block-group-is-layout-flex\">\n<p class=\"has-text-align-center has-large-font-size\"><strong>Reducci\u00f3n Mamaria<\/strong><\/p>\n\n\n\n<div class=\"wp-block-buttons is-layout-flex wp-block-buttons-is-layout-flex\">\n<div class=\"wp-block-button\"><a class=\"wp-block-button__link has-background wp-element-button\" href=\"https:\/\/alancamposcpr.com\/inicio\/reduccion-mamaria\/\" style=\"background-color:#34316c\">Saber m\u00e1s&#8230;<\/a><\/div>\n<\/div>\n<\/div>\n<\/div>\n\n\n\n<div class=\"wp-block-column is-layout-flow wp-block-column-is-layout-flow\">\n<figure class=\"wp-block-image size-full is-style-rounded is-style-rounded--3\" data-aos=\"zoom-in\" data-aos-delay=\"550\" data-aos-duration=\"1350\"><img loading=\"lazy\" decoding=\"async\" width=\"2560\" height=\"1707\" src=\"https:\/\/alancamposcpr.com\/inicio\/wp-content\/uploads\/2025\/06\/Ginecomastia-scaled.jpg\" alt=\"\" class=\"wp-image-294\" style=\"aspect-ratio:1;object-fit:cover\" srcset=\"https:\/\/alancamposcpr.com\/inicio\/wp-content\/uploads\/2025\/06\/Ginecomastia-scaled.jpg 2560w, https:\/\/alancamposcpr.com\/inicio\/wp-content\/uploads\/2025\/06\/Ginecomastia-300x200.jpg 300w, https:\/\/alancamposcpr.com\/inicio\/wp-content\/uploads\/2025\/06\/Ginecomastia-1024x683.jpg 1024w, https:\/\/alancamposcpr.com\/inicio\/wp-content\/uploads\/2025\/06\/Ginecomastia-768x512.jpg 768w, https:\/\/alancamposcpr.com\/inicio\/wp-content\/uploads\/2025\/06\/Ginecomastia-1536x1024.jpg 1536w, https:\/\/alancamposcpr.com\/inicio\/wp-content\/uploads\/2025\/06\/Ginecomastia-2048x1365.jpg 2048w\" sizes=\"auto, (max-width: 2560px) 100vw, 2560px\" \/><\/figure>\n\n\n\n<div class=\"wp-block-group is-vertical is-content-justification-center is-nowrap is-layout-flex wp-container-core-group-is-layout-63bfd6c1 wp-block-group-is-layout-flex\">\n<p class=\"has-text-align-center has-large-font-size\"><strong>Ginecomastia<\/strong><\/p>\n\n\n\n<div class=\"wp-block-buttons is-layout-flex wp-block-buttons-is-layout-flex\">\n<div class=\"wp-block-button\"><a class=\"wp-block-button__link has-background wp-element-button\" href=\"https:\/\/alancamposcpr.com\/inicio\/ginecomastia\/\" style=\"background-color:#34316c\">Saber m\u00e1s..<\/a><\/div>\n<\/div>\n<\/div>\n<\/div>\n\n\n\n<div class=\"wp-block-column is-layout-flow wp-block-column-is-layout-flow\">\n<figure class=\"wp-block-image size-full is-style-rounded is-style-rounded--4\" data-aos=\"zoom-in\" data-aos-delay=\"450\" data-aos-duration=\"1400\"><img loading=\"lazy\" decoding=\"async\" width=\"2560\" height=\"1863\" src=\"https:\/\/alancamposcpr.com\/inicio\/wp-content\/uploads\/2025\/06\/levantamieto2-scaled.jpg\" alt=\"\" class=\"wp-image-295\" style=\"aspect-ratio:1;object-fit:cover\" srcset=\"https:\/\/alancamposcpr.com\/inicio\/wp-content\/uploads\/2025\/06\/levantamieto2-scaled.jpg 2560w, https:\/\/alancamposcpr.com\/inicio\/wp-content\/uploads\/2025\/06\/levantamieto2-300x218.jpg 300w, https:\/\/alancamposcpr.com\/inicio\/wp-content\/uploads\/2025\/06\/levantamieto2-1024x745.jpg 1024w, https:\/\/alancamposcpr.com\/inicio\/wp-content\/uploads\/2025\/06\/levantamieto2-768x559.jpg 768w, https:\/\/alancamposcpr.com\/inicio\/wp-content\/uploads\/2025\/06\/levantamieto2-1536x1118.jpg 1536w, https:\/\/alancamposcpr.com\/inicio\/wp-content\/uploads\/2025\/06\/levantamieto2-2048x1490.jpg 2048w\" sizes=\"auto, (max-width: 2560px) 100vw, 2560px\" \/><\/figure>\n\n\n\n<div class=\"wp-block-group is-vertical is-content-justification-center is-nowrap is-layout-flex wp-container-core-group-is-layout-21d4e958 wp-block-group-is-layout-flex\">\n<p class=\"has-text-align-center has-large-font-size\"><strong>Levantamiento de senos<\/strong><\/p>\n\n\n\n<div class=\"wp-block-buttons is-layout-flex wp-block-buttons-is-layout-flex\">\n<div class=\"wp-block-button\"><a class=\"wp-block-button__link has-background wp-element-button\" href=\"https:\/\/alancamposcpr.com\/inicio\/levantamiento-de-senos\/\" style=\"background-color:#34316c\">Saber m\u00e1s&#8230;<\/a><\/div>\n<\/div>\n<\/div>\n<\/div>\n<\/div>\n<\/div>\n\n\n\n<div class=\"wp-block-group alignfull is-style-section-5 has-background has-global-padding is-layout-constrained wp-block-group-is-layout-constrained\" style=\"background-color:#34316c;margin-top:0;margin-bottom:0;padding-top:var(--wp--preset--spacing--50);padding-bottom:var(--wp--preset--spacing--50)\">\n<div class=\"wp-block-columns alignwide has-base-color has-text-color has-link-color wp-elements-60f72fb29e7030a8eb5077a1cc306551 is-layout-flex wp-container-core-columns-is-layout-7ee84d44 wp-block-columns-is-layout-flex\">\n<div class=\"wp-block-column is-vertically-aligned-center is-layout-flow wp-block-column-is-layout-flow\" style=\"flex-basis:50%\">\n<h2 class=\"wp-block-heading has-text-color has-link-color wp-elements-83978b117e4b63484832a6442965a4fe\" style=\"color:#d6b380\">Cirug\u00edas mamarias: equilibrio, bienestar y confianza <\/h2>\n\n\n\n<p class=\"has-medium-font-size\">Las cirug\u00edas mamarias no solo transforman la figura, tambi\u00e9n impactan de forma positiva en la autoestima, la comodidad y el bienestar. Existen diferentes procedimientos, y cada uno se adapta a lo que est\u00e1s buscando.<\/p>\n\n\n\n<p><strong>Aumento de busto:<\/strong> ideal para realzar el volumen y proyecci\u00f3n del pecho, ya sea por gusto personal o tras cambios como embarazo o p\u00e9rdida de peso.<\/p>\n\n\n\n<p><strong>Reducci\u00f3n mamaria:<\/strong> recomendada para aliviar molestias f\u00edsicas ocasionadas por un busto muy grande, como dolor de espalda, hombros o cuello.<\/p>\n\n\n\n<p><strong>Levantamiento de senos (mastopexia):<\/strong> reposiciona y reafirma el busto ca\u00eddo, devolviendo una apariencia m\u00e1s firme y juvenil, sin necesidad de aumentar el tama\u00f1o (aunque puede combinarse con implantes si se desea).<\/p>\n\n\n\n<p><strong>Ginecomastia en hombres:<\/strong> corrige el exceso de tejido mamario para lograr un pecho plano y definido, mejorando tanto el aspecto f\u00edsico como la confianza.<\/p>\n\n\n\n<p class=\"has-medium-font-size\">Cada procedimiento se realiza de forma personalizada, con base en una valoraci\u00f3n profesional, cuidando tu salud y buscando resultados naturales que reflejen lo que deseas.<\/p>\n<\/div>\n\n\n\n<div class=\"wp-block-column is-vertically-aligned-center is-layout-flow wp-block-column-is-layout-flow\" style=\"flex-basis:50%\">\n<figure data-aos-duration=\"800\" data-aos-easing=\"ease-out-cubic\" data-aos-once=\"true\" data-aos=\"scale-in-x\" class=\"wp-block-image size-full has-custom-border\"><img loading=\"lazy\" decoding=\"async\" width=\"2560\" height=\"1707\" src=\"https:\/\/alancamposcpr.com\/inicio\/wp-content\/uploads\/2025\/06\/mujer-marcada-para-cirugia-estetica-scaled.jpg\" alt=\"\" class=\"wp-image-297\" style=\"border-radius:41px;aspect-ratio:1;object-fit:cover\" srcset=\"https:\/\/alancamposcpr.com\/inicio\/wp-content\/uploads\/2025\/06\/mujer-marcada-para-cirugia-estetica-scaled.jpg 2560w, https:\/\/alancamposcpr.com\/inicio\/wp-content\/uploads\/2025\/06\/mujer-marcada-para-cirugia-estetica-300x200.jpg 300w, https:\/\/alancamposcpr.com\/inicio\/wp-content\/uploads\/2025\/06\/mujer-marcada-para-cirugia-estetica-1024x683.jpg 1024w, https:\/\/alancamposcpr.com\/inicio\/wp-content\/uploads\/2025\/06\/mujer-marcada-para-cirugia-estetica-768x512.jpg 768w, https:\/\/alancamposcpr.com\/inicio\/wp-content\/uploads\/2025\/06\/mujer-marcada-para-cirugia-estetica-1536x1024.jpg 1536w, https:\/\/alancamposcpr.com\/inicio\/wp-content\/uploads\/2025\/06\/mujer-marcada-para-cirugia-estetica-2048x1365.jpg 2048w\" sizes=\"auto, (max-width: 2560px) 100vw, 2560px\" \/><\/figure>\n<\/div>\n<\/div>\n<\/div>\n\n\n\n<div class=\"wp-block-group alignfull has-background has-global-padding is-layout-constrained wp-container-core-group-is-layout-18357c81 wp-block-group-is-layout-constrained\" style=\"background-color:#9c7b4b;margin-top:0;margin-bottom:0;padding-top:var(--wp--preset--spacing--10);padding-right:var(--wp--preset--spacing--50);padding-bottom:var(--wp--preset--spacing--10);padding-left:var(--wp--preset--spacing--50)\">\n<h1 class=\"wp-block-heading has-text-align-center has-base-2-color has-text-color has-link-color has-x-large-font-size wp-elements-741373a563abdb4e526354329e37f03d\" data-aos=\"zoom-in\" data-aos-duration=\"1100\">M\u00e1s procedimientos<\/h1>\n<\/div>\n\n\n\n<div class=\"wp-block-group alignfull has-base-2-background-color has-background has-global-padding is-layout-constrained wp-container-core-group-is-layout-aff63992 wp-block-group-is-layout-constrained\" style=\"margin-top:0;margin-bottom:0;padding-top:0;padding-right:var(--wp--preset--spacing--50);padding-bottom:0;padding-left:var(--wp--preset--spacing--50)\">\n<div class=\"wp-block-group alignwide has-base-2-background-color has-background has-global-padding is-layout-constrained wp-container-core-group-is-layout-80fb368b wp-block-group-is-layout-constrained\" style=\"border-radius:16px;padding-top:var(--wp--preset--spacing--30);padding-right:var(--wp--preset--spacing--30);padding-bottom:var(--wp--preset--spacing--30);padding-left:var(--wp--preset--spacing--30)\">\n<div class=\"wp-block-columns alignwide is-layout-flex wp-container-core-columns-is-layout-06670bbc wp-block-columns-is-layout-flex\">\n<div class=\"wp-block-column is-layout-flow wp-block-column-is-layout-flow\" style=\"border-top-style:none;border-top-width:0px;padding-top:var(--wp--preset--spacing--30);padding-right:var(--wp--preset--spacing--30);padding-bottom:var(--wp--preset--spacing--10);padding-left:var(--wp--preset--spacing--30)\">\n<div class=\"wp-block-buttons is-content-justification-center is-layout-flex wp-container-core-buttons-is-layout-a89b3969 wp-block-buttons-is-layout-flex\">\n<div class=\"wp-block-button has-custom-width wp-block-button__width-100 is-style-outline is-style-outline--5\"><a class=\"wp-block-button__link wp-element-button\" href=\"https:\/\/alancamposcpr.com\/inicio\/aumento-mamario\/\">Aumento mamario<\/a><\/div>\n\n\n\n<div class=\"wp-block-button has-custom-width wp-block-button__width-100 is-style-outline is-style-outline--6\"><a class=\"wp-block-button__link wp-element-button\" href=\"https:\/\/alancamposcpr.com\/inicio\/reduccion-mamaria\/\">Reducci\u00f3n mamaria<\/a><\/div>\n\n\n\n<div class=\"wp-block-button has-custom-width wp-block-button__width-100 is-style-outline is-style-outline--7\"><a class=\"wp-block-button__link wp-element-button\" href=\"https:\/\/alancamposcpr.com\/inicio\/ginecomastia\/\">Ginecomastia<\/a><\/div>\n\n\n\n<div class=\"wp-block-button has-custom-width wp-block-button__width-100 is-style-outline is-style-outline--8\"><a class=\"wp-block-button__link wp-element-button\" href=\"https:\/\/alancamposcpr.com\/inicio\/levantamiento-de-senos\/\">Levantamiento de senos<\/a><\/div>\n\n\n\n<div class=\"wp-block-button has-custom-width wp-block-button__width-100 is-style-outline is-style-outline--9\"><a class=\"wp-block-button__link wp-element-button\" href=\"https:\/\/alancamposcpr.com\/inicio\/facelift\/\">Facelift<\/a><\/div>\n<\/div>\n<\/div>\n\n\n\n<div class=\"wp-block-column is-layout-flow wp-block-column-is-layout-flow\" style=\"border-top-style:none;border-top-width:0px;padding-top:var(--wp--preset--spacing--30);padding-right:var(--wp--preset--spacing--30);padding-bottom:var(--wp--preset--spacing--10);padding-left:var(--wp--preset--spacing--30)\">\n<div class=\"wp-block-buttons is-content-justification-center is-layout-flex wp-container-core-buttons-is-layout-a89b3969 wp-block-buttons-is-layout-flex\">\n<div class=\"wp-block-button has-custom-width wp-block-button__width-100 is-style-outline is-style-outline--10\"><a class=\"wp-block-button__link wp-element-button\" href=\"https:\/\/alancamposcpr.com\/inicio\/rinoplastia\/\">Rinoplastia<\/a><\/div>\n\n\n\n<div class=\"wp-block-button has-custom-width wp-block-button__width-100 is-style-outline is-style-outline--11\"><a class=\"wp-block-button__link wp-element-button\" href=\"https:\/\/alancamposcpr.com\/inicio\/otoplastia\/\">Otoplastia<\/a><\/div>\n\n\n\n<div class=\"wp-block-button has-custom-width wp-block-button__width-100 is-style-outline is-style-outline--12\"><a class=\"wp-block-button__link wp-element-button\" href=\"https:\/\/alancamposcpr.com\/inicio\/blefaroplastia\/\">Blefaroplastia<\/a><\/div>\n\n\n\n<div class=\"wp-block-button has-custom-width wp-block-button__width-100 is-style-outline is-style-outline--13\"><a class=\"wp-block-button__link wp-element-button\" href=\"https:\/\/alancamposcpr.com\/inicio\/mentoplastia\/\">Mentoplastia<\/a><\/div>\n\n\n\n<div class=\"wp-block-button has-custom-width wp-block-button__width-100 is-style-outline is-style-outline--14\"><a class=\"wp-block-button__link wp-element-button\" href=\"https:\/\/alancamposcpr.com\/inicio\/bichectomia\/\">Bichectom\u00eda<\/a><\/div>\n<\/div>\n<\/div>\n\n\n\n<div class=\"wp-block-column is-layout-flow wp-block-column-is-layout-flow\" style=\"border-top-style:none;border-top-width:0px;padding-top:var(--wp--preset--spacing--30);padding-right:var(--wp--preset--spacing--30);padding-bottom:var(--wp--preset--spacing--10);padding-left:var(--wp--preset--spacing--30)\">\n<div class=\"wp-block-buttons is-content-justification-center is-layout-flex wp-container-core-buttons-is-layout-a89b3969 wp-block-buttons-is-layout-flex\">\n<div class=\"wp-block-button has-custom-width wp-block-button__width-100 is-style-outline is-style-outline--15\"><a class=\"wp-block-button__link wp-element-button\" href=\"https:\/\/alancamposcpr.com\/inicio\/lipoabdominoplastia\/\">Lipoabdominoplastia<\/a><\/div>\n\n\n\n<div class=\"wp-block-button has-custom-width wp-block-button__width-100 is-style-outline is-style-outline--16\"><a class=\"wp-block-button__link wp-element-button\" href=\"https:\/\/alancamposcpr.com\/inicio\/lipoescultura\/\">Lipoescultura<\/a><\/div>\n\n\n\n<div class=\"wp-block-button has-custom-width wp-block-button__width-100 is-style-outline is-style-outline--17\"><a class=\"wp-block-button__link wp-element-button\" href=\"https:\/\/alancamposcpr.com\/inicio\/braquiplastia\/\">Braquiplastia<\/a><\/div>\n\n\n\n<div class=\"wp-block-button has-custom-width wp-block-button__width-100 is-style-outline is-style-outline--18\"><a class=\"wp-block-button__link wp-element-button\" href=\"https:\/\/alancamposcpr.com\/inicio\/cruroplastia\/\">Cruroplastia<\/a><\/div>\n\n\n\n<div class=\"wp-block-button has-custom-width wp-block-button__width-100 is-style-outline is-style-outline--19\"><a class=\"wp-block-button__link wp-element-button\" href=\"https:\/\/alancamposcpr.com\/inicio\/procedimientos-no-quirurgicos\/\">No quir\u00fargicos<\/a><\/div>\n<\/div>\n<\/div>\n<\/div>\n<\/div>\n<\/div>\n\n\n\n<aside class=\"wp-block-group alignfull is-style-section-3 has-background has-global-padding is-layout-constrained wp-container-core-group-is-layout-ca844d70 wp-block-group-is-layout-constrained\" style=\"background-color:#e7e7e7;margin-top:0;margin-bottom:0;padding-top:var(--wp--preset--spacing--30);padding-right:var(--wp--preset--spacing--50);padding-bottom:var(--wp--preset--spacing--30);padding-left:var(--wp--preset--spacing--50)\">\n<div class=\"wp-block-group is-vertical is-content-justification-center is-layout-flex wp-container-core-group-is-layout-8778ca4a wp-block-group-is-layout-flex\" style=\"min-height:360px;margin-top:0;margin-bottom:0\">\n<h2 class=\"wp-block-heading has-text-align-center has-x-large-font-size\" data-aos=\"zoom-in\" data-aos-delay=\"400\" data-aos-duration=\"1350\">Atenci\u00f3n personalizada. Cont\u00e1ctame y juntos dise\u00f1amos tu cambio<\/h2>\n\n\n\n<div style=\"height:0px\" aria-hidden=\"true\" class=\"wp-block-spacer wp-container-content-62aae154\"><\/div>\n\n\n\n<div class=\"wp-block-buttons is-content-justification-center is-layout-flex wp-container-core-buttons-is-layout-a89b3969 wp-block-buttons-is-layout-flex\">\n<div class=\"wp-block-button\" data-aos=\"zoom-in\" data-aos-delay=\"350\" data-aos-duration=\"1000\"><a class=\"wp-block-button__link has-background has-medium-font-size has-text-align-center has-custom-font-size wp-element-button\" href=\"https:\/\/wa.me\/5632630638\" style=\"background-color:#9c7b4b\" target=\"_blank\" rel=\"noreferrer noopener\">Agenda tu cita de valoraci\u00f3n<\/a><\/div>\n<\/div>\n<\/div>\n<\/aside>\n","protected":false},"excerpt":{"rendered":"<p>Cirug\u00edas mamar\u00edas Cirug\u00edas mamarias: equilibrio, bienestar y confianza Las cirug\u00edas mamarias no solo transforman la figura, tambi\u00e9n impactan de forma positiva en la autoestima, la comodidad y el bienestar. Existen diferentes procedimientos, y cada uno se adapta a lo que est\u00e1s buscando. Aumento de busto: ideal para realzar el volumen y proyecci\u00f3n del pecho, ya [&hellip;]<\/p>\n","protected":false},"author":1,"featured_media":0,"parent":0,"menu_order":6,"comment_status":"closed","ping_status":"closed","template":"page-no-title","meta":{"footnotes":""},"class_list":["post-24","page","type-page","status-publish","hentry"],"_links":{"self":[{"href":"https:\/\/alancamposcpr.com\/inicio\/wp-json\/wp\/v2\/pages\/24","targetHints":{"allow":["GET"]}}],"collection":[{"href":"https:\/\/alancamposcpr.com\/inicio\/wp-json\/wp\/v2\/pages"}],"about":[{"href":"https:\/\/alancamposcpr.com\/inicio\/wp-json\/wp\/v2\/types\/page"}],"author":[{"embeddable":true,"href":"https:\/\/alancamposcpr.com\/inicio\/wp-json\/wp\/v2\/users\/1"}],"replies":[{"embeddable":true,"href":"https:\/\/alancamposcpr.com\/inicio\/wp-json\/wp\/v2\/comments?post=24"}],"version-history":[{"count":7,"href":"https:\/\/alancamposcpr.com\/inicio\/wp-json\/wp\/v2\/pages\/24\/revisions"}],"predecessor-version":[{"id":614,"href":"https:\/\/alancamposcpr.com\/inicio\/wp-json\/wp\/v2\/pages\/24\/revisions\/614"}],"wp:attachment":[{"href":"https:\/\/alancamposcpr.com\/inicio\/wp-json\/wp\/v2\/media?parent=24"}],"curies":[{"name":"wp","href":"https:\/\/api.w.org\/{rel}","templated":true}]}}