{"id":28,"date":"2025-06-20T18:57:08","date_gmt":"2025-06-20T18:57:08","guid":{"rendered":"https:\/\/alancamposcpr.com\/inicio\/?page_id=28"},"modified":"2025-07-01T16:49:25","modified_gmt":"2025-07-01T22:49:25","slug":"reduccion-mamaria","status":"publish","type":"page","link":"https:\/\/alancamposcpr.com\/inicio\/reduccion-mamaria\/","title":{"rendered":"Reducci\u00f3n mamaria"},"content":{"rendered":"\n<div class=\"wp-block-group alignfull has-background has-global-padding is-layout-constrained wp-container-core-group-is-layout-5686dad4 wp-block-group-is-layout-constrained\" style=\"background-color:#9c7b4b;margin-top:0;margin-bottom:0;padding-top:var(--wp--preset--spacing--40);padding-right:var(--wp--preset--spacing--50);padding-bottom:var(--wp--preset--spacing--40);padding-left:var(--wp--preset--spacing--50)\">\n<h1 class=\"wp-block-heading has-text-align-center has-base-2-color has-text-color has-link-color has-xx-large-font-size wp-elements-6d365ee4e1ef66c91ff8b0735dc756e5\" data-aos=\"slide-up\" data-aos-delay=\"550\" data-aos-duration=\"1350\"><strong>Reducci\u00f3n mamaria<\/strong><\/h1>\n<\/div>\n\n\n\n<div class=\"wp-block-group alignfull is-style-section-5 has-base-2-color has-text-color has-background has-link-color wp-elements-5b7f89583f0b65315a7b1f9c5dc6b980 has-global-padding is-layout-constrained wp-block-group-is-layout-constrained\" style=\"background-color:#34316c;margin-top:0;margin-bottom:0;padding-top:var(--wp--preset--spacing--40);padding-bottom:var(--wp--preset--spacing--40)\">\n<div class=\"wp-block-columns alignwide is-layout-flex wp-container-core-columns-is-layout-7ee84d44 wp-block-columns-is-layout-flex\">\n<div class=\"wp-block-column is-vertically-aligned-center is-layout-flow wp-block-column-is-layout-flow\" style=\"flex-basis:50%\">\n<p class=\"has-text-color has-link-color has-large-font-size wp-elements-c40505766a51cc51f6186469d15ca80f\" style=\"color:#d6b380\">Acerca del procedimiento<\/p>\n\n\n\n<p>La reducci\u00f3n mamaria consiste en la extirpaci\u00f3n de piel, grasa y tejido mamario con el fin de disminuir el tama\u00f1o de los senos. En la consulta debes manifestar lo que sientes y esperas de la cirug\u00eda. Perm\u00edteme saber la percepci\u00f3n que tienes tu busto y lo que te gustar\u00eda obtener con el procedimiento.<\/p>\n\n\n\n<p class=\"has-text-color has-link-color has-large-font-size wp-elements-b1124049e973f446138f0c9b7a014ce7\" style=\"color:#d6b380\">\u00bfPor qu\u00e9 operarse?<\/p>\n\n\n\n<p class=\"has-medium-font-size\">Las razones por las que las pacientes acuden a consulta con el cirujano pl\u00e1stico est\u00e1n relacionadas con problemas f\u00edsicos y psicol\u00f3gicos que produce la hipertrofia mamaria. En general, las pacientes que acuden a consulta de cirug\u00eda est\u00e9tica lo hacen remitidas por sus centros de salud o por m\u00e9dicos especialistas en Traumatolog\u00eda o Reumatolog\u00eda. Sin embargo, adem\u00e1s del dolor de cuello y espalda existen otros motivos, incluido el est\u00e9tico, que llevan a las pacientes hasta la consulta con el cirujano pl\u00e1stico.<\/p>\n<\/div>\n\n\n\n<div class=\"wp-block-column is-vertically-aligned-center is-layout-flow wp-block-column-is-layout-flow\" style=\"flex-basis:50%\">\n<figure data-aos-duration=\"800\" data-aos-easing=\"ease-out-cubic\" data-aos-once=\"true\" data-aos=\"scale-in-x\" class=\"wp-block-image size-full has-custom-border\"><img loading=\"lazy\" decoding=\"async\" width=\"1599\" height=\"1066\" src=\"https:\/\/alancamposcpr.com\/inicio\/wp-content\/uploads\/2025\/06\/red_mama1.webp\" alt=\"\" class=\"wp-image-318\" style=\"border-radius:30px;aspect-ratio:1;object-fit:cover\" srcset=\"https:\/\/alancamposcpr.com\/inicio\/wp-content\/uploads\/2025\/06\/red_mama1.webp 1599w, https:\/\/alancamposcpr.com\/inicio\/wp-content\/uploads\/2025\/06\/red_mama1-300x200.webp 300w, https:\/\/alancamposcpr.com\/inicio\/wp-content\/uploads\/2025\/06\/red_mama1-1024x683.webp 1024w, https:\/\/alancamposcpr.com\/inicio\/wp-content\/uploads\/2025\/06\/red_mama1-768x512.webp 768w, https:\/\/alancamposcpr.com\/inicio\/wp-content\/uploads\/2025\/06\/red_mama1-1536x1024.webp 1536w\" sizes=\"auto, (max-width: 1599px) 100vw, 1599px\" \/><\/figure>\n<\/div>\n<\/div>\n<\/div>\n\n\n\n<div class=\"wp-block-group alignfull is-style-section-2 has-global-padding is-layout-constrained wp-block-group-is-layout-constrained\" style=\"margin-top:0;margin-bottom:0;padding-top:var(--wp--preset--spacing--40);padding-bottom:var(--wp--preset--spacing--40)\">\n<div class=\"wp-block-columns alignwide is-layout-flex wp-container-core-columns-is-layout-643ced6b wp-block-columns-is-layout-flex\">\n<div class=\"wp-block-column is-layout-flow wp-block-column-is-layout-flow\" style=\"flex-basis:40%\">\n<figure data-aos-duration=\"800\" data-aos-easing=\"ease-out-cubic\" data-aos-once=\"true\" data-aos=\"scale-in-x\" class=\"wp-block-image size-full\"><img loading=\"lazy\" decoding=\"async\" width=\"533\" height=\"533\" src=\"https:\/\/alancamposcpr.com\/inicio\/wp-content\/uploads\/2025\/06\/red_mama2-edited.webp\" alt=\"\" class=\"wp-image-320\" srcset=\"https:\/\/alancamposcpr.com\/inicio\/wp-content\/uploads\/2025\/06\/red_mama2-edited.webp 533w, https:\/\/alancamposcpr.com\/inicio\/wp-content\/uploads\/2025\/06\/red_mama2-edited-300x300.webp 300w, https:\/\/alancamposcpr.com\/inicio\/wp-content\/uploads\/2025\/06\/red_mama2-edited-150x150.webp 150w\" sizes=\"auto, (max-width: 533px) 100vw, 533px\" \/><\/figure>\n<\/div>\n\n\n\n<div class=\"wp-block-column is-vertically-aligned-center is-layout-flow wp-container-core-column-is-layout-119bc444 wp-block-column-is-layout-flow\" style=\"flex-basis:60%\">\n<h2 class=\"wp-block-heading has-large-font-size\">Beneficios<\/h2>\n\n\n\n<ul data-aos-duration=\"800\" data-aos-easing=\"ease-out-cubic\" data-aos-once=\"true\" data-aos=\"scale-in-x\" class=\"wp-block-list\">\n<li>Reducir el tama\u00f1o de los senos puede aliviar el dolor de espalda, cuello y hombros.<\/li>\n\n\n\n<li>Con menos peso en el pecho, muchas mujeres experimentan una mejora en su postura.<\/li>\n\n\n\n<li>Despu\u00e9s de la cirug\u00eda, es m\u00e1s f\u00e1cil participar en actividades f\u00edsicas y deportivas.<\/li>\n\n\n\n<li>La reducci\u00f3n mamaria puede mejorar la proporci\u00f3n corporal y aumentar la confianza en uno mismo.<\/li>\n\n\n\n<li>Mejora la proporci\u00f3n corporal y la confianza.<\/li>\n<\/ul>\n<\/div>\n<\/div>\n<\/div>\n\n\n\n<div class=\"wp-block-group alignfull has-base-color has-text-color has-background has-link-color wp-elements-483f02792d3d883456909c22e3861066 has-global-padding is-layout-constrained wp-container-core-group-is-layout-32a46761 wp-block-group-is-layout-constrained\" style=\"background-color:#151544;margin-top:0;margin-bottom:0;padding-top:var(--wp--preset--spacing--40);padding-right:var(--wp--preset--spacing--50);padding-bottom:var(--wp--preset--spacing--40);padding-left:var(--wp--preset--spacing--50)\">\n<h2 class=\"wp-block-heading alignwide has-base-color has-text-color has-link-color wp-elements-e3c5deaf6e68336d95ea657341a66f3c\" style=\"font-size:clamp(1.502rem, 1.502rem + ((1vw - 0.2rem) * 1.663), 2.5rem);letter-spacing:-0.02em\" data-aos=\"slide-right\" data-aos-delay=\"400\" data-aos-duration=\"1400\">PREGUNTAS FRECUENTES<\/h2>\n\n\n\n<div class=\"wp-block-group alignwide is-layout-flow wp-block-group-is-layout-flow\">\n<hr class=\"wp-block-separator has-text-color has-base-color has-alpha-channel-opacity has-base-background-color has-background is-style-wide\" style=\"margin-top:var(--wp--preset--spacing--30);margin-bottom:var(--wp--preset--spacing--30)\"\/>\n\n\n\n<h3 class=\"wp-block-heading alignwide has-base-2-color has-text-color has-link-color wp-elements-d2f328e7dffc85feeb4b267cb25e68b1\">\u00bfSe puede amamantar despu\u00e9s de la cirug\u00eda?<\/h3>\n\n\n\n<p class=\"has-contrast-1-color has-text-color has-link-color wp-elements-5cc9344459b8bea7b25469e398d45186\">Por lo general, la funci\u00f3n de la gl\u00e1ndula mamaria se conserva, aunque la posibilidad de perder la capacidad de amamantar existe. Depender\u00e1 mucho del grado de reducci\u00f3n mamaria que se realice.<\/p>\n\n\n\n<hr class=\"wp-block-separator has-text-color has-base-color has-alpha-channel-opacity has-base-background-color has-background is-style-wide\" style=\"margin-top:var(--wp--preset--spacing--30);margin-bottom:var(--wp--preset--spacing--30)\"\/>\n\n\n\n<h3 class=\"wp-block-heading alignwide has-base-2-color has-text-color has-link-color wp-elements-44159d7dabacee424fea84021ba29d6d\">\u00bfSe puede realizar la cirug\u00eda en adolescentes?<\/h3>\n\n\n\n<p class=\"has-contrast-1-color has-text-color has-link-color wp-elements-c0f228f93e661a661904277716b7a919\">La reducci\u00f3n mamaria es un procedimiento seguro y eficaz para aliviar el dolor del cuello y la espalda, as\u00ed como otros problemas que provoca el tener senos muy grandes. En la mayor\u00eda de los casos, se recomienda que las adolescentes esperen hasta terminar su desarrollo para someterse a la cirug\u00eda. Sin embargo, cuando los s\u00edntomas hacen dif\u00edcil realizar las actividades del d\u00eda a d\u00eda o interfieren con la calidad de vida, se puede realizar el procedimiento a pesar de que no haya terminado el desarrollo. En ese caso y si los senos todav\u00eda no han terminado de desarrollarse, existe la posibilidad de requerir una segunda operaci\u00f3n m\u00e1s adelante.<\/p>\n\n\n\n<hr class=\"wp-block-separator has-text-color has-base-color has-alpha-channel-opacity has-base-background-color has-background is-style-wide\" style=\"margin-top:var(--wp--preset--spacing--30);margin-bottom:var(--wp--preset--spacing--30)\"\/>\n\n\n\n<h3 class=\"wp-block-heading alignwide has-base-2-color has-text-color has-link-color wp-elements-b94ac73f9417355363dc52a68461084e\">\u00bfEsta cirug\u00eda deja cicatrices?<\/h3>\n\n\n\n<p class=\"has-contrast-1-color has-text-color has-link-color wp-elements-d755d239fa58b27bd26e32c8d2a77385\">La reducci\u00f3n mamaria, como cualquier otra cirug\u00eda deja cicatrices para toda la vida, sin embargo, se disimulan bajo la ropa interior o el bikini. Con el paso del tiempo, las cicatrices ir\u00e1n not\u00e1ndose menos. Los problemas de cicatrizaci\u00f3n son m\u00e1s frecuentes en aquellas personas que fuman.<\/p>\n\n\n\n<div style=\"margin-top:var(--wp--preset--spacing--10);margin-bottom:0;height:var(--wp--preset--spacing--10)\" aria-hidden=\"true\" class=\"wp-block-spacer\"><\/div>\n<\/div>\n<\/div>\n\n\n\n<figure class=\"wp-block-gallery alignwide has-nested-images columns-default is-cropped wp-block-gallery-1 is-layout-flex wp-block-gallery-is-layout-flex\">\n<figure class=\"wp-block-image size-large\" data-aos=\"zoom-in\"><img loading=\"lazy\" decoding=\"async\" width=\"1024\" height=\"689\" data-id=\"572\" src=\"https:\/\/alancamposcpr.com\/inicio\/wp-content\/uploads\/2025\/07\/Reduccin-mamaria3-1-1024x689.png\" alt=\"\" class=\"wp-image-572\" srcset=\"https:\/\/alancamposcpr.com\/inicio\/wp-content\/uploads\/2025\/07\/Reduccin-mamaria3-1-1024x689.png 1024w, https:\/\/alancamposcpr.com\/inicio\/wp-content\/uploads\/2025\/07\/Reduccin-mamaria3-1-300x202.png 300w, https:\/\/alancamposcpr.com\/inicio\/wp-content\/uploads\/2025\/07\/Reduccin-mamaria3-1-768x517.png 768w, https:\/\/alancamposcpr.com\/inicio\/wp-content\/uploads\/2025\/07\/Reduccin-mamaria3-1-1536x1033.png 1536w, https:\/\/alancamposcpr.com\/inicio\/wp-content\/uploads\/2025\/07\/Reduccin-mamaria3-1.png 1784w\" sizes=\"auto, (max-width: 1024px) 100vw, 1024px\" \/><\/figure>\n<\/figure>\n\n\n\n<div class=\"wp-block-group alignfull has-background has-global-padding is-layout-constrained wp-container-core-group-is-layout-18357c81 wp-block-group-is-layout-constrained\" style=\"background-color:#9c7b4b;margin-top:0;margin-bottom:0;padding-top:var(--wp--preset--spacing--10);padding-right:var(--wp--preset--spacing--50);padding-bottom:var(--wp--preset--spacing--10);padding-left:var(--wp--preset--spacing--50)\">\n<h1 class=\"wp-block-heading has-text-align-center has-base-2-color has-text-color has-link-color has-x-large-font-size wp-elements-741373a563abdb4e526354329e37f03d\" data-aos=\"zoom-in\" data-aos-duration=\"1100\">M\u00e1s procedimientos<\/h1>\n<\/div>\n\n\n\n<div class=\"wp-block-group alignfull has-base-2-background-color has-background has-global-padding is-layout-constrained wp-container-core-group-is-layout-aff63992 wp-block-group-is-layout-constrained\" style=\"margin-top:0;margin-bottom:0;padding-top:0;padding-right:var(--wp--preset--spacing--50);padding-bottom:0;padding-left:var(--wp--preset--spacing--50)\">\n<div class=\"wp-block-group alignwide has-base-2-background-color has-background has-global-padding is-layout-constrained wp-container-core-group-is-layout-80fb368b wp-block-group-is-layout-constrained\" style=\"border-radius:16px;padding-top:var(--wp--preset--spacing--30);padding-right:var(--wp--preset--spacing--30);padding-bottom:var(--wp--preset--spacing--30);padding-left:var(--wp--preset--spacing--30)\">\n<div class=\"wp-block-columns alignwide is-layout-flex wp-container-core-columns-is-layout-06670bbc wp-block-columns-is-layout-flex\">\n<div class=\"wp-block-column is-layout-flow wp-block-column-is-layout-flow\" style=\"border-top-style:none;border-top-width:0px;padding-top:var(--wp--preset--spacing--30);padding-right:var(--wp--preset--spacing--30);padding-bottom:var(--wp--preset--spacing--10);padding-left:var(--wp--preset--spacing--30)\">\n<div class=\"wp-block-buttons is-content-justification-center is-layout-flex wp-container-core-buttons-is-layout-a89b3969 wp-block-buttons-is-layout-flex\">\n<div class=\"wp-block-button has-custom-width wp-block-button__width-100 is-style-outline is-style-outline--2\"><a class=\"wp-block-button__link wp-element-button\" href=\"https:\/\/alancamposcpr.com\/inicio\/aumento-mamario\/\">Aumento mamario<\/a><\/div>\n\n\n\n<div class=\"wp-block-button has-custom-width wp-block-button__width-100 is-style-outline is-style-outline--3\"><a class=\"wp-block-button__link wp-element-button\" href=\"https:\/\/alancamposcpr.com\/inicio\/reduccion-mamaria\/\">Reducci\u00f3n mamaria<\/a><\/div>\n\n\n\n<div class=\"wp-block-button has-custom-width wp-block-button__width-100 is-style-outline is-style-outline--4\"><a class=\"wp-block-button__link wp-element-button\" href=\"https:\/\/alancamposcpr.com\/inicio\/ginecomastia\/\">Ginecomastia<\/a><\/div>\n\n\n\n<div class=\"wp-block-button has-custom-width wp-block-button__width-100 is-style-outline is-style-outline--5\"><a class=\"wp-block-button__link wp-element-button\" href=\"https:\/\/alancamposcpr.com\/inicio\/levantamiento-de-senos\/\">Levantamiento de senos<\/a><\/div>\n\n\n\n<div class=\"wp-block-button has-custom-width wp-block-button__width-100 is-style-outline is-style-outline--6\"><a class=\"wp-block-button__link wp-element-button\" href=\"https:\/\/alancamposcpr.com\/inicio\/facelift\/\">Facelift<\/a><\/div>\n<\/div>\n<\/div>\n\n\n\n<div class=\"wp-block-column is-layout-flow wp-block-column-is-layout-flow\" style=\"border-top-style:none;border-top-width:0px;padding-top:var(--wp--preset--spacing--30);padding-right:var(--wp--preset--spacing--30);padding-bottom:var(--wp--preset--spacing--10);padding-left:var(--wp--preset--spacing--30)\">\n<div class=\"wp-block-buttons is-content-justification-center is-layout-flex wp-container-core-buttons-is-layout-a89b3969 wp-block-buttons-is-layout-flex\">\n<div class=\"wp-block-button has-custom-width wp-block-button__width-100 is-style-outline is-style-outline--7\"><a class=\"wp-block-button__link wp-element-button\" href=\"https:\/\/alancamposcpr.com\/inicio\/rinoplastia\/\">Rinoplastia<\/a><\/div>\n\n\n\n<div class=\"wp-block-button has-custom-width wp-block-button__width-100 is-style-outline is-style-outline--8\"><a class=\"wp-block-button__link wp-element-button\" href=\"https:\/\/alancamposcpr.com\/inicio\/otoplastia\/\">Otoplastia<\/a><\/div>\n\n\n\n<div class=\"wp-block-button has-custom-width wp-block-button__width-100 is-style-outline is-style-outline--9\"><a class=\"wp-block-button__link wp-element-button\" href=\"https:\/\/alancamposcpr.com\/inicio\/blefaroplastia\/\">Blefaroplastia<\/a><\/div>\n\n\n\n<div class=\"wp-block-button has-custom-width wp-block-button__width-100 is-style-outline is-style-outline--10\"><a class=\"wp-block-button__link wp-element-button\" href=\"https:\/\/alancamposcpr.com\/inicio\/mentoplastia\/\">Mentoplastia<\/a><\/div>\n\n\n\n<div class=\"wp-block-button has-custom-width wp-block-button__width-100 is-style-outline is-style-outline--11\"><a class=\"wp-block-button__link wp-element-button\" href=\"https:\/\/alancamposcpr.com\/inicio\/bichectomia\/\">Bichectom\u00eda<\/a><\/div>\n<\/div>\n<\/div>\n\n\n\n<div class=\"wp-block-column is-layout-flow wp-block-column-is-layout-flow\" style=\"border-top-style:none;border-top-width:0px;padding-top:var(--wp--preset--spacing--30);padding-right:var(--wp--preset--spacing--30);padding-bottom:var(--wp--preset--spacing--10);padding-left:var(--wp--preset--spacing--30)\">\n<div class=\"wp-block-buttons is-content-justification-center is-layout-flex wp-container-core-buttons-is-layout-a89b3969 wp-block-buttons-is-layout-flex\">\n<div class=\"wp-block-button has-custom-width wp-block-button__width-100 is-style-outline is-style-outline--12\"><a class=\"wp-block-button__link wp-element-button\" href=\"https:\/\/alancamposcpr.com\/inicio\/lipoabdominoplastia\/\">Lipoabdominoplastia<\/a><\/div>\n\n\n\n<div class=\"wp-block-button has-custom-width wp-block-button__width-100 is-style-outline is-style-outline--13\"><a class=\"wp-block-button__link wp-element-button\" href=\"https:\/\/alancamposcpr.com\/inicio\/lipoescultura\/\">Lipoescultura<\/a><\/div>\n\n\n\n<div class=\"wp-block-button has-custom-width wp-block-button__width-100 is-style-outline is-style-outline--14\"><a class=\"wp-block-button__link wp-element-button\" href=\"https:\/\/alancamposcpr.com\/inicio\/braquiplastia\/\">Braquiplastia<\/a><\/div>\n\n\n\n<div class=\"wp-block-button has-custom-width wp-block-button__width-100 is-style-outline is-style-outline--15\"><a class=\"wp-block-button__link wp-element-button\" href=\"https:\/\/alancamposcpr.com\/inicio\/cruroplastia\/\">Cruroplastia<\/a><\/div>\n\n\n\n<div class=\"wp-block-button has-custom-width wp-block-button__width-100 is-style-outline is-style-outline--16\"><a class=\"wp-block-button__link wp-element-button\" href=\"https:\/\/alancamposcpr.com\/inicio\/procedimientos-no-quirurgicos\/\">No quir\u00fargicos<\/a><\/div>\n<\/div>\n<\/div>\n<\/div>\n<\/div>\n<\/div>\n\n\n\n<aside class=\"wp-block-group alignfull is-style-section-3 has-background has-global-padding is-layout-constrained wp-container-core-group-is-layout-ca844d70 wp-block-group-is-layout-constrained\" style=\"background-color:#e7e7e7;margin-top:0;margin-bottom:0;padding-top:var(--wp--preset--spacing--30);padding-right:var(--wp--preset--spacing--50);padding-bottom:var(--wp--preset--spacing--30);padding-left:var(--wp--preset--spacing--50)\">\n<div class=\"wp-block-group is-vertical is-content-justification-center is-layout-flex wp-container-core-group-is-layout-8778ca4a wp-block-group-is-layout-flex\" style=\"min-height:360px;margin-top:0;margin-bottom:0\">\n<h2 class=\"wp-block-heading has-text-align-center has-x-large-font-size\" data-aos=\"zoom-in\" data-aos-delay=\"400\" data-aos-duration=\"1350\">Atenci\u00f3n personalizada. Cont\u00e1ctame y juntos dise\u00f1amos tu cambio<\/h2>\n\n\n\n<div style=\"height:0px\" aria-hidden=\"true\" class=\"wp-block-spacer wp-container-content-62aae154\"><\/div>\n\n\n\n<div class=\"wp-block-buttons is-content-justification-center is-layout-flex wp-container-core-buttons-is-layout-a89b3969 wp-block-buttons-is-layout-flex\">\n<div class=\"wp-block-button\" data-aos=\"zoom-in\" data-aos-delay=\"350\" data-aos-duration=\"1000\"><a class=\"wp-block-button__link has-background has-medium-font-size has-text-align-center has-custom-font-size wp-element-button\" href=\"https:\/\/wa.me\/5632630638\" style=\"background-color:#9c7b4b\" target=\"_blank\" rel=\"noreferrer noopener\">Agenda tu cita de valoraci\u00f3n<\/a><\/div>\n<\/div>\n<\/div>\n<\/aside>\n","protected":false},"excerpt":{"rendered":"<p>Reducci\u00f3n mamaria Acerca del procedimiento La reducci\u00f3n mamaria consiste en la extirpaci\u00f3n de piel, grasa y tejido mamario con el fin de disminuir el tama\u00f1o de los senos. En la consulta debes manifestar lo que sientes y esperas de la cirug\u00eda. Perm\u00edteme saber la percepci\u00f3n que tienes tu busto y lo que te gustar\u00eda obtener [&hellip;]<\/p>\n","protected":false},"author":1,"featured_media":0,"parent":0,"menu_order":6,"comment_status":"closed","ping_status":"closed","template":"page-no-title","meta":{"footnotes":""},"class_list":["post-28","page","type-page","status-publish","hentry"],"_links":{"self":[{"href":"https:\/\/alancamposcpr.com\/inicio\/wp-json\/wp\/v2\/pages\/28","targetHints":{"allow":["GET"]}}],"collection":[{"href":"https:\/\/alancamposcpr.com\/inicio\/wp-json\/wp\/v2\/pages"}],"about":[{"href":"https:\/\/alancamposcpr.com\/inicio\/wp-json\/wp\/v2\/types\/page"}],"author":[{"embeddable":true,"href":"https:\/\/alancamposcpr.com\/inicio\/wp-json\/wp\/v2\/users\/1"}],"replies":[{"embeddable":true,"href":"https:\/\/alancamposcpr.com\/inicio\/wp-json\/wp\/v2\/comments?post=28"}],"version-history":[{"count":8,"href":"https:\/\/alancamposcpr.com\/inicio\/wp-json\/wp\/v2\/pages\/28\/revisions"}],"predecessor-version":[{"id":620,"href":"https:\/\/alancamposcpr.com\/inicio\/wp-json\/wp\/v2\/pages\/28\/revisions\/620"}],"wp:attachment":[{"href":"https:\/\/alancamposcpr.com\/inicio\/wp-json\/wp\/v2\/media?parent=28"}],"curies":[{"name":"wp","href":"https:\/\/api.w.org\/{rel}","templated":true}]}}