{"id":30,"date":"2025-06-20T18:57:30","date_gmt":"2025-06-20T18:57:30","guid":{"rendered":"https:\/\/alancamposcpr.com\/inicio\/?page_id=30"},"modified":"2025-07-01T16:47:48","modified_gmt":"2025-07-01T22:47:48","slug":"ginecomastia","status":"publish","type":"page","link":"https:\/\/alancamposcpr.com\/inicio\/ginecomastia\/","title":{"rendered":"Ginecomastia"},"content":{"rendered":"\n<div class=\"wp-block-group alignfull has-base-2-color has-text-color has-background has-link-color wp-elements-b85ee667fe65c8fdf2515ba4a10e9d8a has-global-padding is-layout-constrained wp-container-core-group-is-layout-5686dad4 wp-block-group-is-layout-constrained\" style=\"background-color:#9c7b4b;margin-top:0;margin-bottom:0;padding-top:var(--wp--preset--spacing--40);padding-right:var(--wp--preset--spacing--50);padding-bottom:var(--wp--preset--spacing--40);padding-left:var(--wp--preset--spacing--50)\">\n<p class=\"has-text-align-center has-heading-font-family has-xx-large-font-size\" data-aos=\"slide-up\" data-aos-delay=\"500\" data-aos-duration=\"1450\"><strong>Ginecomastia<\/strong><\/p>\n<\/div>\n\n\n\n<div class=\"wp-block-group alignfull is-style-section-5 has-base-2-color has-text-color has-background has-link-color wp-elements-3f36a0df77db1cb7475798df7f58da5c has-global-padding is-layout-constrained wp-block-group-is-layout-constrained\" style=\"background-color:#34316c;margin-top:0;margin-bottom:0;padding-top:var(--wp--preset--spacing--50);padding-bottom:var(--wp--preset--spacing--50)\">\n<div class=\"wp-block-columns alignwide is-layout-flex wp-container-core-columns-is-layout-7ee84d44 wp-block-columns-is-layout-flex\">\n<div class=\"wp-block-column is-vertically-aligned-center is-layout-flow wp-block-column-is-layout-flow\" style=\"flex-basis:50%\">\n<p class=\"has-text-color has-link-color has-large-font-size wp-elements-c40505766a51cc51f6186469d15ca80f\" style=\"color:#d6b380\">Acerca del procedimiento<\/p>\n\n\n\n<p>La ginecomastia es el crecimiento de una o ambas gl\u00e1ndulas mamarias en el hombre. Es causada por un desequilibrio hormonal entre los niveles de estr\u00f3geno, testosterona y prolactina. Puede ocurrir en cualquier etapa de la vida, desde la adolescencia hasta la adultez. Esta condici\u00f3n puede ser provocada por factores gen\u00e9ticos, trastornos hormonales, mala alimentaci\u00f3n o el uso de anab\u00f3licos, enfermedades hep\u00e1ticas, consumo de algunos medicamentos o enfermedades testiculares. Los hombres sometidos a tratamiento con estr\u00f3genos u obesos pueden desarrollar ac\u00famulos de grasa en forma de mama, lo que se conoce como pseudoginecomastia.<\/p>\n\n\n\n<p class=\"has-text-color has-link-color has-large-font-size wp-elements-b1124049e973f446138f0c9b7a014ce7\" style=\"color:#d6b380\">\u00bfPor qu\u00e9 operarse?<\/p>\n\n\n\n<p class=\"has-medium-font-size\">Por lo general, es una manifestaci\u00f3n que se da en edades tempranas y puede presentarse de dos maneras ginecomastia con exceso de grasa y gl\u00e1ndula mamaria o pseudoginecomastia con exceso \u00fanicamente de grasa. Entre los beneficios de la cirug\u00eda se encuentran: Mejora de la apariencia, aumento de la confianza y autoestima.<\/p>\n<\/div>\n\n\n\n<div class=\"wp-block-column is-vertically-aligned-center is-layout-flow wp-block-column-is-layout-flow\" style=\"flex-basis:50%\">\n<figure data-aos-duration=\"800\" data-aos-easing=\"ease-out-cubic\" data-aos-once=\"true\" data-aos=\"scale-in-x\" class=\"wp-block-image size-full has-custom-border\"><img loading=\"lazy\" decoding=\"async\" width=\"2052\" height=\"1779\" src=\"https:\/\/alancamposcpr.com\/inicio\/wp-content\/uploads\/2025\/06\/Ginecomastia-3.jpg\" alt=\"\" class=\"wp-image-346\" style=\"border-radius:20px;aspect-ratio:1;object-fit:cover\" srcset=\"https:\/\/alancamposcpr.com\/inicio\/wp-content\/uploads\/2025\/06\/Ginecomastia-3.jpg 2052w, https:\/\/alancamposcpr.com\/inicio\/wp-content\/uploads\/2025\/06\/Ginecomastia-3-300x260.jpg 300w, https:\/\/alancamposcpr.com\/inicio\/wp-content\/uploads\/2025\/06\/Ginecomastia-3-1024x888.jpg 1024w, https:\/\/alancamposcpr.com\/inicio\/wp-content\/uploads\/2025\/06\/Ginecomastia-3-768x666.jpg 768w, https:\/\/alancamposcpr.com\/inicio\/wp-content\/uploads\/2025\/06\/Ginecomastia-3-1536x1332.jpg 1536w, https:\/\/alancamposcpr.com\/inicio\/wp-content\/uploads\/2025\/06\/Ginecomastia-3-2048x1776.jpg 2048w\" sizes=\"auto, (max-width: 2052px) 100vw, 2052px\" \/><\/figure>\n<\/div>\n<\/div>\n<\/div>\n\n\n\n<div class=\"wp-block-group alignfull is-style-section-2 has-background has-global-padding is-layout-constrained wp-block-group-is-layout-constrained\" style=\"background-color:#e7e7e7;margin-top:0;margin-bottom:0;padding-top:var(--wp--preset--spacing--40);padding-bottom:var(--wp--preset--spacing--40)\">\n<div class=\"wp-block-columns alignwide is-layout-flex wp-container-core-columns-is-layout-643ced6b wp-block-columns-is-layout-flex\">\n<div class=\"wp-block-column is-layout-flow wp-block-column-is-layout-flow\" style=\"flex-basis:40%\">\n<figure data-aos-duration=\"800\" data-aos-easing=\"ease-out-cubic\" data-aos-once=\"true\" data-aos=\"scale-in-x\" class=\"wp-block-image size-full has-custom-border\"><img loading=\"lazy\" decoding=\"async\" width=\"600\" height=\"800\" src=\"https:\/\/alancamposcpr.com\/inicio\/wp-content\/uploads\/2025\/06\/Ginecomastia2.webp\" alt=\"\" class=\"wp-image-347\" style=\"border-radius:20px\" srcset=\"https:\/\/alancamposcpr.com\/inicio\/wp-content\/uploads\/2025\/06\/Ginecomastia2.webp 600w, https:\/\/alancamposcpr.com\/inicio\/wp-content\/uploads\/2025\/06\/Ginecomastia2-225x300.webp 225w\" sizes=\"auto, (max-width: 600px) 100vw, 600px\" \/><\/figure>\n<\/div>\n\n\n\n<div class=\"wp-block-column is-vertically-aligned-center is-layout-flow wp-container-core-column-is-layout-119bc444 wp-block-column-is-layout-flow\" style=\"flex-basis:60%\">\n<h2 class=\"wp-block-heading has-large-font-size\">Beneficios<\/h2>\n\n\n\n<ul data-aos-duration=\"800\" data-aos-easing=\"ease-out-cubic\" data-aos-once=\"true\" data-aos=\"scale-in-x\" class=\"wp-block-list\">\n<li>Mejora de la apariencia del pecho, logrando un contorno m\u00e1s masculino.<\/li>\n\n\n\n<li>Aumento de la confianza y autoestima.<\/li>\n\n\n\n<li>Reducci\u00f3n de la incomodidad f\u00edsica y sensibilidad en el \u00e1rea del pecho.<\/li>\n\n\n\n<li>Facilidad para participar en actividades f\u00edsicas.<\/li>\n\n\n\n<li>Mejora en la postura debido a la eliminaci\u00f3n del peso excesivo en el pecho.<\/li>\n\n\n\n<li>Eliminaci\u00f3n de la necesidad de camuflar el pecho con ropa holgada.<\/li>\n\n\n\n<li>Resultados duraderos y permanentes.<\/li>\n\n\n\n<li>Menor riesgo de irritaci\u00f3n o infecciones en el \u00e1rea del pecho.<\/li>\n\n\n\n<li>Sensaci\u00f3n de normalidad y mejor bienestar emocional.<\/li>\n<\/ul>\n<\/div>\n<\/div>\n<\/div>\n\n\n\n<div class=\"wp-block-group alignfull has-base-color has-text-color has-background has-link-color wp-elements-6a4148401c3c4baeb3c1c087139e9fc9 has-global-padding is-layout-constrained wp-container-core-group-is-layout-32a46761 wp-block-group-is-layout-constrained\" style=\"background-color:#151544;margin-top:0;margin-bottom:0;padding-top:var(--wp--preset--spacing--40);padding-right:var(--wp--preset--spacing--50);padding-bottom:var(--wp--preset--spacing--40);padding-left:var(--wp--preset--spacing--50)\">\n<h2 class=\"wp-block-heading alignwide has-base-color has-text-color has-link-color wp-elements-b2bc8280f8309ac883b3145a556d4797\" style=\"font-size:clamp(1.502rem, 1.502rem + ((1vw - 0.2rem) * 1.663), 2.5rem);letter-spacing:-0.02em\" data-aos=\"slide-right\" data-aos-delay=\"500\" data-aos-duration=\"1350\">PREGUNTAS FRECUENTES<\/h2>\n\n\n\n<div class=\"wp-block-group alignwide is-layout-flow wp-block-group-is-layout-flow\">\n<hr class=\"wp-block-separator has-text-color has-base-color has-alpha-channel-opacity has-base-background-color has-background is-style-wide\" style=\"margin-top:var(--wp--preset--spacing--30);margin-bottom:var(--wp--preset--spacing--30)\"\/>\n\n\n\n<h3 class=\"wp-block-heading alignwide has-base-2-color has-text-color has-link-color wp-elements-bd17698dd19929a426a4d23c3a60bf04\">\u00bfCu\u00e1l es el mejor procedimiento para m\u00ed?<\/h3>\n\n\n\n<p class=\"has-contrast-1-color has-text-color has-link-color wp-elements-03d55867a41a4390f301ee71b755249f\">Cuando el excedente a eliminar es predominantemente glandular, a trav\u00e9s de una peque\u00f1a incisi\u00f3n en el borde inferior de la areola se extrae la gl\u00e1ndula.<\/p>\n\n\n\n<p class=\"has-contrast-1-color has-text-color has-link-color wp-elements-887fed874246825909e2cc6fc404ebff\">Si el excedente a extraer es fundamentalmente grasa, se realiza una peque\u00f1a liposucci\u00f3n mediante la utilizaci\u00f3n de una delgada c\u00e1nula que se inserta a trav\u00e9s de una peque\u00f1a herida en el pliegue axilar. La cirug\u00eda es ambulatoria, dura aproximadamente 1 hora y se practica bajo anestesia general o anestesia local con sedaci\u00f3n. Finalmente, al paciente se le coloca una faja compresiva durante 1 mes que le ayudar\u00e1 en el proceso de recuperaci\u00f3n.<\/p>\n\n\n\n<hr class=\"wp-block-separator has-text-color has-base-color has-alpha-channel-opacity has-base-background-color has-background is-style-wide\" style=\"margin-top:var(--wp--preset--spacing--30);margin-bottom:var(--wp--preset--spacing--30)\"\/>\n\n\n\n<h3 class=\"wp-block-heading alignwide has-base-2-color has-text-color has-link-color wp-elements-6c24e4cc50c6353491f4e126a709116e\">\u00bfLa cirug\u00eda es muy dolorosa?<\/h3>\n\n\n\n<p class=\"has-contrast-1-color has-text-color has-link-color wp-elements-40b352c636b2edafa0ab8d7dcea7551d\">La cirug\u00eda no es dolorosa. Durante y despu\u00e9s de la cirug\u00eda se administran anest\u00e9sicos locales de larga duraci\u00f3n y analg\u00e9sicos para evitar el dolor y molestias postoperatorias.<\/p>\n\n\n\n<hr class=\"wp-block-separator has-text-color has-base-color has-alpha-channel-opacity has-base-background-color has-background is-style-wide\" style=\"margin-top:var(--wp--preset--spacing--30);margin-bottom:var(--wp--preset--spacing--30)\"\/>\n\n\n\n<h3 class=\"wp-block-heading alignwide has-base-2-color has-text-color has-link-color wp-elements-3c1cb80f670db971b67de5dfaef8087c\">\u00bfC\u00f3mo ser\u00e1 mi recuperaci\u00f3n?<\/h3>\n\n\n\n<p class=\"has-contrast-1-color has-text-color has-link-color wp-elements-3f36fbb3defe96f2fbaca8fc8fdee72d\">En general, podr\u00e1s regresar a casa unas horas despu\u00e9s del procedimiento. Utilizar\u00e1s una faja\/chaleco compresivo durante un mes. No es necesaria la utilizaci\u00f3n de tubos de drenaje. Es normal que aparezcan moretones, inflamaci\u00f3n, o que se sienta alguna molestia localizada. En 24 a 48 horas podr\u00e1s volver a trabajar y conducir. Durante el primer mes no se recomiendo realizar actividad f\u00edsica intensa. Durante el mes posterior a la cirug\u00eda podr\u00e1s mejorar tu recuperaci\u00f3n haciendo drenaje linf\u00e1tico manual. Si bien el trabajo es notable inmediatamente, para ver el resultado final deber\u00e1 esperar como m\u00ednimo tres meses.<\/p>\n\n\n\n<div style=\"margin-top:var(--wp--preset--spacing--10);margin-bottom:0;height:var(--wp--preset--spacing--10)\" aria-hidden=\"true\" class=\"wp-block-spacer\"><\/div>\n<\/div>\n<\/div>\n\n\n\n<figure class=\"wp-block-gallery alignwide has-nested-images columns-default is-cropped wp-block-gallery-1 is-layout-flex wp-block-gallery-is-layout-flex\">\n<figure class=\"wp-block-image size-large\" data-aos=\"zoom-in\"><img loading=\"lazy\" decoding=\"async\" width=\"1024\" height=\"689\" data-id=\"567\" src=\"https:\/\/alancamposcpr.com\/inicio\/wp-content\/uploads\/2025\/07\/Ginecomastia3-1024x689.png\" alt=\"\" class=\"wp-image-567\" srcset=\"https:\/\/alancamposcpr.com\/inicio\/wp-content\/uploads\/2025\/07\/Ginecomastia3-1024x689.png 1024w, https:\/\/alancamposcpr.com\/inicio\/wp-content\/uploads\/2025\/07\/Ginecomastia3-300x202.png 300w, https:\/\/alancamposcpr.com\/inicio\/wp-content\/uploads\/2025\/07\/Ginecomastia3-768x517.png 768w, https:\/\/alancamposcpr.com\/inicio\/wp-content\/uploads\/2025\/07\/Ginecomastia3-1536x1033.png 1536w, https:\/\/alancamposcpr.com\/inicio\/wp-content\/uploads\/2025\/07\/Ginecomastia3.png 1784w\" sizes=\"auto, (max-width: 1024px) 100vw, 1024px\" \/><\/figure>\n\n\n\n<figure class=\"wp-block-image size-large\" data-aos=\"zoom-in\"><img loading=\"lazy\" decoding=\"async\" width=\"1024\" height=\"689\" data-id=\"568\" src=\"https:\/\/alancamposcpr.com\/inicio\/wp-content\/uploads\/2025\/07\/Ginecomastia4-1024x689.png\" alt=\"\" class=\"wp-image-568\" srcset=\"https:\/\/alancamposcpr.com\/inicio\/wp-content\/uploads\/2025\/07\/Ginecomastia4-1024x689.png 1024w, https:\/\/alancamposcpr.com\/inicio\/wp-content\/uploads\/2025\/07\/Ginecomastia4-300x202.png 300w, https:\/\/alancamposcpr.com\/inicio\/wp-content\/uploads\/2025\/07\/Ginecomastia4-768x517.png 768w, https:\/\/alancamposcpr.com\/inicio\/wp-content\/uploads\/2025\/07\/Ginecomastia4-1536x1033.png 1536w, https:\/\/alancamposcpr.com\/inicio\/wp-content\/uploads\/2025\/07\/Ginecomastia4.png 1784w\" sizes=\"auto, (max-width: 1024px) 100vw, 1024px\" \/><\/figure>\n<\/figure>\n\n\n\n<div class=\"wp-block-group alignfull has-background has-global-padding is-layout-constrained wp-container-core-group-is-layout-18357c81 wp-block-group-is-layout-constrained\" style=\"background-color:#9c7b4b;margin-top:0;margin-bottom:0;padding-top:var(--wp--preset--spacing--10);padding-right:var(--wp--preset--spacing--50);padding-bottom:var(--wp--preset--spacing--10);padding-left:var(--wp--preset--spacing--50)\">\n<h1 class=\"wp-block-heading has-text-align-center has-base-2-color has-text-color has-link-color has-x-large-font-size wp-elements-741373a563abdb4e526354329e37f03d\" data-aos=\"zoom-in\" data-aos-duration=\"1100\">M\u00e1s procedimientos<\/h1>\n<\/div>\n\n\n\n<div class=\"wp-block-group alignfull has-base-2-background-color has-background has-global-padding is-layout-constrained wp-container-core-group-is-layout-aff63992 wp-block-group-is-layout-constrained\" style=\"margin-top:0;margin-bottom:0;padding-top:0;padding-right:var(--wp--preset--spacing--50);padding-bottom:0;padding-left:var(--wp--preset--spacing--50)\">\n<div class=\"wp-block-group alignwide has-base-2-background-color has-background has-global-padding is-layout-constrained wp-container-core-group-is-layout-80fb368b wp-block-group-is-layout-constrained\" style=\"border-radius:16px;padding-top:var(--wp--preset--spacing--30);padding-right:var(--wp--preset--spacing--30);padding-bottom:var(--wp--preset--spacing--30);padding-left:var(--wp--preset--spacing--30)\">\n<div class=\"wp-block-columns alignwide is-layout-flex wp-container-core-columns-is-layout-06670bbc wp-block-columns-is-layout-flex\">\n<div class=\"wp-block-column is-layout-flow wp-block-column-is-layout-flow\" style=\"border-top-style:none;border-top-width:0px;padding-top:var(--wp--preset--spacing--30);padding-right:var(--wp--preset--spacing--30);padding-bottom:var(--wp--preset--spacing--10);padding-left:var(--wp--preset--spacing--30)\">\n<div class=\"wp-block-buttons is-content-justification-center is-layout-flex wp-container-core-buttons-is-layout-a89b3969 wp-block-buttons-is-layout-flex\">\n<div class=\"wp-block-button has-custom-width wp-block-button__width-100 is-style-outline is-style-outline--2\"><a class=\"wp-block-button__link wp-element-button\" href=\"https:\/\/alancamposcpr.com\/inicio\/aumento-mamario\/\">Aumento mamario<\/a><\/div>\n\n\n\n<div class=\"wp-block-button has-custom-width wp-block-button__width-100 is-style-outline is-style-outline--3\"><a class=\"wp-block-button__link wp-element-button\" href=\"https:\/\/alancamposcpr.com\/inicio\/reduccion-mamaria\/\">Reducci\u00f3n mamaria<\/a><\/div>\n\n\n\n<div class=\"wp-block-button has-custom-width wp-block-button__width-100 is-style-outline is-style-outline--4\"><a class=\"wp-block-button__link wp-element-button\" href=\"https:\/\/alancamposcpr.com\/inicio\/ginecomastia\/\">Ginecomastia<\/a><\/div>\n\n\n\n<div class=\"wp-block-button has-custom-width wp-block-button__width-100 is-style-outline is-style-outline--5\"><a class=\"wp-block-button__link wp-element-button\" href=\"https:\/\/alancamposcpr.com\/inicio\/levantamiento-de-senos\/\">Levantamiento de senos<\/a><\/div>\n\n\n\n<div class=\"wp-block-button has-custom-width wp-block-button__width-100 is-style-outline is-style-outline--6\"><a class=\"wp-block-button__link wp-element-button\" href=\"https:\/\/alancamposcpr.com\/inicio\/facelift\/\">Facelift<\/a><\/div>\n<\/div>\n<\/div>\n\n\n\n<div class=\"wp-block-column is-layout-flow wp-block-column-is-layout-flow\" style=\"border-top-style:none;border-top-width:0px;padding-top:var(--wp--preset--spacing--30);padding-right:var(--wp--preset--spacing--30);padding-bottom:var(--wp--preset--spacing--10);padding-left:var(--wp--preset--spacing--30)\">\n<div class=\"wp-block-buttons is-content-justification-center is-layout-flex wp-container-core-buttons-is-layout-a89b3969 wp-block-buttons-is-layout-flex\">\n<div class=\"wp-block-button has-custom-width wp-block-button__width-100 is-style-outline is-style-outline--7\"><a class=\"wp-block-button__link wp-element-button\" href=\"https:\/\/alancamposcpr.com\/inicio\/rinoplastia\/\">Rinoplastia<\/a><\/div>\n\n\n\n<div class=\"wp-block-button has-custom-width wp-block-button__width-100 is-style-outline is-style-outline--8\"><a class=\"wp-block-button__link wp-element-button\" href=\"https:\/\/alancamposcpr.com\/inicio\/otoplastia\/\">Otoplastia<\/a><\/div>\n\n\n\n<div class=\"wp-block-button has-custom-width wp-block-button__width-100 is-style-outline is-style-outline--9\"><a class=\"wp-block-button__link wp-element-button\" href=\"https:\/\/alancamposcpr.com\/inicio\/blefaroplastia\/\">Blefaroplastia<\/a><\/div>\n\n\n\n<div class=\"wp-block-button has-custom-width wp-block-button__width-100 is-style-outline is-style-outline--10\"><a class=\"wp-block-button__link wp-element-button\" href=\"https:\/\/alancamposcpr.com\/inicio\/mentoplastia\/\">Mentoplastia<\/a><\/div>\n\n\n\n<div class=\"wp-block-button has-custom-width wp-block-button__width-100 is-style-outline is-style-outline--11\"><a class=\"wp-block-button__link wp-element-button\" href=\"https:\/\/alancamposcpr.com\/inicio\/bichectomia\/\">Bichectom\u00eda<\/a><\/div>\n<\/div>\n<\/div>\n\n\n\n<div class=\"wp-block-column is-layout-flow wp-block-column-is-layout-flow\" style=\"border-top-style:none;border-top-width:0px;padding-top:var(--wp--preset--spacing--30);padding-right:var(--wp--preset--spacing--30);padding-bottom:var(--wp--preset--spacing--10);padding-left:var(--wp--preset--spacing--30)\">\n<div class=\"wp-block-buttons is-content-justification-center is-layout-flex wp-container-core-buttons-is-layout-a89b3969 wp-block-buttons-is-layout-flex\">\n<div class=\"wp-block-button has-custom-width wp-block-button__width-100 is-style-outline is-style-outline--12\"><a class=\"wp-block-button__link wp-element-button\" href=\"https:\/\/alancamposcpr.com\/inicio\/lipoabdominoplastia\/\">Lipoabdominoplastia<\/a><\/div>\n\n\n\n<div class=\"wp-block-button has-custom-width wp-block-button__width-100 is-style-outline is-style-outline--13\"><a class=\"wp-block-button__link wp-element-button\" href=\"https:\/\/alancamposcpr.com\/inicio\/lipoescultura\/\">Lipoescultura<\/a><\/div>\n\n\n\n<div class=\"wp-block-button has-custom-width wp-block-button__width-100 is-style-outline is-style-outline--14\"><a class=\"wp-block-button__link wp-element-button\" href=\"https:\/\/alancamposcpr.com\/inicio\/braquiplastia\/\">Braquiplastia<\/a><\/div>\n\n\n\n<div class=\"wp-block-button has-custom-width wp-block-button__width-100 is-style-outline is-style-outline--15\"><a class=\"wp-block-button__link wp-element-button\" href=\"https:\/\/alancamposcpr.com\/inicio\/cruroplastia\/\">Cruroplastia<\/a><\/div>\n\n\n\n<div class=\"wp-block-button has-custom-width wp-block-button__width-100 is-style-outline is-style-outline--16\"><a class=\"wp-block-button__link wp-element-button\" href=\"https:\/\/alancamposcpr.com\/inicio\/procedimientos-no-quirurgicos\/\">No quir\u00fargicos<\/a><\/div>\n<\/div>\n<\/div>\n<\/div>\n<\/div>\n<\/div>\n\n\n\n<aside class=\"wp-block-group alignfull is-style-section-3 has-background has-global-padding is-layout-constrained wp-container-core-group-is-layout-ca844d70 wp-block-group-is-layout-constrained\" style=\"background-color:#e7e7e7;margin-top:0;margin-bottom:0;padding-top:var(--wp--preset--spacing--30);padding-right:var(--wp--preset--spacing--50);padding-bottom:var(--wp--preset--spacing--30);padding-left:var(--wp--preset--spacing--50)\">\n<div class=\"wp-block-group is-vertical is-content-justification-center is-layout-flex wp-container-core-group-is-layout-8778ca4a wp-block-group-is-layout-flex\" style=\"min-height:360px;margin-top:0;margin-bottom:0\">\n<h2 class=\"wp-block-heading has-text-align-center has-x-large-font-size\" data-aos=\"zoom-in\" data-aos-delay=\"400\" data-aos-duration=\"1350\">Atenci\u00f3n personalizada. Cont\u00e1ctame y juntos dise\u00f1amos tu cambio<\/h2>\n\n\n\n<div style=\"height:0px\" aria-hidden=\"true\" class=\"wp-block-spacer wp-container-content-62aae154\"><\/div>\n\n\n\n<div class=\"wp-block-buttons is-content-justification-center is-layout-flex wp-container-core-buttons-is-layout-a89b3969 wp-block-buttons-is-layout-flex\">\n<div class=\"wp-block-button\" data-aos=\"zoom-in\" data-aos-delay=\"350\" data-aos-duration=\"1000\"><a class=\"wp-block-button__link has-background has-medium-font-size has-text-align-center has-custom-font-size wp-element-button\" href=\"https:\/\/wa.me\/5632630638\" style=\"background-color:#9c7b4b\" target=\"_blank\" rel=\"noreferrer noopener\">Agenda tu cita de valoraci\u00f3n<\/a><\/div>\n<\/div>\n<\/div>\n<\/aside>\n","protected":false},"excerpt":{"rendered":"<p>Ginecomastia Acerca del procedimiento La ginecomastia es el crecimiento de una o ambas gl\u00e1ndulas mamarias en el hombre. Es causada por un desequilibrio hormonal entre los niveles de estr\u00f3geno, testosterona y prolactina. Puede ocurrir en cualquier etapa de la vida, desde la adolescencia hasta la adultez. Esta condici\u00f3n puede ser provocada por factores gen\u00e9ticos, trastornos [&hellip;]<\/p>\n","protected":false},"author":1,"featured_media":0,"parent":0,"menu_order":6,"comment_status":"closed","ping_status":"closed","template":"page-no-title","meta":{"footnotes":""},"class_list":["post-30","page","type-page","status-publish","hentry"],"_links":{"self":[{"href":"https:\/\/alancamposcpr.com\/inicio\/wp-json\/wp\/v2\/pages\/30","targetHints":{"allow":["GET"]}}],"collection":[{"href":"https:\/\/alancamposcpr.com\/inicio\/wp-json\/wp\/v2\/pages"}],"about":[{"href":"https:\/\/alancamposcpr.com\/inicio\/wp-json\/wp\/v2\/types\/page"}],"author":[{"embeddable":true,"href":"https:\/\/alancamposcpr.com\/inicio\/wp-json\/wp\/v2\/users\/1"}],"replies":[{"embeddable":true,"href":"https:\/\/alancamposcpr.com\/inicio\/wp-json\/wp\/v2\/comments?post=30"}],"version-history":[{"count":10,"href":"https:\/\/alancamposcpr.com\/inicio\/wp-json\/wp\/v2\/pages\/30\/revisions"}],"predecessor-version":[{"id":617,"href":"https:\/\/alancamposcpr.com\/inicio\/wp-json\/wp\/v2\/pages\/30\/revisions\/617"}],"wp:attachment":[{"href":"https:\/\/alancamposcpr.com\/inicio\/wp-json\/wp\/v2\/media?parent=30"}],"curies":[{"name":"wp","href":"https:\/\/api.w.org\/{rel}","templated":true}]}}