{"id":32,"date":"2025-06-20T18:57:49","date_gmt":"2025-06-20T18:57:49","guid":{"rendered":"https:\/\/alancamposcpr.com\/inicio\/?page_id=32"},"modified":"2025-07-01T16:48:33","modified_gmt":"2025-07-01T22:48:33","slug":"levantamiento-de-senos","status":"publish","type":"page","link":"https:\/\/alancamposcpr.com\/inicio\/levantamiento-de-senos\/","title":{"rendered":"Levantamiento de senos"},"content":{"rendered":"\n<div class=\"wp-block-group alignfull has-background has-global-padding is-layout-constrained wp-container-core-group-is-layout-5686dad4 wp-block-group-is-layout-constrained\" style=\"background-color:#9c7b4b;margin-top:0;margin-bottom:0;padding-top:var(--wp--preset--spacing--40);padding-right:var(--wp--preset--spacing--50);padding-bottom:var(--wp--preset--spacing--40);padding-left:var(--wp--preset--spacing--50)\">\n<h1 class=\"wp-block-heading has-text-align-center has-base-2-color has-text-color has-link-color has-heading-font-family has-xx-large-font-size wp-elements-e3079c0a4968160ab363dcb84494a99b\" data-aos=\"slide-up\" data-aos-delay=\"450\" data-aos-duration=\"1500\"><strong>Mastopexia<\/strong> \/ <strong>Levantamiento de senos<\/strong><\/h1>\n<\/div>\n\n\n\n<div class=\"wp-block-group alignfull is-style-section-5 has-base-2-color has-text-color has-background has-link-color wp-elements-553a656a15ef421b5d48ae7b2ba56340 has-global-padding is-layout-constrained wp-block-group-is-layout-constrained\" style=\"background-color:#34316c;margin-top:0;margin-bottom:0;padding-top:var(--wp--preset--spacing--50);padding-bottom:var(--wp--preset--spacing--50)\">\n<div class=\"wp-block-columns alignwide is-layout-flex wp-container-core-columns-is-layout-7ee84d44 wp-block-columns-is-layout-flex\">\n<div class=\"wp-block-column is-vertically-aligned-center is-layout-flow wp-block-column-is-layout-flow\" style=\"flex-basis:50%\">\n<p class=\"has-text-color has-link-color has-large-font-size wp-elements-c40505766a51cc51f6186469d15ca80f\" style=\"color:#d6b380\">Acerca del procedimiento<\/p>\n\n\n\n<p>La pexia mamaria o mastopexia es la cirug\u00eda que tiene como objetivo levantar y reafirmar el seno ca\u00eddo (ptosis mamaria), cuya piel ha perdido tono y elasticidad. Quir\u00fargicamente logramos reposicionar los tejidos. La mastopexia puede realizarse a cualquier edad siempre y cuando la persona posea buena salud, no se encuentre embarazada o puerpera y haya alcanzado la madurez de sus mamas, en el caso de adolescentes.<\/p>\n\n\n\n<p class=\"has-text-color has-link-color has-large-font-size wp-elements-b1124049e973f446138f0c9b7a014ce7\" style=\"color:#d6b380\">\u00bfPor qu\u00e9 operarse?<\/p>\n\n\n\n<p>La mastopexia se realiza para mejorar el tama\u00f1o y la forma de las mamas mediante la reposici\u00f3n del tejido mamario. Dependiendo de las preferencias de la paciente se puede o no colocar implante de silicon.<\/p>\n\n\n\n<p class=\"has-medium-font-size\">La persona en etapa f\u00e9rtil debe considerar que, si se ha realizado una mastopexia y posteriormente queda embarazada, puede alterar la forma de sus mamas y requerir otro procedimiento para reajuste de cicatrices y la posici\u00f3n del seno.<\/p>\n<\/div>\n\n\n\n<div class=\"wp-block-column is-vertically-aligned-center is-layout-flow wp-block-column-is-layout-flow\" style=\"flex-basis:50%\">\n<figure data-aos-duration=\"800\" data-aos-easing=\"ease-out-cubic\" data-aos-once=\"true\" data-aos=\"scale-in-x\" class=\"wp-block-image size-full has-custom-border\"><img loading=\"lazy\" decoding=\"async\" width=\"2560\" height=\"1707\" src=\"https:\/\/alancamposcpr.com\/inicio\/wp-content\/uploads\/2025\/06\/Levantamiento-de-senos4-scaled.jpg\" alt=\"\" class=\"wp-image-353\" style=\"border-radius:30px;aspect-ratio:1;object-fit:cover\" srcset=\"https:\/\/alancamposcpr.com\/inicio\/wp-content\/uploads\/2025\/06\/Levantamiento-de-senos4-scaled.jpg 2560w, https:\/\/alancamposcpr.com\/inicio\/wp-content\/uploads\/2025\/06\/Levantamiento-de-senos4-300x200.jpg 300w, https:\/\/alancamposcpr.com\/inicio\/wp-content\/uploads\/2025\/06\/Levantamiento-de-senos4-1024x683.jpg 1024w, https:\/\/alancamposcpr.com\/inicio\/wp-content\/uploads\/2025\/06\/Levantamiento-de-senos4-768x512.jpg 768w, https:\/\/alancamposcpr.com\/inicio\/wp-content\/uploads\/2025\/06\/Levantamiento-de-senos4-1536x1024.jpg 1536w, https:\/\/alancamposcpr.com\/inicio\/wp-content\/uploads\/2025\/06\/Levantamiento-de-senos4-2048x1365.jpg 2048w\" sizes=\"auto, (max-width: 2560px) 100vw, 2560px\" \/><\/figure>\n<\/div>\n<\/div>\n<\/div>\n\n\n\n<div class=\"wp-block-group alignfull is-style-section-2 has-background has-global-padding is-layout-constrained wp-block-group-is-layout-constrained\" style=\"background-color:#e7e7e7;margin-top:0;margin-bottom:0;padding-top:var(--wp--preset--spacing--40);padding-bottom:var(--wp--preset--spacing--40)\">\n<div class=\"wp-block-columns alignwide is-layout-flex wp-container-core-columns-is-layout-643ced6b wp-block-columns-is-layout-flex\">\n<div class=\"wp-block-column is-layout-flow wp-block-column-is-layout-flow\" style=\"flex-basis:40%\">\n<figure data-aos-duration=\"800\" data-aos-easing=\"ease-out-cubic\" data-aos-once=\"true\" data-aos=\"scale-in-x\" class=\"wp-block-image size-full has-custom-border\"><img loading=\"lazy\" decoding=\"async\" width=\"2560\" height=\"2366\" src=\"https:\/\/alancamposcpr.com\/inicio\/wp-content\/uploads\/2025\/06\/Levantamiento-de-senos5-scaled.jpg\" alt=\"\" class=\"wp-image-354\" style=\"border-radius:30px;aspect-ratio:3\/4;object-fit:cover\" srcset=\"https:\/\/alancamposcpr.com\/inicio\/wp-content\/uploads\/2025\/06\/Levantamiento-de-senos5-scaled.jpg 2560w, https:\/\/alancamposcpr.com\/inicio\/wp-content\/uploads\/2025\/06\/Levantamiento-de-senos5-300x277.jpg 300w, https:\/\/alancamposcpr.com\/inicio\/wp-content\/uploads\/2025\/06\/Levantamiento-de-senos5-1024x946.jpg 1024w, https:\/\/alancamposcpr.com\/inicio\/wp-content\/uploads\/2025\/06\/Levantamiento-de-senos5-768x710.jpg 768w, https:\/\/alancamposcpr.com\/inicio\/wp-content\/uploads\/2025\/06\/Levantamiento-de-senos5-1536x1419.jpg 1536w, https:\/\/alancamposcpr.com\/inicio\/wp-content\/uploads\/2025\/06\/Levantamiento-de-senos5-2048x1893.jpg 2048w\" sizes=\"auto, (max-width: 2560px) 100vw, 2560px\" \/><\/figure>\n<\/div>\n\n\n\n<div class=\"wp-block-column is-vertically-aligned-center is-layout-flow wp-container-core-column-is-layout-119bc444 wp-block-column-is-layout-flow\" style=\"flex-basis:60%\">\n<h2 class=\"wp-block-heading has-large-font-size\">Beneficios<\/h2>\n\n\n\n<ul data-aos-duration=\"800\" data-aos-easing=\"ease-out-cubic\" data-aos-once=\"true\" data-aos=\"scale-in-x\" class=\"wp-block-list\">\n<li>Elevaci\u00f3n de los senos, mejorando su posici\u00f3n y firmeza.<\/li>\n\n\n\n<li>Mejora en la simetr\u00eda.<\/li>\n\n\n\n<li>Apariencia rejuvenecida.<\/li>\n\n\n\n<li>Recuperaci\u00f3n de la forma natural.<\/li>\n\n\n\n<li>Mayor comodidad al usar ropa ajustada.<\/li>\n\n\n\n<li>Aumento en la confianza y autoestima.<\/li>\n\n\n\n<li>Resultados duraderos.<\/li>\n\n\n\n<li>Correcci\u00f3n de la flacidez tras embarazo, lactancia o p\u00e9rdida de peso.<\/li>\n\n\n\n<li>Mejora general en la calidad de vida.<\/li>\n<\/ul>\n<\/div>\n<\/div>\n<\/div>\n\n\n\n<div class=\"wp-block-group alignfull has-base-color has-text-color has-background has-link-color wp-elements-58f516ae96276aa98e5a72d1edd82009 has-global-padding is-layout-constrained wp-container-core-group-is-layout-32a46761 wp-block-group-is-layout-constrained\" style=\"background-color:#151544;margin-top:0;margin-bottom:0;padding-top:var(--wp--preset--spacing--40);padding-right:var(--wp--preset--spacing--50);padding-bottom:var(--wp--preset--spacing--40);padding-left:var(--wp--preset--spacing--50)\">\n<h2 class=\"wp-block-heading alignwide has-base-color has-text-color has-link-color wp-elements-8c37b9546b24795e920176e2b2da7472\" style=\"font-size:clamp(1.502rem, 1.502rem + ((1vw - 0.2rem) * 1.663), 2.5rem);letter-spacing:-0.02em\" data-aos=\"slide-right\" data-aos-delay=\"400\" data-aos-duration=\"1450\">PREGUNTAS FRECUENTES<\/h2>\n\n\n\n<div class=\"wp-block-group alignwide is-layout-flow wp-block-group-is-layout-flow\">\n<hr class=\"wp-block-separator has-text-color has-base-color has-alpha-channel-opacity has-base-background-color has-background is-style-wide\" style=\"margin-top:var(--wp--preset--spacing--30);margin-bottom:var(--wp--preset--spacing--30)\"\/>\n\n\n\n<h3 class=\"wp-block-heading alignwide has-base-2-color has-text-color has-link-color wp-elements-c148861f3b3a668fb7430531bac4ac9c\">\u00bfSi tengo los senos ca\u00eddos, necesito implante de silicon?<\/h3>\n\n\n\n<p class=\"has-contrast-1-color has-text-color has-link-color wp-elements-136e4b9625d9ab1734a16991636dfdf9\">Debes saber que los implantes de silicon aportan volumen al seno, pero no levantan ni sostienen la mama. El procedimiento adecuado para levantar las mamas ca\u00eddas es la \u201cmastopexia\u201d, la cual quita la piel excedente y reacomoda la gl\u00e1ndula mamaria, d\u00e1ndole una mejor forma. Los implantes se utilizan s\u00f3lo en caso de que, adem\u00e1s de levantar la mama, se quiera aumentar volumen.<\/p>\n\n\n\n<hr class=\"wp-block-separator has-text-color has-base-color has-alpha-channel-opacity has-base-background-color has-background is-style-wide\" style=\"margin-top:var(--wp--preset--spacing--30);margin-bottom:var(--wp--preset--spacing--30)\"\/>\n\n\n\n<h3 class=\"wp-block-heading alignwide has-base-2-color has-text-color has-link-color wp-elements-ccca84067b278a098c0e90b9bc389038\">\u00bfQu\u00e9 ocurre si se me rompe la pr\u00f3tesis?<\/h3>\n\n\n\n<p class=\"has-contrast-1-color has-text-color has-link-color wp-elements-36acf785f9c4503b45644388c7f4d1fc\">Las pr\u00f3tesis pueden romperse por un golpe brusco. Tambi\u00e9n se tiene registro de rupturas espont\u00e1neas, pero con poca frecuencia. Sin embargo, esto no es una situaci\u00f3n de alarma o enfermedad. Los implantes actuales han evolucionado en su fabricaci\u00f3n, confeccion\u00e1ndose con capas externas m\u00e1s fuertes y relleno con geles cohesivos. Estas situaciones no constituyen una urgencia, pero se debe programar un recambio del implante, sin temor alguno consecuencias negativas al cuerpo.<\/p>\n\n\n\n<hr class=\"wp-block-separator has-text-color has-base-color has-alpha-channel-opacity has-base-background-color has-background is-style-wide\" style=\"margin-top:var(--wp--preset--spacing--30);margin-bottom:var(--wp--preset--spacing--30)\"\/>\n\n\n\n<h3 class=\"wp-block-heading alignwide has-base-2-color has-text-color has-link-color wp-elements-6c24e4cc50c6353491f4e126a709116e\">\u00bfLa cirug\u00eda es muy dolorosa?<\/h3>\n\n\n\n<p class=\"has-contrast-1-color has-text-color has-link-color wp-elements-c9251582ffd476d7742f4251ac0549ae\">La cirug\u00eda no es dolorosa. Durante y despu\u00e9s de la cirug\u00eda se administran anest\u00e9sicos locales de larga duraci\u00f3n y analg\u00e9sicos para evitar el dolor y molestias postoperatorias<\/p>\n\n\n\n<div style=\"margin-top:var(--wp--preset--spacing--10);margin-bottom:0;height:var(--wp--preset--spacing--10)\" aria-hidden=\"true\" class=\"wp-block-spacer\"><\/div>\n<\/div>\n<\/div>\n\n\n\n<figure class=\"wp-block-gallery alignwide has-nested-images columns-default is-cropped wp-block-gallery-1 is-layout-flex wp-block-gallery-is-layout-flex\">\n<figure class=\"wp-block-image size-large\" data-aos=\"zoom-in\"><img loading=\"lazy\" decoding=\"async\" width=\"1024\" height=\"689\" data-id=\"564\" src=\"https:\/\/alancamposcpr.com\/inicio\/wp-content\/uploads\/2025\/07\/LdeSenos3-1024x689.png\" alt=\"\" class=\"wp-image-564\" srcset=\"https:\/\/alancamposcpr.com\/inicio\/wp-content\/uploads\/2025\/07\/LdeSenos3-1024x689.png 1024w, https:\/\/alancamposcpr.com\/inicio\/wp-content\/uploads\/2025\/07\/LdeSenos3-300x202.png 300w, https:\/\/alancamposcpr.com\/inicio\/wp-content\/uploads\/2025\/07\/LdeSenos3-768x517.png 768w, https:\/\/alancamposcpr.com\/inicio\/wp-content\/uploads\/2025\/07\/LdeSenos3-1536x1033.png 1536w, https:\/\/alancamposcpr.com\/inicio\/wp-content\/uploads\/2025\/07\/LdeSenos3.png 1784w\" sizes=\"auto, (max-width: 1024px) 100vw, 1024px\" \/><\/figure>\n\n\n\n<figure class=\"wp-block-image size-large\" data-aos=\"zoom-in\"><img loading=\"lazy\" decoding=\"async\" width=\"1024\" height=\"689\" data-id=\"563\" src=\"https:\/\/alancamposcpr.com\/inicio\/wp-content\/uploads\/2025\/07\/LdeSenos4-1024x689.png\" alt=\"\" class=\"wp-image-563\" srcset=\"https:\/\/alancamposcpr.com\/inicio\/wp-content\/uploads\/2025\/07\/LdeSenos4-1024x689.png 1024w, https:\/\/alancamposcpr.com\/inicio\/wp-content\/uploads\/2025\/07\/LdeSenos4-300x202.png 300w, https:\/\/alancamposcpr.com\/inicio\/wp-content\/uploads\/2025\/07\/LdeSenos4-768x517.png 768w, https:\/\/alancamposcpr.com\/inicio\/wp-content\/uploads\/2025\/07\/LdeSenos4-1536x1033.png 1536w, https:\/\/alancamposcpr.com\/inicio\/wp-content\/uploads\/2025\/07\/LdeSenos4.png 1784w\" sizes=\"auto, (max-width: 1024px) 100vw, 1024px\" \/><\/figure>\n<\/figure>\n\n\n\n<div class=\"wp-block-group alignfull has-background has-global-padding is-layout-constrained wp-container-core-group-is-layout-18357c81 wp-block-group-is-layout-constrained\" style=\"background-color:#9c7b4b;margin-top:0;margin-bottom:0;padding-top:var(--wp--preset--spacing--10);padding-right:var(--wp--preset--spacing--50);padding-bottom:var(--wp--preset--spacing--10);padding-left:var(--wp--preset--spacing--50)\">\n<h1 class=\"wp-block-heading has-text-align-center has-base-2-color has-text-color has-link-color has-x-large-font-size wp-elements-741373a563abdb4e526354329e37f03d\" data-aos=\"zoom-in\" data-aos-duration=\"1100\">M\u00e1s procedimientos<\/h1>\n<\/div>\n\n\n\n<div class=\"wp-block-group alignfull has-base-2-background-color has-background has-global-padding is-layout-constrained wp-container-core-group-is-layout-aff63992 wp-block-group-is-layout-constrained\" style=\"margin-top:0;margin-bottom:0;padding-top:0;padding-right:var(--wp--preset--spacing--50);padding-bottom:0;padding-left:var(--wp--preset--spacing--50)\">\n<div class=\"wp-block-group alignwide has-base-2-background-color has-background has-global-padding is-layout-constrained wp-container-core-group-is-layout-80fb368b wp-block-group-is-layout-constrained\" style=\"border-radius:16px;padding-top:var(--wp--preset--spacing--30);padding-right:var(--wp--preset--spacing--30);padding-bottom:var(--wp--preset--spacing--30);padding-left:var(--wp--preset--spacing--30)\">\n<div class=\"wp-block-columns alignwide is-layout-flex wp-container-core-columns-is-layout-06670bbc wp-block-columns-is-layout-flex\">\n<div class=\"wp-block-column is-layout-flow wp-block-column-is-layout-flow\" style=\"border-top-style:none;border-top-width:0px;padding-top:var(--wp--preset--spacing--30);padding-right:var(--wp--preset--spacing--30);padding-bottom:var(--wp--preset--spacing--10);padding-left:var(--wp--preset--spacing--30)\">\n<div class=\"wp-block-buttons is-content-justification-center is-layout-flex wp-container-core-buttons-is-layout-a89b3969 wp-block-buttons-is-layout-flex\">\n<div class=\"wp-block-button has-custom-width wp-block-button__width-100 is-style-outline is-style-outline--2\"><a class=\"wp-block-button__link wp-element-button\" href=\"https:\/\/alancamposcpr.com\/inicio\/aumento-mamario\/\">Aumento mamario<\/a><\/div>\n\n\n\n<div class=\"wp-block-button has-custom-width wp-block-button__width-100 is-style-outline is-style-outline--3\"><a class=\"wp-block-button__link wp-element-button\" href=\"https:\/\/alancamposcpr.com\/inicio\/reduccion-mamaria\/\">Reducci\u00f3n mamaria<\/a><\/div>\n\n\n\n<div class=\"wp-block-button has-custom-width wp-block-button__width-100 is-style-outline is-style-outline--4\"><a class=\"wp-block-button__link wp-element-button\" href=\"https:\/\/alancamposcpr.com\/inicio\/ginecomastia\/\">Ginecomastia<\/a><\/div>\n\n\n\n<div class=\"wp-block-button has-custom-width wp-block-button__width-100 is-style-outline is-style-outline--5\"><a class=\"wp-block-button__link wp-element-button\" href=\"https:\/\/alancamposcpr.com\/inicio\/levantamiento-de-senos\/\">Levantamiento de senos<\/a><\/div>\n\n\n\n<div class=\"wp-block-button has-custom-width wp-block-button__width-100 is-style-outline is-style-outline--6\"><a class=\"wp-block-button__link wp-element-button\" href=\"https:\/\/alancamposcpr.com\/inicio\/facelift\/\">Facelift<\/a><\/div>\n<\/div>\n<\/div>\n\n\n\n<div class=\"wp-block-column is-layout-flow wp-block-column-is-layout-flow\" style=\"border-top-style:none;border-top-width:0px;padding-top:var(--wp--preset--spacing--30);padding-right:var(--wp--preset--spacing--30);padding-bottom:var(--wp--preset--spacing--10);padding-left:var(--wp--preset--spacing--30)\">\n<div class=\"wp-block-buttons is-content-justification-center is-layout-flex wp-container-core-buttons-is-layout-a89b3969 wp-block-buttons-is-layout-flex\">\n<div class=\"wp-block-button has-custom-width wp-block-button__width-100 is-style-outline is-style-outline--7\"><a class=\"wp-block-button__link wp-element-button\" href=\"https:\/\/alancamposcpr.com\/inicio\/rinoplastia\/\">Rinoplastia<\/a><\/div>\n\n\n\n<div class=\"wp-block-button has-custom-width wp-block-button__width-100 is-style-outline is-style-outline--8\"><a class=\"wp-block-button__link wp-element-button\" href=\"https:\/\/alancamposcpr.com\/inicio\/otoplastia\/\">Otoplastia<\/a><\/div>\n\n\n\n<div class=\"wp-block-button has-custom-width wp-block-button__width-100 is-style-outline is-style-outline--9\"><a class=\"wp-block-button__link wp-element-button\" href=\"https:\/\/alancamposcpr.com\/inicio\/blefaroplastia\/\">Blefaroplastia<\/a><\/div>\n\n\n\n<div class=\"wp-block-button has-custom-width wp-block-button__width-100 is-style-outline is-style-outline--10\"><a class=\"wp-block-button__link wp-element-button\" href=\"https:\/\/alancamposcpr.com\/inicio\/mentoplastia\/\">Mentoplastia<\/a><\/div>\n\n\n\n<div class=\"wp-block-button has-custom-width wp-block-button__width-100 is-style-outline is-style-outline--11\"><a class=\"wp-block-button__link wp-element-button\" href=\"https:\/\/alancamposcpr.com\/inicio\/bichectomia\/\">Bichectom\u00eda<\/a><\/div>\n<\/div>\n<\/div>\n\n\n\n<div class=\"wp-block-column is-layout-flow wp-block-column-is-layout-flow\" style=\"border-top-style:none;border-top-width:0px;padding-top:var(--wp--preset--spacing--30);padding-right:var(--wp--preset--spacing--30);padding-bottom:var(--wp--preset--spacing--10);padding-left:var(--wp--preset--spacing--30)\">\n<div class=\"wp-block-buttons is-content-justification-center is-layout-flex wp-container-core-buttons-is-layout-a89b3969 wp-block-buttons-is-layout-flex\">\n<div class=\"wp-block-button has-custom-width wp-block-button__width-100 is-style-outline is-style-outline--12\"><a class=\"wp-block-button__link wp-element-button\" href=\"https:\/\/alancamposcpr.com\/inicio\/lipoabdominoplastia\/\">Lipoabdominoplastia<\/a><\/div>\n\n\n\n<div class=\"wp-block-button has-custom-width wp-block-button__width-100 is-style-outline is-style-outline--13\"><a class=\"wp-block-button__link wp-element-button\" href=\"https:\/\/alancamposcpr.com\/inicio\/lipoescultura\/\">Lipoescultura<\/a><\/div>\n\n\n\n<div class=\"wp-block-button has-custom-width wp-block-button__width-100 is-style-outline is-style-outline--14\"><a class=\"wp-block-button__link wp-element-button\" href=\"https:\/\/alancamposcpr.com\/inicio\/braquiplastia\/\">Braquiplastia<\/a><\/div>\n\n\n\n<div class=\"wp-block-button has-custom-width wp-block-button__width-100 is-style-outline is-style-outline--15\"><a class=\"wp-block-button__link wp-element-button\" href=\"https:\/\/alancamposcpr.com\/inicio\/cruroplastia\/\">Cruroplastia<\/a><\/div>\n\n\n\n<div class=\"wp-block-button has-custom-width wp-block-button__width-100 is-style-outline is-style-outline--16\"><a class=\"wp-block-button__link wp-element-button\" href=\"https:\/\/alancamposcpr.com\/inicio\/procedimientos-no-quirurgicos\/\">No quir\u00fargicos<\/a><\/div>\n<\/div>\n<\/div>\n<\/div>\n<\/div>\n<\/div>\n\n\n\n<aside class=\"wp-block-group alignfull is-style-section-3 has-background has-global-padding is-layout-constrained wp-container-core-group-is-layout-ca844d70 wp-block-group-is-layout-constrained\" style=\"background-color:#e7e7e7;margin-top:0;margin-bottom:0;padding-top:var(--wp--preset--spacing--30);padding-right:var(--wp--preset--spacing--50);padding-bottom:var(--wp--preset--spacing--30);padding-left:var(--wp--preset--spacing--50)\">\n<div class=\"wp-block-group is-vertical is-content-justification-center is-layout-flex wp-container-core-group-is-layout-8778ca4a wp-block-group-is-layout-flex\" style=\"min-height:360px;margin-top:0;margin-bottom:0\">\n<h2 class=\"wp-block-heading has-text-align-center has-x-large-font-size\" data-aos=\"zoom-in\" data-aos-delay=\"400\" data-aos-duration=\"1350\">Atenci\u00f3n personalizada. Cont\u00e1ctame y juntos dise\u00f1amos tu cambio<\/h2>\n\n\n\n<div style=\"height:0px\" aria-hidden=\"true\" class=\"wp-block-spacer wp-container-content-62aae154\"><\/div>\n\n\n\n<div class=\"wp-block-buttons is-content-justification-center is-layout-flex wp-container-core-buttons-is-layout-a89b3969 wp-block-buttons-is-layout-flex\">\n<div class=\"wp-block-button\" data-aos=\"zoom-in\" data-aos-delay=\"350\" data-aos-duration=\"1000\"><a class=\"wp-block-button__link has-background has-medium-font-size has-text-align-center has-custom-font-size wp-element-button\" href=\"https:\/\/wa.me\/5632630638\" style=\"background-color:#9c7b4b\" target=\"_blank\" rel=\"noreferrer noopener\">Agenda tu cita de valoraci\u00f3n<\/a><\/div>\n<\/div>\n<\/div>\n<\/aside>\n","protected":false},"excerpt":{"rendered":"<p>Mastopexia \/ Levantamiento de senos Acerca del procedimiento La pexia mamaria o mastopexia es la cirug\u00eda que tiene como objetivo levantar y reafirmar el seno ca\u00eddo (ptosis mamaria), cuya piel ha perdido tono y elasticidad. Quir\u00fargicamente logramos reposicionar los tejidos. La mastopexia puede realizarse a cualquier edad siempre y cuando la persona posea buena salud, [&hellip;]<\/p>\n","protected":false},"author":1,"featured_media":0,"parent":0,"menu_order":6,"comment_status":"closed","ping_status":"closed","template":"page-no-title","meta":{"footnotes":""},"class_list":["post-32","page","type-page","status-publish","hentry"],"_links":{"self":[{"href":"https:\/\/alancamposcpr.com\/inicio\/wp-json\/wp\/v2\/pages\/32","targetHints":{"allow":["GET"]}}],"collection":[{"href":"https:\/\/alancamposcpr.com\/inicio\/wp-json\/wp\/v2\/pages"}],"about":[{"href":"https:\/\/alancamposcpr.com\/inicio\/wp-json\/wp\/v2\/types\/page"}],"author":[{"embeddable":true,"href":"https:\/\/alancamposcpr.com\/inicio\/wp-json\/wp\/v2\/users\/1"}],"replies":[{"embeddable":true,"href":"https:\/\/alancamposcpr.com\/inicio\/wp-json\/wp\/v2\/comments?post=32"}],"version-history":[{"count":8,"href":"https:\/\/alancamposcpr.com\/inicio\/wp-json\/wp\/v2\/pages\/32\/revisions"}],"predecessor-version":[{"id":618,"href":"https:\/\/alancamposcpr.com\/inicio\/wp-json\/wp\/v2\/pages\/32\/revisions\/618"}],"wp:attachment":[{"href":"https:\/\/alancamposcpr.com\/inicio\/wp-json\/wp\/v2\/media?parent=32"}],"curies":[{"name":"wp","href":"https:\/\/api.w.org\/{rel}","templated":true}]}}