{"id":36,"date":"2025-06-20T18:58:29","date_gmt":"2025-06-20T18:58:29","guid":{"rendered":"https:\/\/alancamposcpr.com\/inicio\/?page_id=36"},"modified":"2025-07-01T16:54:40","modified_gmt":"2025-07-01T22:54:40","slug":"facelift","status":"publish","type":"page","link":"https:\/\/alancamposcpr.com\/inicio\/facelift\/","title":{"rendered":"Facelift"},"content":{"rendered":"\n<div class=\"wp-block-group alignfull has-background has-global-padding is-layout-constrained wp-container-core-group-is-layout-5686dad4 wp-block-group-is-layout-constrained\" style=\"background-color:#9c7b4b;margin-top:0;margin-bottom:0;padding-top:var(--wp--preset--spacing--40);padding-right:var(--wp--preset--spacing--50);padding-bottom:var(--wp--preset--spacing--40);padding-left:var(--wp--preset--spacing--50)\">\n<h1 class=\"wp-block-heading has-text-align-center has-base-2-color has-text-color has-link-color has-x-large-font-size wp-elements-c13b39eb85122460740ea00fc555cb00\" data-aos=\"slide-up\" data-aos-delay=\"450\" data-aos-duration=\"1450\"><strong>Facelift<\/strong><\/h1>\n<\/div>\n\n\n\n<div class=\"wp-block-group alignfull is-style-section-5 has-base-2-color has-text-color has-background has-link-color wp-elements-f5addbf29b391b0c15ac48cf7e2e8c9b has-global-padding is-layout-constrained wp-block-group-is-layout-constrained\" style=\"background-color:#34316c;margin-top:0;margin-bottom:0;padding-top:var(--wp--preset--spacing--50);padding-bottom:var(--wp--preset--spacing--50)\">\n<div class=\"wp-block-columns alignwide is-layout-flex wp-container-core-columns-is-layout-7ee84d44 wp-block-columns-is-layout-flex\">\n<div class=\"wp-block-column is-vertically-aligned-center is-layout-flow wp-block-column-is-layout-flow\" style=\"flex-basis:50%\">\n<p class=\"has-text-color has-link-color has-large-font-size wp-elements-c40505766a51cc51f6186469d15ca80f\" style=\"color:#d6b380\">Acerca del procedimiento<\/p>\n\n\n\n<p>El FaceLift es uno de los procedimientos m\u00e1s comunes en cirug\u00eda est\u00e9tica para disminuir los signos del envejecimiento. Es una cirug\u00eda en la que se levantan y reposicionan los tejidos faciales que se encuentran ca\u00eddos recuperando as\u00ed la elegancia facial. Existen variaciones del facelift que se realizan en personas m\u00e1s j\u00f3venes, conocidas como mini facelift y que se pueden realizar incluso desde los 35 a\u00f1os.<\/p>\n\n\n\n<p>Es importante aclarar que en este tratamiento facial no mejorar\u00e1 los p\u00e1rpados, las cejas, la frente o las arrugas alrededor de los labios. Por esto muchas veces se combina con otras cirug\u00edas para obtener un mejor y arm\u00f3nico resultado.<\/p>\n\n\n\n<p class=\"has-text-color has-link-color has-large-font-size wp-elements-b1124049e973f446138f0c9b7a014ce7\" style=\"color:#d6b380\">\u00bfPor qu\u00e9 operarse?<\/p>\n\n\n\n<p class=\"has-medium-font-size\">Durante el proceso normal de envejecimiento podemos notar que la piel se vuelve fl\u00e1cida, los m\u00fasculos pierden tonicidad, y disminuye el volumen de la cara, observ\u00e1ndose mejillas y p\u00f3mulos ca\u00eddos, p\u00e9rdida del contorno mandibular, profundizaci\u00f3n de los pliegues y exceso de piel y grasa en el cuello.<\/p>\n<\/div>\n\n\n\n<div class=\"wp-block-column is-vertically-aligned-center is-layout-flow wp-block-column-is-layout-flow\" style=\"flex-basis:50%\">\n<figure data-aos-duration=\"800\" data-aos-easing=\"ease-out-cubic\" data-aos-once=\"true\" data-aos=\"scale-in-x\" class=\"wp-block-image size-full has-custom-border\"><img loading=\"lazy\" decoding=\"async\" width=\"1599\" height=\"1066\" src=\"https:\/\/alancamposcpr.com\/inicio\/wp-content\/uploads\/2025\/06\/facelift1.webp\" alt=\"\" class=\"wp-image-382\" style=\"border-radius:30px;aspect-ratio:1;object-fit:cover\" srcset=\"https:\/\/alancamposcpr.com\/inicio\/wp-content\/uploads\/2025\/06\/facelift1.webp 1599w, https:\/\/alancamposcpr.com\/inicio\/wp-content\/uploads\/2025\/06\/facelift1-300x200.webp 300w, https:\/\/alancamposcpr.com\/inicio\/wp-content\/uploads\/2025\/06\/facelift1-1024x683.webp 1024w, https:\/\/alancamposcpr.com\/inicio\/wp-content\/uploads\/2025\/06\/facelift1-768x512.webp 768w, https:\/\/alancamposcpr.com\/inicio\/wp-content\/uploads\/2025\/06\/facelift1-1536x1024.webp 1536w\" sizes=\"auto, (max-width: 1599px) 100vw, 1599px\" \/><\/figure>\n<\/div>\n<\/div>\n<\/div>\n\n\n\n<div class=\"wp-block-group alignfull is-style-section-2 has-background has-global-padding is-layout-constrained wp-block-group-is-layout-constrained\" style=\"background-color:#e7e7e7;margin-top:0;margin-bottom:0;padding-top:0;padding-bottom:0\">\n<div class=\"wp-block-columns alignwide is-layout-flex wp-container-core-columns-is-layout-643ced6b wp-block-columns-is-layout-flex\">\n<div class=\"wp-block-column is-layout-flow wp-block-column-is-layout-flow\" style=\"flex-basis:40%\">\n<figure data-aos-duration=\"800\" data-aos-easing=\"ease-out-cubic\" data-aos-once=\"true\" data-aos=\"scale-in-x\" class=\"wp-block-image size-full has-custom-border\"><img loading=\"lazy\" decoding=\"async\" width=\"800\" height=\"800\" src=\"https:\/\/alancamposcpr.com\/inicio\/wp-content\/uploads\/2025\/06\/facelift2.webp\" alt=\"\" class=\"wp-image-383\" style=\"border-radius:30px;aspect-ratio:9\/16;object-fit:cover\" srcset=\"https:\/\/alancamposcpr.com\/inicio\/wp-content\/uploads\/2025\/06\/facelift2.webp 800w, https:\/\/alancamposcpr.com\/inicio\/wp-content\/uploads\/2025\/06\/facelift2-300x300.webp 300w, https:\/\/alancamposcpr.com\/inicio\/wp-content\/uploads\/2025\/06\/facelift2-150x150.webp 150w, https:\/\/alancamposcpr.com\/inicio\/wp-content\/uploads\/2025\/06\/facelift2-768x768.webp 768w\" sizes=\"auto, (max-width: 800px) 100vw, 800px\" \/><\/figure>\n<\/div>\n\n\n\n<div class=\"wp-block-column is-vertically-aligned-center is-layout-flow wp-container-core-column-is-layout-119bc444 wp-block-column-is-layout-flow\" style=\"flex-basis:60%\">\n<h2 class=\"wp-block-heading has-large-font-size\">Beneficios<\/h2>\n\n\n\n<ul data-aos-duration=\"800\" data-aos-easing=\"ease-out-cubic\" data-aos-once=\"true\" data-aos=\"scale-in-x\" class=\"wp-block-list\">\n<li>Rejuvenecimiento facial al eliminar arrugas y flacidez.<\/li>\n\n\n\n<li>Contornos faciales m\u00e1s definidos.<\/li>\n\n\n\n<li>Resultados duraderos, que pueden mantenerse por a\u00f1os.<\/li>\n\n\n\n<li>Apariencia m\u00e1s fresca y natural.<\/li>\n\n\n\n<li>Eliminaci\u00f3n de la piel ca\u00edda en la cara y cuello.<\/li>\n\n\n\n<li>Reposicionamiento de los tejidos faciales ca\u00eddos.<\/li>\n\n\n\n<li>Mejora en la confianza y autoestima.<\/li>\n\n\n\n<li>Reducci\u00f3n de l\u00edneas profundas en la cara y surcos nasolabiales.<\/li>\n\n\n\n<li>Aspecto revitalizado.<\/li>\n\n\n\n<li>Recuperaci\u00f3n r\u00e1pida con t\u00e9cnicas actuales.<\/li>\n<\/ul>\n<\/div>\n<\/div>\n<\/div>\n\n\n\n<div class=\"wp-block-group alignfull has-base-color has-text-color has-background has-link-color wp-elements-c47e7d9e23b9a8fb6af221dac5f7846d has-global-padding is-layout-constrained wp-container-core-group-is-layout-d89aad35 wp-block-group-is-layout-constrained\" style=\"background-color:#151544;margin-top:0;margin-bottom:0;padding-top:var(--wp--preset--spacing--50);padding-right:var(--wp--preset--spacing--50);padding-bottom:var(--wp--preset--spacing--50);padding-left:var(--wp--preset--spacing--50)\">\n<h2 class=\"wp-block-heading alignwide has-base-color has-text-color has-link-color wp-elements-0a61e2d1a916db95ab28c7037507cefb\" style=\"font-size:clamp(1.551rem, 1.551rem + ((1vw - 0.2rem) * 1.748), 2.6rem);letter-spacing:-0.02em\" data-aos=\"slide-right\" data-aos-delay=\"450\" data-aos-duration=\"1150\">PREGUNTAS FRECUENTES<\/h2>\n\n\n\n<div class=\"wp-block-group alignwide is-layout-flow wp-block-group-is-layout-flow\">\n<hr class=\"wp-block-separator has-text-color has-base-color has-alpha-channel-opacity has-base-background-color has-background is-style-wide\" style=\"margin-top:var(--wp--preset--spacing--30);margin-bottom:var(--wp--preset--spacing--30)\"\/>\n\n\n\n<h3 class=\"wp-block-heading alignwide has-base-2-color has-text-color has-link-color wp-elements-a215b226eb8f0ca870526772205121db\">\u00bfCu\u00e1nto duran los resultados del facelift?<\/h3>\n\n\n\n<p class=\"has-contrast-1-color has-text-color has-link-color wp-elements-33e3605d0b06708fc849502fcb0f92d4\">Los resultados son duraderos, pero el proceso de envejecimiento natural del rostro contin\u00faa. Sin embargo, los efectos del facelift pueden durar de 7 a 10 a\u00f1os, lo cual lo convierte en una opci\u00f3n popular para rejuvenecer el rostro.<\/p>\n\n\n\n<hr class=\"wp-block-separator has-text-color has-base-color has-alpha-channel-opacity has-base-background-color has-background is-style-wide\" style=\"margin-top:var(--wp--preset--spacing--30);margin-bottom:var(--wp--preset--spacing--30)\"\/>\n\n\n\n<h3 class=\"wp-block-heading alignwide has-base-2-color has-text-color has-link-color wp-elements-f5775656a2d744b3f40f9cdad99912fd\">\u00bfExisten riesgos o complicaciones?<\/h3>\n\n\n\n<p class=\"has-contrast-1-color has-text-color has-link-color wp-elements-a5198cc35a92ef1652c330199ecfe407\">Como en cualquier procedimiento quir\u00fargico, el facelift conlleva ciertos riesgos y complicaciones potenciales, como infecci\u00f3n, hematomas, cicatrices visibles y reacciones adversas a la anestesia. Pero, estos riesgos son generalmente bajos y pueden ser minimizados al seleccionar un cirujano pl\u00e1stico certificado y al seguir todas las recomendaciones postoperatorias.<\/p>\n\n\n\n<hr class=\"wp-block-separator has-text-color has-base-color has-alpha-channel-opacity has-base-background-color has-background is-style-wide\" style=\"margin-top:var(--wp--preset--spacing--30);margin-bottom:var(--wp--preset--spacing--30)\"\/>\n\n\n\n<h3 class=\"wp-block-heading alignwide has-base-2-color has-text-color has-link-color wp-elements-f0ec34a805a146913756de0c8db479cb\">\u00bfCu\u00e1ndo puedo retomar mis actividades?<\/h3>\n\n\n\n<p class=\"has-contrast-1-color has-text-color has-link-color wp-elements-08a0bca29d261d4226d68b35946fb4d6\">El tiempo de recuperaci\u00f3n var\u00eda de paciente a paciente, en general se recomienda evitar actividades f\u00edsicas intensas y la exposici\u00f3n al sol y calor durante al menos 3 semanas. Sin embargo, muchas personas pueden retomar sus actividades normales, incluyendo el trabajo y las actividades sociales, despu\u00e9s de unas pocas semanas de la cirug\u00eda<\/p>\n<\/div>\n<\/div>\n\n\n\n<figure class=\"wp-block-gallery alignwide has-nested-images columns-default is-cropped wp-block-gallery-1 is-layout-flex wp-block-gallery-is-layout-flex\">\n<figure class=\"wp-block-image size-large\" data-aos=\"zoom-in\"><img loading=\"lazy\" decoding=\"async\" width=\"1024\" height=\"689\" data-id=\"558\" src=\"https:\/\/alancamposcpr.com\/inicio\/wp-content\/uploads\/2025\/07\/Facelift3-1024x689.png\" alt=\"\" class=\"wp-image-558\" srcset=\"https:\/\/alancamposcpr.com\/inicio\/wp-content\/uploads\/2025\/07\/Facelift3-1024x689.png 1024w, https:\/\/alancamposcpr.com\/inicio\/wp-content\/uploads\/2025\/07\/Facelift3-300x202.png 300w, https:\/\/alancamposcpr.com\/inicio\/wp-content\/uploads\/2025\/07\/Facelift3-768x517.png 768w, https:\/\/alancamposcpr.com\/inicio\/wp-content\/uploads\/2025\/07\/Facelift3-1536x1033.png 1536w, https:\/\/alancamposcpr.com\/inicio\/wp-content\/uploads\/2025\/07\/Facelift3.png 1784w\" sizes=\"auto, (max-width: 1024px) 100vw, 1024px\" \/><\/figure>\n\n\n\n<figure class=\"wp-block-image size-large\" data-aos=\"zoom-in\"><img loading=\"lazy\" decoding=\"async\" width=\"1024\" height=\"689\" data-id=\"559\" src=\"https:\/\/alancamposcpr.com\/inicio\/wp-content\/uploads\/2025\/07\/Facelift4-1024x689.png\" alt=\"\" class=\"wp-image-559\" srcset=\"https:\/\/alancamposcpr.com\/inicio\/wp-content\/uploads\/2025\/07\/Facelift4-1024x689.png 1024w, https:\/\/alancamposcpr.com\/inicio\/wp-content\/uploads\/2025\/07\/Facelift4-300x202.png 300w, https:\/\/alancamposcpr.com\/inicio\/wp-content\/uploads\/2025\/07\/Facelift4-768x517.png 768w, https:\/\/alancamposcpr.com\/inicio\/wp-content\/uploads\/2025\/07\/Facelift4-1536x1033.png 1536w, https:\/\/alancamposcpr.com\/inicio\/wp-content\/uploads\/2025\/07\/Facelift4.png 1784w\" sizes=\"auto, (max-width: 1024px) 100vw, 1024px\" \/><\/figure>\n<\/figure>\n\n\n\n<div class=\"wp-block-group alignfull has-background has-global-padding is-layout-constrained wp-container-core-group-is-layout-18357c81 wp-block-group-is-layout-constrained\" style=\"background-color:#9c7b4b;margin-top:0;margin-bottom:0;padding-top:var(--wp--preset--spacing--10);padding-right:var(--wp--preset--spacing--50);padding-bottom:var(--wp--preset--spacing--10);padding-left:var(--wp--preset--spacing--50)\">\n<h1 class=\"wp-block-heading has-text-align-center has-base-2-color has-text-color has-link-color has-x-large-font-size wp-elements-741373a563abdb4e526354329e37f03d\" data-aos=\"zoom-in\" data-aos-duration=\"1100\">M\u00e1s procedimientos<\/h1>\n<\/div>\n\n\n\n<div class=\"wp-block-group alignfull has-base-2-background-color has-background has-global-padding is-layout-constrained wp-container-core-group-is-layout-aff63992 wp-block-group-is-layout-constrained\" style=\"margin-top:0;margin-bottom:0;padding-top:0;padding-right:var(--wp--preset--spacing--50);padding-bottom:0;padding-left:var(--wp--preset--spacing--50)\">\n<div class=\"wp-block-group alignwide has-base-2-background-color has-background has-global-padding is-layout-constrained wp-container-core-group-is-layout-80fb368b wp-block-group-is-layout-constrained\" style=\"border-radius:16px;padding-top:var(--wp--preset--spacing--30);padding-right:var(--wp--preset--spacing--30);padding-bottom:var(--wp--preset--spacing--30);padding-left:var(--wp--preset--spacing--30)\">\n<div class=\"wp-block-columns alignwide is-layout-flex wp-container-core-columns-is-layout-06670bbc wp-block-columns-is-layout-flex\">\n<div class=\"wp-block-column is-layout-flow wp-block-column-is-layout-flow\" style=\"border-top-style:none;border-top-width:0px;padding-top:var(--wp--preset--spacing--30);padding-right:var(--wp--preset--spacing--30);padding-bottom:var(--wp--preset--spacing--10);padding-left:var(--wp--preset--spacing--30)\">\n<div class=\"wp-block-buttons is-content-justification-center is-layout-flex wp-container-core-buttons-is-layout-a89b3969 wp-block-buttons-is-layout-flex\">\n<div class=\"wp-block-button has-custom-width wp-block-button__width-100 is-style-outline is-style-outline--2\"><a class=\"wp-block-button__link wp-element-button\" href=\"https:\/\/alancamposcpr.com\/inicio\/aumento-mamario\/\">Aumento mamario<\/a><\/div>\n\n\n\n<div class=\"wp-block-button has-custom-width wp-block-button__width-100 is-style-outline is-style-outline--3\"><a class=\"wp-block-button__link wp-element-button\" href=\"https:\/\/alancamposcpr.com\/inicio\/reduccion-mamaria\/\">Reducci\u00f3n mamaria<\/a><\/div>\n\n\n\n<div class=\"wp-block-button has-custom-width wp-block-button__width-100 is-style-outline is-style-outline--4\"><a class=\"wp-block-button__link wp-element-button\" href=\"https:\/\/alancamposcpr.com\/inicio\/ginecomastia\/\">Ginecomastia<\/a><\/div>\n\n\n\n<div class=\"wp-block-button has-custom-width wp-block-button__width-100 is-style-outline is-style-outline--5\"><a class=\"wp-block-button__link wp-element-button\" href=\"https:\/\/alancamposcpr.com\/inicio\/levantamiento-de-senos\/\">Levantamiento de senos<\/a><\/div>\n\n\n\n<div class=\"wp-block-button has-custom-width wp-block-button__width-100 is-style-outline is-style-outline--6\"><a class=\"wp-block-button__link wp-element-button\" href=\"https:\/\/alancamposcpr.com\/inicio\/facelift\/\">Facelift<\/a><\/div>\n<\/div>\n<\/div>\n\n\n\n<div class=\"wp-block-column is-layout-flow wp-block-column-is-layout-flow\" style=\"border-top-style:none;border-top-width:0px;padding-top:var(--wp--preset--spacing--30);padding-right:var(--wp--preset--spacing--30);padding-bottom:var(--wp--preset--spacing--10);padding-left:var(--wp--preset--spacing--30)\">\n<div class=\"wp-block-buttons is-content-justification-center is-layout-flex wp-container-core-buttons-is-layout-a89b3969 wp-block-buttons-is-layout-flex\">\n<div class=\"wp-block-button has-custom-width wp-block-button__width-100 is-style-outline is-style-outline--7\"><a class=\"wp-block-button__link wp-element-button\" href=\"https:\/\/alancamposcpr.com\/inicio\/rinoplastia\/\">Rinoplastia<\/a><\/div>\n\n\n\n<div class=\"wp-block-button has-custom-width wp-block-button__width-100 is-style-outline is-style-outline--8\"><a class=\"wp-block-button__link wp-element-button\" href=\"https:\/\/alancamposcpr.com\/inicio\/otoplastia\/\">Otoplastia<\/a><\/div>\n\n\n\n<div class=\"wp-block-button has-custom-width wp-block-button__width-100 is-style-outline is-style-outline--9\"><a class=\"wp-block-button__link wp-element-button\" href=\"https:\/\/alancamposcpr.com\/inicio\/blefaroplastia\/\">Blefaroplastia<\/a><\/div>\n\n\n\n<div class=\"wp-block-button has-custom-width wp-block-button__width-100 is-style-outline is-style-outline--10\"><a class=\"wp-block-button__link wp-element-button\" href=\"https:\/\/alancamposcpr.com\/inicio\/mentoplastia\/\">Mentoplastia<\/a><\/div>\n\n\n\n<div class=\"wp-block-button has-custom-width wp-block-button__width-100 is-style-outline is-style-outline--11\"><a class=\"wp-block-button__link wp-element-button\" href=\"https:\/\/alancamposcpr.com\/inicio\/bichectomia\/\">Bichectom\u00eda<\/a><\/div>\n<\/div>\n<\/div>\n\n\n\n<div class=\"wp-block-column is-layout-flow wp-block-column-is-layout-flow\" style=\"border-top-style:none;border-top-width:0px;padding-top:var(--wp--preset--spacing--30);padding-right:var(--wp--preset--spacing--30);padding-bottom:var(--wp--preset--spacing--10);padding-left:var(--wp--preset--spacing--30)\">\n<div class=\"wp-block-buttons is-content-justification-center is-layout-flex wp-container-core-buttons-is-layout-a89b3969 wp-block-buttons-is-layout-flex\">\n<div class=\"wp-block-button has-custom-width wp-block-button__width-100 is-style-outline is-style-outline--12\"><a class=\"wp-block-button__link wp-element-button\" href=\"https:\/\/alancamposcpr.com\/inicio\/lipoabdominoplastia\/\">Lipoabdominoplastia<\/a><\/div>\n\n\n\n<div class=\"wp-block-button has-custom-width wp-block-button__width-100 is-style-outline is-style-outline--13\"><a class=\"wp-block-button__link wp-element-button\" href=\"https:\/\/alancamposcpr.com\/inicio\/lipoescultura\/\">Lipoescultura<\/a><\/div>\n\n\n\n<div class=\"wp-block-button has-custom-width wp-block-button__width-100 is-style-outline is-style-outline--14\"><a class=\"wp-block-button__link wp-element-button\" href=\"https:\/\/alancamposcpr.com\/inicio\/braquiplastia\/\">Braquiplastia<\/a><\/div>\n\n\n\n<div class=\"wp-block-button has-custom-width wp-block-button__width-100 is-style-outline is-style-outline--15\"><a class=\"wp-block-button__link wp-element-button\" href=\"https:\/\/alancamposcpr.com\/inicio\/cruroplastia\/\">Cruroplastia<\/a><\/div>\n\n\n\n<div class=\"wp-block-button has-custom-width wp-block-button__width-100 is-style-outline is-style-outline--16\"><a class=\"wp-block-button__link wp-element-button\" href=\"https:\/\/alancamposcpr.com\/inicio\/procedimientos-no-quirurgicos\/\">No quir\u00fargicos<\/a><\/div>\n<\/div>\n<\/div>\n<\/div>\n<\/div>\n<\/div>\n\n\n\n<aside class=\"wp-block-group alignfull is-style-section-3 has-background has-global-padding is-layout-constrained wp-container-core-group-is-layout-ca844d70 wp-block-group-is-layout-constrained\" style=\"background-color:#e7e7e7;margin-top:0;margin-bottom:0;padding-top:var(--wp--preset--spacing--30);padding-right:var(--wp--preset--spacing--50);padding-bottom:var(--wp--preset--spacing--30);padding-left:var(--wp--preset--spacing--50)\">\n<div class=\"wp-block-group is-vertical is-content-justification-center is-layout-flex wp-container-core-group-is-layout-8778ca4a wp-block-group-is-layout-flex\" style=\"min-height:360px;margin-top:0;margin-bottom:0\">\n<h2 class=\"wp-block-heading has-text-align-center has-x-large-font-size\" data-aos=\"zoom-in\" data-aos-delay=\"400\" data-aos-duration=\"1350\">Atenci\u00f3n personalizada. Cont\u00e1ctame y juntos dise\u00f1amos tu cambio<\/h2>\n\n\n\n<div style=\"height:0px\" aria-hidden=\"true\" class=\"wp-block-spacer wp-container-content-62aae154\"><\/div>\n\n\n\n<div class=\"wp-block-buttons is-content-justification-center is-layout-flex wp-container-core-buttons-is-layout-a89b3969 wp-block-buttons-is-layout-flex\">\n<div class=\"wp-block-button\" data-aos=\"zoom-in\" data-aos-delay=\"350\" data-aos-duration=\"1000\"><a class=\"wp-block-button__link has-background has-medium-font-size has-text-align-center has-custom-font-size wp-element-button\" href=\"https:\/\/wa.me\/5632630638\" style=\"background-color:#9c7b4b\" target=\"_blank\" rel=\"noreferrer noopener\">Agenda tu cita de valoraci\u00f3n<\/a><\/div>\n<\/div>\n<\/div>\n<\/aside>\n","protected":false},"excerpt":{"rendered":"<p>Facelift Acerca del procedimiento El FaceLift es uno de los procedimientos m\u00e1s comunes en cirug\u00eda est\u00e9tica para disminuir los signos del envejecimiento. Es una cirug\u00eda en la que se levantan y reposicionan los tejidos faciales que se encuentran ca\u00eddos recuperando as\u00ed la elegancia facial. Existen variaciones del facelift que se realizan en personas m\u00e1s j\u00f3venes, [&hellip;]<\/p>\n","protected":false},"author":1,"featured_media":0,"parent":0,"menu_order":7,"comment_status":"closed","ping_status":"closed","template":"page-no-title","meta":{"footnotes":""},"class_list":["post-36","page","type-page","status-publish","hentry"],"_links":{"self":[{"href":"https:\/\/alancamposcpr.com\/inicio\/wp-json\/wp\/v2\/pages\/36","targetHints":{"allow":["GET"]}}],"collection":[{"href":"https:\/\/alancamposcpr.com\/inicio\/wp-json\/wp\/v2\/pages"}],"about":[{"href":"https:\/\/alancamposcpr.com\/inicio\/wp-json\/wp\/v2\/types\/page"}],"author":[{"embeddable":true,"href":"https:\/\/alancamposcpr.com\/inicio\/wp-json\/wp\/v2\/users\/1"}],"replies":[{"embeddable":true,"href":"https:\/\/alancamposcpr.com\/inicio\/wp-json\/wp\/v2\/comments?post=36"}],"version-history":[{"count":6,"href":"https:\/\/alancamposcpr.com\/inicio\/wp-json\/wp\/v2\/pages\/36\/revisions"}],"predecessor-version":[{"id":628,"href":"https:\/\/alancamposcpr.com\/inicio\/wp-json\/wp\/v2\/pages\/36\/revisions\/628"}],"wp:attachment":[{"href":"https:\/\/alancamposcpr.com\/inicio\/wp-json\/wp\/v2\/media?parent=36"}],"curies":[{"name":"wp","href":"https:\/\/api.w.org\/{rel}","templated":true}]}}