{"id":56,"date":"2025-06-20T19:02:13","date_gmt":"2025-06-20T19:02:13","guid":{"rendered":"https:\/\/alancamposcpr.com\/inicio\/?page_id=56"},"modified":"2025-07-01T16:57:09","modified_gmt":"2025-07-01T22:57:09","slug":"braquiplastia","status":"publish","type":"page","link":"https:\/\/alancamposcpr.com\/inicio\/braquiplastia\/","title":{"rendered":"Braquiplastia"},"content":{"rendered":"\n<div class=\"wp-block-group alignfull has-background has-global-padding is-layout-constrained wp-container-core-group-is-layout-5686dad4 wp-block-group-is-layout-constrained\" style=\"background-color:#9c7b4b;margin-top:0;margin-bottom:0;padding-top:var(--wp--preset--spacing--40);padding-right:var(--wp--preset--spacing--50);padding-bottom:var(--wp--preset--spacing--40);padding-left:var(--wp--preset--spacing--50)\">\n<h1 class=\"wp-block-heading has-text-align-center has-base-2-color has-text-color has-link-color has-x-large-font-size wp-elements-2321d755832e911f24f54f883cae0a8e\" data-aos=\"slide-up\" data-aos-delay=\"400\" data-aos-duration=\"1450\"><strong>Braquiplastia<\/strong><\/h1>\n<\/div>\n\n\n\n<div class=\"wp-block-group alignfull is-style-section-5 has-base-2-color has-text-color has-background has-link-color wp-elements-223f3d3a949d5b129031fa13d612be06 has-global-padding is-layout-constrained wp-block-group-is-layout-constrained\" style=\"background-color:#34316c;margin-top:0;margin-bottom:0;padding-top:var(--wp--preset--spacing--50);padding-bottom:var(--wp--preset--spacing--50)\">\n<div class=\"wp-block-columns alignwide is-layout-flex wp-container-core-columns-is-layout-7ee84d44 wp-block-columns-is-layout-flex\">\n<div class=\"wp-block-column is-vertically-aligned-center is-layout-flow wp-block-column-is-layout-flow\" style=\"flex-basis:50%\">\n<p class=\"has-text-color has-link-color has-large-font-size wp-elements-c40505766a51cc51f6186469d15ca80f\" style=\"color:#d6b380\">Acerca del procedimiento<\/p>\n\n\n\n<p>Unos brazos firmes, sin exceso de piel y grasa son caracter\u00edsticas de belleza corporal. Sin embargo, esta parte de nuestro cuerpo&nbsp; sufre las consecuencias de los cambios hormonales, una alimentaci\u00f3n inadecuada o los cambios en el peso corporal.<\/p>\n\n\n\n<p>Las constantes alteraciones por estiramiento y retracci\u00f3n de la piel provocan deterioro de los tejidos, y por consiguiente, recuperar el tono y la elasticidad del tejido cut\u00e1neo del brazo puede ser dif\u00edcil. Para muchas personas que han fallado intentado mejorar el aspecto est\u00e9tico de sus brazos la braquiplastia puede ser la soluci\u00f3n.<\/p>\n\n\n\n<p class=\"has-text-color has-link-color has-large-font-size wp-elements-b1124049e973f446138f0c9b7a014ce7\" style=\"color:#d6b380\">\u00bfPor qu\u00e9 operarse?<\/p>\n\n\n\n<p class=\"has-medium-font-size\">La dieta y el ejercicio no han ayudado a mejorar el tono muscular de los brazos. La piel y el m\u00fasculo no pueden recobrar su tono normal, lo cual puede ser un problema para las personas obesas que perdieron peso.<\/p>\n<\/div>\n\n\n\n<div class=\"wp-block-column is-vertically-aligned-center is-layout-flow wp-block-column-is-layout-flow\" style=\"flex-basis:50%\">\n<figure data-aos-duration=\"800\" data-aos-easing=\"ease-out-cubic\" data-aos-once=\"true\" data-aos=\"scale-in-x\" class=\"wp-block-image size-full\"><img loading=\"lazy\" decoding=\"async\" width=\"800\" height=\"533\" src=\"https:\/\/alancamposcpr.com\/inicio\/wp-content\/uploads\/2025\/06\/braquiplastia1.webp\" alt=\"\" class=\"wp-image-425\" style=\"aspect-ratio:1;object-fit:cover\" srcset=\"https:\/\/alancamposcpr.com\/inicio\/wp-content\/uploads\/2025\/06\/braquiplastia1.webp 800w, https:\/\/alancamposcpr.com\/inicio\/wp-content\/uploads\/2025\/06\/braquiplastia1-300x200.webp 300w, https:\/\/alancamposcpr.com\/inicio\/wp-content\/uploads\/2025\/06\/braquiplastia1-768x512.webp 768w\" sizes=\"auto, (max-width: 800px) 100vw, 800px\" \/><\/figure>\n<\/div>\n<\/div>\n<\/div>\n\n\n\n<div class=\"wp-block-group alignfull is-style-section-2 has-background has-global-padding is-layout-constrained wp-block-group-is-layout-constrained\" style=\"background-color:#e7e7e7;margin-top:0;margin-bottom:0;padding-top:var(--wp--preset--spacing--40);padding-bottom:var(--wp--preset--spacing--40)\">\n<div class=\"wp-block-columns alignwide is-layout-flex wp-container-core-columns-is-layout-643ced6b wp-block-columns-is-layout-flex\">\n<div class=\"wp-block-column is-layout-flow wp-block-column-is-layout-flow\" style=\"flex-basis:40%\">\n<figure data-aos-duration=\"800\" data-aos-easing=\"ease-out-cubic\" data-aos-once=\"true\" data-aos=\"scale-in-x\" class=\"wp-block-image size-full\"><img loading=\"lazy\" decoding=\"async\" width=\"800\" height=\"533\" src=\"https:\/\/alancamposcpr.com\/inicio\/wp-content\/uploads\/2025\/06\/braquiplastia2.webp\" alt=\"\" class=\"wp-image-426\" style=\"aspect-ratio:2\/3;object-fit:cover\" srcset=\"https:\/\/alancamposcpr.com\/inicio\/wp-content\/uploads\/2025\/06\/braquiplastia2.webp 800w, https:\/\/alancamposcpr.com\/inicio\/wp-content\/uploads\/2025\/06\/braquiplastia2-300x200.webp 300w, https:\/\/alancamposcpr.com\/inicio\/wp-content\/uploads\/2025\/06\/braquiplastia2-768x512.webp 768w\" sizes=\"auto, (max-width: 800px) 100vw, 800px\" \/><\/figure>\n<\/div>\n\n\n\n<div class=\"wp-block-column is-vertically-aligned-center is-layout-flow wp-container-core-column-is-layout-119bc444 wp-block-column-is-layout-flow\" style=\"flex-basis:60%\">\n<h2 class=\"wp-block-heading has-large-font-size\">Beneficios<\/h2>\n\n\n\n<ul class=\"wp-block-list\">\n<li>Eliminaci\u00f3n del exceso de piel y grasa.<\/li>\n\n\n\n<li>Contorno m\u00e1s tonificado y firme.<\/li>\n\n\n\n<li>Resultados visibles y duraderos.<\/li>\n\n\n\n<li>Mejora de la confianza al usar ropa sin mangas.<\/li>\n\n\n\n<li>Reducci\u00f3n del \u201cbrazo colgante\u201d o flacidez.<\/li>\n\n\n\n<li>Recuperaci\u00f3n de la proporci\u00f3n entre brazos y cuerpo.<\/li>\n\n\n\n<li>Aspecto rejuvenecido en la zona.<\/li>\n\n\n\n<li>Mayor comodidad en la realizaci\u00f3n de actividades f\u00edsicas.<\/li>\n\n\n\n<li>Cicatrices discretas.<\/li>\n\n\n\n<li>Mejora en la movilidad y confianza en la apariencia y autoestima.<\/li>\n<\/ul>\n<\/div>\n<\/div>\n<\/div>\n\n\n\n<div class=\"wp-block-group alignfull has-base-color has-text-color has-background has-link-color wp-elements-80a320bd4e560ba54bf90d366308a1eb has-global-padding is-layout-constrained wp-container-core-group-is-layout-d89aad35 wp-block-group-is-layout-constrained\" style=\"background-color:#34316c;margin-top:0;margin-bottom:0;padding-top:var(--wp--preset--spacing--50);padding-right:var(--wp--preset--spacing--50);padding-bottom:var(--wp--preset--spacing--50);padding-left:var(--wp--preset--spacing--50)\">\n<h2 class=\"wp-block-heading alignwide has-base-color has-text-color has-link-color wp-elements-37718a46a94659c8d2610d85e2ffe3f9\" style=\"font-size:clamp(1.502rem, 1.502rem + ((1vw - 0.2rem) * 1.663), 2.5rem);letter-spacing:-0.02em\" data-aos=\"slide-right\" data-aos-delay=\"550\" data-aos-duration=\"1400\">PREGUNTAS FRECUENTES<\/h2>\n\n\n\n<div class=\"wp-block-group alignwide is-layout-flow wp-block-group-is-layout-flow\">\n<hr class=\"wp-block-separator has-text-color has-base-color has-alpha-channel-opacity has-base-background-color has-background is-style-wide\" style=\"margin-top:var(--wp--preset--spacing--30);margin-bottom:var(--wp--preset--spacing--30)\"\/>\n\n\n\n<h3 class=\"wp-block-heading alignwide has-base-2-color has-text-color has-link-color wp-elements-411f08d5fa8dcc2ebdf577dd4b9866ce\">\u00bfAparecer\u00e1n moretones e hinchaz\u00f3n posterior a la cirug\u00eda?<\/h3>\n\n\n\n<p class=\"has-contrast-1-color has-text-color has-link-color wp-elements-7c8f7148d4557b8f187fcc13d0a9dbc4\">Lo m\u00e1s probable es que presentes moretones e hinchaz\u00f3n durante los primeros d\u00edas despu\u00e9s de la cirug\u00eda. Sigue las indicaciones del cirujano pl\u00e1stico.<\/p>\n\n\n\n<hr class=\"wp-block-separator has-text-color has-base-color has-alpha-channel-opacity has-base-background-color has-background is-style-wide\" style=\"margin-top:var(--wp--preset--spacing--30);margin-bottom:var(--wp--preset--spacing--30)\"\/>\n\n\n\n<h3 class=\"wp-block-heading alignwide has-base-2-color has-text-color has-link-color wp-elements-604bb93c52237947dd21965c8f027635\">\u00bfLa braquiplastia deja cicatrices?<\/h3>\n\n\n\n<p class=\"has-contrast-1-color has-text-color has-link-color wp-elements-f00e36d720f19b5bfc1e5fc827345ab4\">La braquiplastia, como cualquier otra cirug\u00eda deja cicatrices para toda la vida, sin embargo, se disimulan bajo la ropa. Con el paso del tiempo, las cicatrices ir\u00e1n not\u00e1ndose menos. Los problemas de cicatrizaci\u00f3n son m\u00e1s frecuentes en personas que fuman.<\/p>\n\n\n\n<hr class=\"wp-block-separator has-text-color has-base-color has-alpha-channel-opacity has-base-background-color has-background is-style-wide\" style=\"margin-top:var(--wp--preset--spacing--30);margin-bottom:var(--wp--preset--spacing--30)\"\/>\n\n\n\n<h3 class=\"wp-block-heading alignwide has-base-2-color has-text-color has-link-color wp-elements-4015715b7d197d9d4da0798f2d154bd3\">\u00bfDebo quedarme hospitalizada despu\u00e9s de la cirug\u00eda?<\/h3>\n\n\n\n<p class=\"has-contrast-1-color has-text-color has-link-color wp-elements-938cf8faecea96f1c08317e31a181bd2\">Si la braquiplastia es aislada, se puede realizar ambulatoriamente, pero, el hecho de que normalmente se asocie con otros procedimientos, la hace candidata a una noche de observaci\u00f3n en el hospital.<\/p>\n<\/div>\n<\/div>\n\n\n\n<figure class=\"wp-block-gallery alignwide has-nested-images columns-default is-cropped wp-block-gallery-1 is-layout-flex wp-block-gallery-is-layout-flex\">\n<figure class=\"wp-block-image size-large\" data-aos=\"zoom-in\"><img loading=\"lazy\" decoding=\"async\" width=\"1024\" height=\"689\" data-id=\"522\" src=\"https:\/\/alancamposcpr.com\/inicio\/wp-content\/uploads\/2025\/06\/branquiplatia-ejemplo1_ok-1024x689.png\" alt=\"\" class=\"wp-image-522\" srcset=\"https:\/\/alancamposcpr.com\/inicio\/wp-content\/uploads\/2025\/06\/branquiplatia-ejemplo1_ok-1024x689.png 1024w, https:\/\/alancamposcpr.com\/inicio\/wp-content\/uploads\/2025\/06\/branquiplatia-ejemplo1_ok-300x202.png 300w, https:\/\/alancamposcpr.com\/inicio\/wp-content\/uploads\/2025\/06\/branquiplatia-ejemplo1_ok-768x517.png 768w, https:\/\/alancamposcpr.com\/inicio\/wp-content\/uploads\/2025\/06\/branquiplatia-ejemplo1_ok-1536x1033.png 1536w, https:\/\/alancamposcpr.com\/inicio\/wp-content\/uploads\/2025\/06\/branquiplatia-ejemplo1_ok.png 1784w\" sizes=\"auto, (max-width: 1024px) 100vw, 1024px\" \/><\/figure>\n\n\n\n<figure class=\"wp-block-image size-large\" data-aos=\"zoom-in\"><img loading=\"lazy\" decoding=\"async\" width=\"1024\" height=\"689\" data-id=\"523\" src=\"https:\/\/alancamposcpr.com\/inicio\/wp-content\/uploads\/2025\/06\/branquiplatia-ejemplo2_ok-1024x689.png\" alt=\"\" class=\"wp-image-523\" srcset=\"https:\/\/alancamposcpr.com\/inicio\/wp-content\/uploads\/2025\/06\/branquiplatia-ejemplo2_ok-1024x689.png 1024w, https:\/\/alancamposcpr.com\/inicio\/wp-content\/uploads\/2025\/06\/branquiplatia-ejemplo2_ok-300x202.png 300w, https:\/\/alancamposcpr.com\/inicio\/wp-content\/uploads\/2025\/06\/branquiplatia-ejemplo2_ok-768x517.png 768w, https:\/\/alancamposcpr.com\/inicio\/wp-content\/uploads\/2025\/06\/branquiplatia-ejemplo2_ok-1536x1033.png 1536w, https:\/\/alancamposcpr.com\/inicio\/wp-content\/uploads\/2025\/06\/branquiplatia-ejemplo2_ok.png 1784w\" sizes=\"auto, (max-width: 1024px) 100vw, 1024px\" \/><\/figure>\n<\/figure>\n\n\n\n<div class=\"wp-block-group alignfull has-background has-global-padding is-layout-constrained wp-container-core-group-is-layout-18357c81 wp-block-group-is-layout-constrained\" style=\"background-color:#9c7b4b;margin-top:0;margin-bottom:0;padding-top:var(--wp--preset--spacing--10);padding-right:var(--wp--preset--spacing--50);padding-bottom:var(--wp--preset--spacing--10);padding-left:var(--wp--preset--spacing--50)\">\n<h1 class=\"wp-block-heading has-text-align-center has-base-2-color has-text-color has-link-color has-x-large-font-size wp-elements-741373a563abdb4e526354329e37f03d\" data-aos=\"zoom-in\" data-aos-duration=\"1100\">M\u00e1s procedimientos<\/h1>\n<\/div>\n\n\n\n<div class=\"wp-block-group alignfull has-base-2-background-color has-background has-global-padding is-layout-constrained wp-container-core-group-is-layout-aff63992 wp-block-group-is-layout-constrained\" style=\"margin-top:0;margin-bottom:0;padding-top:0;padding-right:var(--wp--preset--spacing--50);padding-bottom:0;padding-left:var(--wp--preset--spacing--50)\">\n<div class=\"wp-block-group alignwide has-base-2-background-color has-background has-global-padding is-layout-constrained wp-container-core-group-is-layout-80fb368b wp-block-group-is-layout-constrained\" style=\"border-radius:16px;padding-top:var(--wp--preset--spacing--30);padding-right:var(--wp--preset--spacing--30);padding-bottom:var(--wp--preset--spacing--30);padding-left:var(--wp--preset--spacing--30)\">\n<div class=\"wp-block-columns alignwide is-layout-flex wp-container-core-columns-is-layout-06670bbc wp-block-columns-is-layout-flex\">\n<div class=\"wp-block-column is-layout-flow wp-block-column-is-layout-flow\" style=\"border-top-style:none;border-top-width:0px;padding-top:var(--wp--preset--spacing--30);padding-right:var(--wp--preset--spacing--30);padding-bottom:var(--wp--preset--spacing--10);padding-left:var(--wp--preset--spacing--30)\">\n<div class=\"wp-block-buttons is-content-justification-center is-layout-flex wp-container-core-buttons-is-layout-a89b3969 wp-block-buttons-is-layout-flex\">\n<div class=\"wp-block-button has-custom-width wp-block-button__width-100 is-style-outline is-style-outline--2\"><a class=\"wp-block-button__link wp-element-button\" href=\"https:\/\/alancamposcpr.com\/inicio\/aumento-mamario\/\">Aumento mamario<\/a><\/div>\n\n\n\n<div class=\"wp-block-button has-custom-width wp-block-button__width-100 is-style-outline is-style-outline--3\"><a class=\"wp-block-button__link wp-element-button\" href=\"https:\/\/alancamposcpr.com\/inicio\/reduccion-mamaria\/\">Reducci\u00f3n mamaria<\/a><\/div>\n\n\n\n<div class=\"wp-block-button has-custom-width wp-block-button__width-100 is-style-outline is-style-outline--4\"><a class=\"wp-block-button__link wp-element-button\" href=\"https:\/\/alancamposcpr.com\/inicio\/ginecomastia\/\">Ginecomastia<\/a><\/div>\n\n\n\n<div class=\"wp-block-button has-custom-width wp-block-button__width-100 is-style-outline is-style-outline--5\"><a class=\"wp-block-button__link wp-element-button\" href=\"https:\/\/alancamposcpr.com\/inicio\/levantamiento-de-senos\/\">Levantamiento de senos<\/a><\/div>\n\n\n\n<div class=\"wp-block-button has-custom-width wp-block-button__width-100 is-style-outline is-style-outline--6\"><a class=\"wp-block-button__link wp-element-button\" href=\"https:\/\/alancamposcpr.com\/inicio\/facelift\/\">Facelift<\/a><\/div>\n<\/div>\n<\/div>\n\n\n\n<div class=\"wp-block-column is-layout-flow wp-block-column-is-layout-flow\" style=\"border-top-style:none;border-top-width:0px;padding-top:var(--wp--preset--spacing--30);padding-right:var(--wp--preset--spacing--30);padding-bottom:var(--wp--preset--spacing--10);padding-left:var(--wp--preset--spacing--30)\">\n<div class=\"wp-block-buttons is-content-justification-center is-layout-flex wp-container-core-buttons-is-layout-a89b3969 wp-block-buttons-is-layout-flex\">\n<div class=\"wp-block-button has-custom-width wp-block-button__width-100 is-style-outline is-style-outline--7\"><a class=\"wp-block-button__link wp-element-button\" href=\"https:\/\/alancamposcpr.com\/inicio\/rinoplastia\/\">Rinoplastia<\/a><\/div>\n\n\n\n<div class=\"wp-block-button has-custom-width wp-block-button__width-100 is-style-outline is-style-outline--8\"><a class=\"wp-block-button__link wp-element-button\" href=\"https:\/\/alancamposcpr.com\/inicio\/otoplastia\/\">Otoplastia<\/a><\/div>\n\n\n\n<div class=\"wp-block-button has-custom-width wp-block-button__width-100 is-style-outline is-style-outline--9\"><a class=\"wp-block-button__link wp-element-button\" href=\"https:\/\/alancamposcpr.com\/inicio\/blefaroplastia\/\">Blefaroplastia<\/a><\/div>\n\n\n\n<div class=\"wp-block-button has-custom-width wp-block-button__width-100 is-style-outline is-style-outline--10\"><a class=\"wp-block-button__link wp-element-button\" href=\"https:\/\/alancamposcpr.com\/inicio\/mentoplastia\/\">Mentoplastia<\/a><\/div>\n\n\n\n<div class=\"wp-block-button has-custom-width wp-block-button__width-100 is-style-outline is-style-outline--11\"><a class=\"wp-block-button__link wp-element-button\" href=\"https:\/\/alancamposcpr.com\/inicio\/bichectomia\/\">Bichectom\u00eda<\/a><\/div>\n<\/div>\n<\/div>\n\n\n\n<div class=\"wp-block-column is-layout-flow wp-block-column-is-layout-flow\" style=\"border-top-style:none;border-top-width:0px;padding-top:var(--wp--preset--spacing--30);padding-right:var(--wp--preset--spacing--30);padding-bottom:var(--wp--preset--spacing--10);padding-left:var(--wp--preset--spacing--30)\">\n<div class=\"wp-block-buttons is-content-justification-center is-layout-flex wp-container-core-buttons-is-layout-a89b3969 wp-block-buttons-is-layout-flex\">\n<div class=\"wp-block-button has-custom-width wp-block-button__width-100 is-style-outline is-style-outline--12\"><a class=\"wp-block-button__link wp-element-button\" href=\"https:\/\/alancamposcpr.com\/inicio\/lipoabdominoplastia\/\">Lipoabdominoplastia<\/a><\/div>\n\n\n\n<div class=\"wp-block-button has-custom-width wp-block-button__width-100 is-style-outline is-style-outline--13\"><a class=\"wp-block-button__link wp-element-button\" href=\"https:\/\/alancamposcpr.com\/inicio\/lipoescultura\/\">Lipoescultura<\/a><\/div>\n\n\n\n<div class=\"wp-block-button has-custom-width wp-block-button__width-100 is-style-outline is-style-outline--14\"><a class=\"wp-block-button__link wp-element-button\" href=\"https:\/\/alancamposcpr.com\/inicio\/braquiplastia\/\">Braquiplastia<\/a><\/div>\n\n\n\n<div class=\"wp-block-button has-custom-width wp-block-button__width-100 is-style-outline is-style-outline--15\"><a class=\"wp-block-button__link wp-element-button\" href=\"https:\/\/alancamposcpr.com\/inicio\/cruroplastia\/\">Cruroplastia<\/a><\/div>\n\n\n\n<div class=\"wp-block-button has-custom-width wp-block-button__width-100 is-style-outline is-style-outline--16\"><a class=\"wp-block-button__link wp-element-button\" href=\"https:\/\/alancamposcpr.com\/inicio\/procedimientos-no-quirurgicos\/\">No quir\u00fargicos<\/a><\/div>\n<\/div>\n<\/div>\n<\/div>\n<\/div>\n<\/div>\n\n\n\n<aside class=\"wp-block-group alignfull is-style-section-3 has-background has-global-padding is-layout-constrained wp-container-core-group-is-layout-ca844d70 wp-block-group-is-layout-constrained\" style=\"background-color:#e7e7e7;margin-top:0;margin-bottom:0;padding-top:var(--wp--preset--spacing--30);padding-right:var(--wp--preset--spacing--50);padding-bottom:var(--wp--preset--spacing--30);padding-left:var(--wp--preset--spacing--50)\">\n<div class=\"wp-block-group is-vertical is-content-justification-center is-layout-flex wp-container-core-group-is-layout-8778ca4a wp-block-group-is-layout-flex\" style=\"min-height:360px;margin-top:0;margin-bottom:0\">\n<h2 class=\"wp-block-heading has-text-align-center has-x-large-font-size\" data-aos=\"zoom-in\" data-aos-delay=\"400\" data-aos-duration=\"1350\">Atenci\u00f3n personalizada. Cont\u00e1ctame y juntos dise\u00f1amos tu cambio<\/h2>\n\n\n\n<div style=\"height:0px\" aria-hidden=\"true\" class=\"wp-block-spacer wp-container-content-62aae154\"><\/div>\n\n\n\n<div class=\"wp-block-buttons is-content-justification-center is-layout-flex wp-container-core-buttons-is-layout-a89b3969 wp-block-buttons-is-layout-flex\">\n<div class=\"wp-block-button\" data-aos=\"zoom-in\" data-aos-delay=\"350\" data-aos-duration=\"1000\"><a class=\"wp-block-button__link has-background has-medium-font-size has-text-align-center has-custom-font-size wp-element-button\" href=\"https:\/\/wa.me\/5632630638\" style=\"background-color:#9c7b4b\" target=\"_blank\" rel=\"noreferrer noopener\">Agenda tu cita de valoraci\u00f3n<\/a><\/div>\n<\/div>\n<\/div>\n<\/aside>\n","protected":false},"excerpt":{"rendered":"<p>Braquiplastia Acerca del procedimiento Unos brazos firmes, sin exceso de piel y grasa son caracter\u00edsticas de belleza corporal. Sin embargo, esta parte de nuestro cuerpo&nbsp; sufre las consecuencias de los cambios hormonales, una alimentaci\u00f3n inadecuada o los cambios en el peso corporal. Las constantes alteraciones por estiramiento y retracci\u00f3n de la piel provocan deterioro de [&hellip;]<\/p>\n","protected":false},"author":1,"featured_media":0,"parent":0,"menu_order":8,"comment_status":"closed","ping_status":"closed","template":"page-no-title","meta":{"footnotes":""},"class_list":["post-56","page","type-page","status-publish","hentry"],"_links":{"self":[{"href":"https:\/\/alancamposcpr.com\/inicio\/wp-json\/wp\/v2\/pages\/56","targetHints":{"allow":["GET"]}}],"collection":[{"href":"https:\/\/alancamposcpr.com\/inicio\/wp-json\/wp\/v2\/pages"}],"about":[{"href":"https:\/\/alancamposcpr.com\/inicio\/wp-json\/wp\/v2\/types\/page"}],"author":[{"embeddable":true,"href":"https:\/\/alancamposcpr.com\/inicio\/wp-json\/wp\/v2\/users\/1"}],"replies":[{"embeddable":true,"href":"https:\/\/alancamposcpr.com\/inicio\/wp-json\/wp\/v2\/comments?post=56"}],"version-history":[{"count":11,"href":"https:\/\/alancamposcpr.com\/inicio\/wp-json\/wp\/v2\/pages\/56\/revisions"}],"predecessor-version":[{"id":634,"href":"https:\/\/alancamposcpr.com\/inicio\/wp-json\/wp\/v2\/pages\/56\/revisions\/634"}],"wp:attachment":[{"href":"https:\/\/alancamposcpr.com\/inicio\/wp-json\/wp\/v2\/media?parent=56"}],"curies":[{"name":"wp","href":"https:\/\/api.w.org\/{rel}","templated":true}]}}