{"id":649,"date":"2025-07-02T17:20:55","date_gmt":"2025-07-02T23:20:55","guid":{"rendered":"https:\/\/alancamposcpr.com\/inicio\/?page_id=649"},"modified":"2025-07-02T18:22:01","modified_gmt":"2025-07-03T00:22:01","slug":"skin-boosters","status":"publish","type":"page","link":"https:\/\/alancamposcpr.com\/inicio\/skin-boosters\/","title":{"rendered":"Skin Boosters"},"content":{"rendered":"\n<div class=\"wp-block-group alignfull has-background has-global-padding is-layout-constrained wp-container-core-group-is-layout-5686dad4 wp-block-group-is-layout-constrained\" style=\"background-color:#9c7b4b;margin-top:0;margin-bottom:0;padding-top:var(--wp--preset--spacing--40);padding-right:var(--wp--preset--spacing--50);padding-bottom:var(--wp--preset--spacing--40);padding-left:var(--wp--preset--spacing--50)\">\n<h1 class=\"wp-block-heading has-text-align-center has-base-2-color has-text-color has-link-color has-x-large-font-size wp-elements-dd02d0b19e4f0a767ab341a13da89092\" data-aos=\"slide-up\" data-aos-delay=\"400\" data-aos-duration=\"1100\"><strong>Skin Boosters<\/strong><\/h1>\n<\/div>\n\n\n\n<div class=\"wp-block-group alignfull has-base-2-color has-text-color has-background has-link-color wp-elements-fb87ec15e22ac1cc29b857bbe69e89cf has-global-padding is-layout-constrained wp-container-core-group-is-layout-b673cb31 wp-block-group-is-layout-constrained\" style=\"background-color:#34316c;margin-top:0;margin-bottom:0;padding-top:var(--wp--preset--spacing--30);padding-right:var(--wp--preset--spacing--50);padding-bottom:var(--wp--preset--spacing--30);padding-left:var(--wp--preset--spacing--50)\">\n<div class=\"wp-block-columns alignwide are-vertically-aligned-center is-layout-flex wp-container-core-columns-is-layout-47c06fe3 wp-block-columns-is-layout-flex\">\n<div class=\"wp-block-column is-vertically-aligned-center is-layout-flow wp-block-column-is-layout-flow\" style=\"flex-basis:50%\">\n<h2 class=\"wp-block-heading has-text-color has-link-color has-large-font-size wp-elements-8c48530739b256d7caa749c87fa6ae66\" style=\"color:#d6b380\">Acerca del procedimiento<\/h2>\n\n\n\n<p>Los Skin Boosters contienen \u00e1cido hialur\u00f3nico, vitaminas, amino\u00e1cidos, \u00e1cidos nucl\u00e9icos, minerales y antioxidantes.<\/p>\n\n\n\n<p>Se inyectan en las capas superficiales de la piel, promoviendo la hidrataci\u00f3n, elasticidad y firmeza desde el interior.<\/p>\n\n\n\n<ul class=\"wp-block-list\">\n<li>Ayudan a mantener la humedad en la piel, mejorando su hidrataci\u00f3n, suavidad y brillo.<\/li>\n\n\n\n<li>Aumentan la elasticidad de la piel y la hacen m\u00e1s suave al tacto, cerrando los poros.<\/li>\n<\/ul>\n<\/div>\n\n\n\n<div class=\"wp-block-column is-vertically-aligned-center is-layout-flow wp-block-column-is-layout-flow\" style=\"flex-basis:50%\">\n<figure data-aos-duration=\"800\" data-aos-easing=\"ease-out-cubic\" data-aos-once=\"true\" data-aos=\"scale-in-x\" class=\"wp-block-image size-full is-style-rounded is-style-rounded--1\"><img loading=\"lazy\" decoding=\"async\" width=\"772\" height=\"800\" src=\"https:\/\/alancamposcpr.com\/inicio\/wp-content\/uploads\/2025\/06\/skin1.webp\" alt=\"\" class=\"wp-image-442\" style=\"aspect-ratio:4\/3;object-fit:cover\" srcset=\"https:\/\/alancamposcpr.com\/inicio\/wp-content\/uploads\/2025\/06\/skin1.webp 772w, https:\/\/alancamposcpr.com\/inicio\/wp-content\/uploads\/2025\/06\/skin1-290x300.webp 290w, https:\/\/alancamposcpr.com\/inicio\/wp-content\/uploads\/2025\/06\/skin1-768x796.webp 768w\" sizes=\"auto, (max-width: 772px) 100vw, 772px\" \/><\/figure>\n<\/div>\n<\/div>\n<\/div>\n\n\n\n<div class=\"wp-block-group alignfull has-background has-global-padding is-layout-constrained wp-container-core-group-is-layout-b673cb31 wp-block-group-is-layout-constrained\" style=\"background-color:#e7e7e7;margin-top:0;margin-bottom:0;padding-top:var(--wp--preset--spacing--30);padding-right:var(--wp--preset--spacing--50);padding-bottom:var(--wp--preset--spacing--30);padding-left:var(--wp--preset--spacing--50)\">\n<div class=\"wp-block-columns alignwide is-layout-flex wp-container-core-columns-is-layout-1da03c2a wp-block-columns-is-layout-flex\">\n<div class=\"wp-block-column is-vertically-aligned-center is-layout-flow wp-block-column-is-layout-flow\" style=\"flex-basis:60%\">\n<figure data-aos-duration=\"800\" data-aos-easing=\"ease-out-cubic\" data-aos-once=\"true\" data-aos=\"scale-in-x\" class=\"wp-block-image size-full is-style-rounded wp-duotone-unset-3 is-style-rounded--2\"><img loading=\"lazy\" decoding=\"async\" width=\"799\" height=\"439\" src=\"https:\/\/alancamposcpr.com\/inicio\/wp-content\/uploads\/2025\/06\/skin2.webp\" alt=\"\" class=\"wp-image-447\" style=\"aspect-ratio:16\/9;object-fit:cover\" srcset=\"https:\/\/alancamposcpr.com\/inicio\/wp-content\/uploads\/2025\/06\/skin2.webp 799w, https:\/\/alancamposcpr.com\/inicio\/wp-content\/uploads\/2025\/06\/skin2-300x165.webp 300w, https:\/\/alancamposcpr.com\/inicio\/wp-content\/uploads\/2025\/06\/skin2-768x422.webp 768w\" sizes=\"auto, (max-width: 799px) 100vw, 799px\" \/><\/figure>\n<\/div>\n\n\n\n<div class=\"wp-block-column is-layout-flow wp-block-column-is-layout-flow\" style=\"flex-basis:40%\">\n<p>Brindan a la piel un brillo natural y saludable, haci\u00e9ndola lucir m\u00e1s joven y fresca.<\/p>\n\n\n\n<p>Minimizan las arrugas finas, dando un aspecto rejuvenecido.<\/p>\n\n\n\n<p>Mejora la pigmentaci\u00f3n de la piel logrando un tono uniforme.<\/p>\n\n\n\n<p><strong>\u00c1reas de aplicaci\u00f3n de skin boosters<\/strong><\/p>\n\n\n\n<ul class=\"wp-block-list\">\n<li>Manos<\/li>\n\n\n\n<li>Cara<\/li>\n\n\n\n<li>Ojeras<\/li>\n\n\n\n<li>Cuello y escote<\/li>\n<\/ul>\n<\/div>\n<\/div>\n<\/div>\n\n\n\n<div class=\"wp-block-group alignfull has-background has-global-padding is-layout-constrained wp-container-core-group-is-layout-18357c81 wp-block-group-is-layout-constrained\" style=\"background-color:#9c7b4b;margin-top:0;margin-bottom:0;padding-top:var(--wp--preset--spacing--10);padding-right:var(--wp--preset--spacing--50);padding-bottom:var(--wp--preset--spacing--10);padding-left:var(--wp--preset--spacing--50)\">\n<h1 class=\"wp-block-heading has-text-align-center has-base-2-color has-text-color has-link-color has-x-large-font-size wp-elements-741373a563abdb4e526354329e37f03d\" data-aos=\"zoom-in\" data-aos-duration=\"1100\">M\u00e1s procedimientos<\/h1>\n<\/div>\n\n\n\n<div class=\"wp-block-group alignfull has-base-2-background-color has-background has-global-padding is-layout-constrained wp-container-core-group-is-layout-aff63992 wp-block-group-is-layout-constrained\" style=\"margin-top:0;margin-bottom:0;padding-top:0;padding-right:var(--wp--preset--spacing--50);padding-bottom:0;padding-left:var(--wp--preset--spacing--50)\">\n<div class=\"wp-block-group alignwide has-base-2-background-color has-background has-global-padding is-layout-constrained wp-container-core-group-is-layout-80fb368b wp-block-group-is-layout-constrained\" style=\"border-radius:16px;padding-top:var(--wp--preset--spacing--30);padding-right:var(--wp--preset--spacing--30);padding-bottom:var(--wp--preset--spacing--30);padding-left:var(--wp--preset--spacing--30)\">\n<div class=\"wp-block-columns alignwide is-layout-flex wp-container-core-columns-is-layout-06670bbc wp-block-columns-is-layout-flex\">\n<div class=\"wp-block-column is-layout-flow wp-block-column-is-layout-flow\" style=\"border-top-style:none;border-top-width:0px;padding-top:var(--wp--preset--spacing--30);padding-right:var(--wp--preset--spacing--30);padding-bottom:var(--wp--preset--spacing--10);padding-left:var(--wp--preset--spacing--30)\">\n<div class=\"wp-block-buttons is-content-justification-center is-layout-flex wp-container-core-buttons-is-layout-a89b3969 wp-block-buttons-is-layout-flex\">\n<div class=\"wp-block-button has-custom-width wp-block-button__width-100 is-style-outline is-style-outline--4\"><a class=\"wp-block-button__link wp-element-button\" href=\"https:\/\/alancamposcpr.com\/inicio\/aumento-mamario\/\">Aumento mamario<\/a><\/div>\n\n\n\n<div class=\"wp-block-button has-custom-width wp-block-button__width-100 is-style-outline is-style-outline--5\"><a class=\"wp-block-button__link wp-element-button\" href=\"https:\/\/alancamposcpr.com\/inicio\/reduccion-mamaria\/\">Reducci\u00f3n mamaria<\/a><\/div>\n\n\n\n<div class=\"wp-block-button has-custom-width wp-block-button__width-100 is-style-outline is-style-outline--6\"><a class=\"wp-block-button__link wp-element-button\" href=\"https:\/\/alancamposcpr.com\/inicio\/ginecomastia\/\">Ginecomastia<\/a><\/div>\n\n\n\n<div class=\"wp-block-button has-custom-width wp-block-button__width-100 is-style-outline is-style-outline--7\"><a class=\"wp-block-button__link wp-element-button\" href=\"https:\/\/alancamposcpr.com\/inicio\/levantamiento-de-senos\/\">Levantamiento de senos<\/a><\/div>\n\n\n\n<div class=\"wp-block-button has-custom-width wp-block-button__width-100 is-style-outline is-style-outline--8\"><a class=\"wp-block-button__link wp-element-button\" href=\"https:\/\/alancamposcpr.com\/inicio\/facelift\/\">Facelift<\/a><\/div>\n<\/div>\n<\/div>\n\n\n\n<div class=\"wp-block-column is-layout-flow wp-block-column-is-layout-flow\" style=\"border-top-style:none;border-top-width:0px;padding-top:var(--wp--preset--spacing--30);padding-right:var(--wp--preset--spacing--30);padding-bottom:var(--wp--preset--spacing--10);padding-left:var(--wp--preset--spacing--30)\">\n<div class=\"wp-block-buttons is-content-justification-center is-layout-flex wp-container-core-buttons-is-layout-a89b3969 wp-block-buttons-is-layout-flex\">\n<div class=\"wp-block-button has-custom-width wp-block-button__width-100 is-style-outline is-style-outline--9\"><a class=\"wp-block-button__link wp-element-button\" href=\"https:\/\/alancamposcpr.com\/inicio\/rinoplastia\/\">Rinoplastia<\/a><\/div>\n\n\n\n<div class=\"wp-block-button has-custom-width wp-block-button__width-100 is-style-outline is-style-outline--10\"><a class=\"wp-block-button__link wp-element-button\" href=\"https:\/\/alancamposcpr.com\/inicio\/otoplastia\/\">Otoplastia<\/a><\/div>\n\n\n\n<div class=\"wp-block-button has-custom-width wp-block-button__width-100 is-style-outline is-style-outline--11\"><a class=\"wp-block-button__link wp-element-button\" href=\"https:\/\/alancamposcpr.com\/inicio\/blefaroplastia\/\">Blefaroplastia<\/a><\/div>\n\n\n\n<div class=\"wp-block-button has-custom-width wp-block-button__width-100 is-style-outline is-style-outline--12\"><a class=\"wp-block-button__link wp-element-button\" href=\"https:\/\/alancamposcpr.com\/inicio\/mentoplastia\/\">Mentoplastia<\/a><\/div>\n\n\n\n<div class=\"wp-block-button has-custom-width wp-block-button__width-100 is-style-outline is-style-outline--13\"><a class=\"wp-block-button__link wp-element-button\" href=\"https:\/\/alancamposcpr.com\/inicio\/bichectomia\/\">Bichectom\u00eda<\/a><\/div>\n<\/div>\n<\/div>\n\n\n\n<div class=\"wp-block-column is-layout-flow wp-block-column-is-layout-flow\" style=\"border-top-style:none;border-top-width:0px;padding-top:var(--wp--preset--spacing--30);padding-right:var(--wp--preset--spacing--30);padding-bottom:var(--wp--preset--spacing--10);padding-left:var(--wp--preset--spacing--30)\">\n<div class=\"wp-block-buttons is-content-justification-center is-layout-flex wp-container-core-buttons-is-layout-a89b3969 wp-block-buttons-is-layout-flex\">\n<div class=\"wp-block-button has-custom-width wp-block-button__width-100 is-style-outline is-style-outline--14\"><a class=\"wp-block-button__link wp-element-button\" href=\"https:\/\/alancamposcpr.com\/inicio\/lipoabdominoplastia\/\">Lipoabdominoplastia<\/a><\/div>\n\n\n\n<div class=\"wp-block-button has-custom-width wp-block-button__width-100 is-style-outline is-style-outline--15\"><a class=\"wp-block-button__link wp-element-button\" href=\"https:\/\/alancamposcpr.com\/inicio\/lipoescultura\/\">Lipoescultura<\/a><\/div>\n\n\n\n<div class=\"wp-block-button has-custom-width wp-block-button__width-100 is-style-outline is-style-outline--16\"><a class=\"wp-block-button__link wp-element-button\" href=\"https:\/\/alancamposcpr.com\/inicio\/braquiplastia\/\">Braquiplastia<\/a><\/div>\n\n\n\n<div class=\"wp-block-button has-custom-width wp-block-button__width-100 is-style-outline is-style-outline--17\"><a class=\"wp-block-button__link wp-element-button\" href=\"https:\/\/alancamposcpr.com\/inicio\/cruroplastia\/\">Cruroplastia<\/a><\/div>\n\n\n\n<div class=\"wp-block-button has-custom-width wp-block-button__width-100 is-style-outline is-style-outline--18\"><a class=\"wp-block-button__link wp-element-button\" href=\"https:\/\/alancamposcpr.com\/inicio\/procedimientos-no-quirurgicos\/\">No quir\u00fargicos<\/a><\/div>\n<\/div>\n<\/div>\n<\/div>\n<\/div>\n<\/div>\n\n\n\n<aside class=\"wp-block-group alignfull is-style-section-3 has-background has-global-padding is-layout-constrained wp-container-core-group-is-layout-ca844d70 wp-block-group-is-layout-constrained\" style=\"background-color:#e7e7e7;margin-top:0;margin-bottom:0;padding-top:var(--wp--preset--spacing--30);padding-right:var(--wp--preset--spacing--50);padding-bottom:var(--wp--preset--spacing--30);padding-left:var(--wp--preset--spacing--50)\">\n<div class=\"wp-block-group is-vertical is-content-justification-center is-layout-flex wp-container-core-group-is-layout-8778ca4a wp-block-group-is-layout-flex\" style=\"min-height:360px;margin-top:0;margin-bottom:0\">\n<h2 class=\"wp-block-heading has-text-align-center has-x-large-font-size\" data-aos=\"zoom-in\" data-aos-delay=\"400\" data-aos-duration=\"1350\">Atenci\u00f3n personalizada. Cont\u00e1ctame y juntos dise\u00f1amos tu cambio<\/h2>\n\n\n\n<div style=\"height:0px\" aria-hidden=\"true\" class=\"wp-block-spacer wp-container-content-62aae154\"><\/div>\n\n\n\n<div class=\"wp-block-buttons is-content-justification-center is-layout-flex wp-container-core-buttons-is-layout-a89b3969 wp-block-buttons-is-layout-flex\">\n<div class=\"wp-block-button\" data-aos=\"zoom-in\" data-aos-delay=\"350\" data-aos-duration=\"1000\"><a class=\"wp-block-button__link has-background has-medium-font-size has-text-align-center has-custom-font-size wp-element-button\" href=\"https:\/\/wa.me\/5632630638\" style=\"background-color:#9c7b4b\" target=\"_blank\" rel=\"noreferrer noopener\">Agenda tu cita de valoraci\u00f3n<\/a><\/div>\n<\/div>\n<\/div>\n<\/aside>\n","protected":false},"excerpt":{"rendered":"<p>Skin Boosters Acerca del procedimiento Los Skin Boosters contienen \u00e1cido hialur\u00f3nico, vitaminas, amino\u00e1cidos, \u00e1cidos nucl\u00e9icos, minerales y antioxidantes. Se inyectan en las capas superficiales de la piel, promoviendo la hidrataci\u00f3n, elasticidad y firmeza desde el interior. Brindan a la piel un brillo natural y saludable, haci\u00e9ndola lucir m\u00e1s joven y fresca. Minimizan las arrugas finas, [&hellip;]<\/p>\n","protected":false},"author":1,"featured_media":0,"parent":0,"menu_order":9,"comment_status":"closed","ping_status":"closed","template":"page-no-title","meta":{"footnotes":""},"class_list":["post-649","page","type-page","status-publish","hentry"],"_links":{"self":[{"href":"https:\/\/alancamposcpr.com\/inicio\/wp-json\/wp\/v2\/pages\/649","targetHints":{"allow":["GET"]}}],"collection":[{"href":"https:\/\/alancamposcpr.com\/inicio\/wp-json\/wp\/v2\/pages"}],"about":[{"href":"https:\/\/alancamposcpr.com\/inicio\/wp-json\/wp\/v2\/types\/page"}],"author":[{"embeddable":true,"href":"https:\/\/alancamposcpr.com\/inicio\/wp-json\/wp\/v2\/users\/1"}],"replies":[{"embeddable":true,"href":"https:\/\/alancamposcpr.com\/inicio\/wp-json\/wp\/v2\/comments?post=649"}],"version-history":[{"count":8,"href":"https:\/\/alancamposcpr.com\/inicio\/wp-json\/wp\/v2\/pages\/649\/revisions"}],"predecessor-version":[{"id":689,"href":"https:\/\/alancamposcpr.com\/inicio\/wp-json\/wp\/v2\/pages\/649\/revisions\/689"}],"wp:attachment":[{"href":"https:\/\/alancamposcpr.com\/inicio\/wp-json\/wp\/v2\/media?parent=649"}],"curies":[{"name":"wp","href":"https:\/\/api.w.org\/{rel}","templated":true}]}}