{"id":72,"date":"2025-06-20T19:05:42","date_gmt":"2025-06-20T19:05:42","guid":{"rendered":"https:\/\/alancamposcpr.com\/inicio\/?page_id=72"},"modified":"2025-07-01T17:02:02","modified_gmt":"2025-07-01T23:02:02","slug":"aviso-de-privacidad","status":"publish","type":"page","link":"https:\/\/alancamposcpr.com\/inicio\/aviso-de-privacidad\/","title":{"rendered":"Aviso de privacidad"},"content":{"rendered":"\n<div class=\"wp-block-group alignfull has-background has-global-padding is-layout-constrained wp-container-core-group-is-layout-5686dad4 wp-block-group-is-layout-constrained\" style=\"background-color:#9c7b4b;margin-top:0;margin-bottom:0;padding-top:var(--wp--preset--spacing--40);padding-right:var(--wp--preset--spacing--50);padding-bottom:var(--wp--preset--spacing--40);padding-left:var(--wp--preset--spacing--50)\">\n<h1 class=\"wp-block-heading has-text-align-center has-base-2-color has-text-color has-link-color has-x-large-font-size wp-elements-0a75f39704e7fcec7fde661b02714e91\" data-aos=\"slide-up\" data-aos-delay=\"500\" data-aos-duration=\"1450\"><em>Aviso de privacidad<\/em><\/h1>\n<\/div>\n\n\n\n<div class=\"wp-block-group alignfull has-base-background-color has-background has-global-padding is-layout-constrained wp-container-core-group-is-layout-d89aad35 wp-block-group-is-layout-constrained\" style=\"margin-top:0;margin-bottom:0;padding-top:var(--wp--preset--spacing--50);padding-right:var(--wp--preset--spacing--50);padding-bottom:var(--wp--preset--spacing--50);padding-left:var(--wp--preset--spacing--50)\">\n<div class=\"wp-block-columns alignwide is-layout-flex wp-container-core-columns-is-layout-549b0c86 wp-block-columns-is-layout-flex\">\n<div class=\"wp-block-column is-layout-flow wp-container-core-column-is-layout-119bc444 wp-block-column-is-layout-flow\" style=\"flex-basis:60%\">\n<div class=\"wp-block-columns is-layout-flex wp-container-core-columns-is-layout-87beb0d0 wp-block-columns-is-layout-flex\">\n<div class=\"wp-block-column is-layout-flow wp-block-column-is-layout-flow\">\n<p class=\"has-text-color has-link-color has-large-font-size wp-elements-4bd4a7b99d8314426fcdd10223708b26 wp-container-content-9cfa9a5a\" style=\"color:#9c7b4b\"><strong>Pol\u00edticas de privacidad<\/strong><\/p>\n\n\n\n<p>El Doctor Alan Hdz Campos, valora tu privacidad y se compromete a proteger tus datos personales. Esta pol\u00edtica de privacidad describe c\u00f3mo recopilamos, utilizamos, compartimos y protegemos la informaci\u00f3n que nos proporcionas al utilizar nuestra p\u00e1gina web.<\/p>\n\n\n\n<p><strong>\u00bfQu\u00e9 informaci\u00f3n recopilamos?<\/strong><\/p>\n\n\n\n<p>Podemos recopilar la siguiente informaci\u00f3n cuando interact\u00faas con nuestro sitio web:<\/p>\n\n\n\n<ul class=\"wp-block-list\">\n<li>Informaci\u00f3n personal: Nombre, direcci\u00f3n de correo electr\u00f3nico, n\u00famero de tel\u00e9fono, fecha de nacimiento, g\u00e9nero e historial m\u00e9dico.<\/li>\n\n\n\n<li>Informaci\u00f3n de uso: Datos sobre c\u00f3mo utilizas nuestro sitio web, como las p\u00e1ginas que visitas, los enlaces en los que haces clic y la duraci\u00f3n de tus visitas.<\/li>\n<\/ul>\n\n\n\n<ul class=\"wp-block-list\">\n<li>Informaci\u00f3n del dispositivo: Tipo de dispositivo, sistema operativo, direcci\u00f3n IP y otra informaci\u00f3n t\u00e9cnica.<\/li>\n<\/ul>\n\n\n\n<p><strong>\u00bfC\u00f3mo utilizamos tu informaci\u00f3n?<\/strong><\/p>\n\n\n\n<p>Utilizamos tu informaci\u00f3n con los siguientes fines:<\/p>\n\n\n\n<ul class=\"wp-block-list\">\n<li>Proporcionar nuestros servicios: Para brindarte atenci\u00f3n m\u00e9dica personalizada y seguimiento adecuado.<\/li>\n\n\n\n<li>Comunicaci\u00f3n: Para responder a tus consultas, enviar recordatorios de citas y otra informaci\u00f3n relevante.<\/li>\n\n\n\n<li>Mejora de nuestros servicios: Para analizar el uso de nuestro sitio web y mejorar la experiencia del usuario.<\/li>\n\n\n\n<li>Cumplimiento legal: Para cumplir con las leyes y regulaciones aplicables.<\/li>\n<\/ul>\n\n\n\n<p><strong>Consultas Online<\/strong><\/p>\n\n\n\n<p>Entendemos la importancia de la confidencialidad en las consultas m\u00e9dicas online. Tu informaci\u00f3n personal proporcionada a trav\u00e9s de nuestras consultas online ser\u00e1 tratada con el m\u00e1s alto nivel de confidencialidad. Tus datos:<\/p>\n\n\n\n<ul class=\"wp-block-list\">\n<li>No ser\u00e1n publicados: En ning\u00fan momento tus datos personales ser\u00e1n compartidos p\u00fablicamente.<\/li>\n\n\n\n<li>Uso exclusivo: Se utilizar\u00e1n exclusivamente para fines m\u00e9dicos internos, como el seguimiento de tu historial cl\u00ednico, la elaboraci\u00f3n de diagn\u00f3sticos y la planificaci\u00f3n de tratamientos.<\/li>\n\n\n\n<li>Seguridad: Empleamos medidas de seguridad robustas para proteger tus datos de accesos no autorizados.<\/li>\n<\/ul>\n\n\n\n<p><strong>&nbsp;\u00bfC\u00f3mo compartimos tu informaci\u00f3n?<\/strong><\/p>\n\n\n\n<p>Podemos compartir tu informaci\u00f3n con:<\/p>\n\n\n\n<ul class=\"wp-block-list\">\n<li>Proveedores de servicios: Con empresas que nos ayudan a prestar nuestros servicios, como proveedores de alojamiento web y sistemas de gesti\u00f3n de relaciones con los clientes.<\/li>\n\n\n\n<li>Profesionales de la salud: Con otros profesionales de la salud involucrados en tu atenci\u00f3n m\u00e9dica, siempre que sea necesario para brindarte un tratamiento adecuado.<\/li>\n\n\n\n<li>Autoridades competentes: En cumplimiento de una orden judicial o cualquier otra obligaci\u00f3n legal.<\/li>\n<\/ul>\n\n\n\n<p><strong>Seguridad de tus datos<\/strong><\/p>\n\n\n\n<p>Implementamos medidas de seguridad t\u00e9cnicas y administrativas para proteger tu informaci\u00f3n personal de p\u00e9rdidas, accesos no autorizados, divulgaci\u00f3n, alteraci\u00f3n o destrucci\u00f3n.<\/p>\n\n\n\n<p><strong>Tus derechos<\/strong><\/p>\n\n\n\n<p>Tienes derecho a:<\/p>\n\n\n\n<ul class=\"wp-block-list\">\n<li>Acceder a tu informaci\u00f3n: Puedes solicitar una copia de tus datos personales.<\/li>\n\n\n\n<li>Corregir tu informaci\u00f3n: Si encuentras alg\u00fan error en tus datos, puedes solicitar su correcci\u00f3n.<\/li>\n\n\n\n<li>Eliminar tu informaci\u00f3n: Puedes solicitar la eliminaci\u00f3n de tus datos personales.<\/li>\n\n\n\n<li>Oponerte al procesamiento: Puedes oponerte al procesamiento de tus datos en determinadas circunstancias.<\/li>\n<\/ul>\n\n\n\n<p><strong>Cambios en esta pol\u00edtica<\/strong><\/p>\n\n\n\n<p>Podemos actualizar esta pol\u00edtica de privacidad peri\u00f3dicamente. Te recomendamos revisar esta p\u00e1gina regularmente para conocer las \u00faltimas actualizaciones.<\/p>\n\n\n\n<p><strong>Contacto<\/strong><\/p>\n\n\n\n<p class=\"wp-container-content-9cfa9a5a\">Si tienes alguna pregunta sobre esta pol\u00edtica de privacidad, puedes contactarnos a trav\u00e9s de Dr.alan.campos.hdz@gmail.com<\/p>\n<\/div>\n<\/div>\n<\/div>\n<\/div>\n<\/div>\n","protected":false},"excerpt":{"rendered":"<p>Aviso de privacidad Pol\u00edticas de privacidad El Doctor Alan Hdz Campos, valora tu privacidad y se compromete a proteger tus datos personales. Esta pol\u00edtica de privacidad describe c\u00f3mo recopilamos, utilizamos, compartimos y protegemos la informaci\u00f3n que nos proporcionas al utilizar nuestra p\u00e1gina web. \u00bfQu\u00e9 informaci\u00f3n recopilamos? Podemos recopilar la siguiente informaci\u00f3n cuando interact\u00faas con nuestro [&hellip;]<\/p>\n","protected":false},"author":1,"featured_media":0,"parent":0,"menu_order":10,"comment_status":"closed","ping_status":"closed","template":"page-no-title","meta":{"footnotes":""},"class_list":["post-72","page","type-page","status-publish","hentry"],"_links":{"self":[{"href":"https:\/\/alancamposcpr.com\/inicio\/wp-json\/wp\/v2\/pages\/72","targetHints":{"allow":["GET"]}}],"collection":[{"href":"https:\/\/alancamposcpr.com\/inicio\/wp-json\/wp\/v2\/pages"}],"about":[{"href":"https:\/\/alancamposcpr.com\/inicio\/wp-json\/wp\/v2\/types\/page"}],"author":[{"embeddable":true,"href":"https:\/\/alancamposcpr.com\/inicio\/wp-json\/wp\/v2\/users\/1"}],"replies":[{"embeddable":true,"href":"https:\/\/alancamposcpr.com\/inicio\/wp-json\/wp\/v2\/comments?post=72"}],"version-history":[{"count":3,"href":"https:\/\/alancamposcpr.com\/inicio\/wp-json\/wp\/v2\/pages\/72\/revisions"}],"predecessor-version":[{"id":642,"href":"https:\/\/alancamposcpr.com\/inicio\/wp-json\/wp\/v2\/pages\/72\/revisions\/642"}],"wp:attachment":[{"href":"https:\/\/alancamposcpr.com\/inicio\/wp-json\/wp\/v2\/media?parent=72"}],"curies":[{"name":"wp","href":"https:\/\/api.w.org\/{rel}","templated":true}]}}